{"id":1287,"date":"2024-04-08T18:26:40","date_gmt":"2024-04-08T16:26:40","guid":{"rendered":"https:\/\/elnasl.eu\/?page_id=1287"},"modified":"2025-01-14T11:31:51","modified_gmt":"2025-01-14T10:31:51","slug":"robofil-440p","status":"publish","type":"page","link":"https:\/\/elnasl.eu\/en\/robofil-440p","title":{"rendered":"ROBOFIL 440P"},"content":{"rendered":"<div data-elementor-type=\"wp-page\" data-elementor-id=\"1287\" class=\"elementor elementor-1287\" data-elementor-post-type=\"page\">\n\t\t\t\t\t\t<section class=\"elementor-section elementor-top-section elementor-element elementor-element-58e6432 elementor-section-boxed elementor-section-height-default elementor-section-height-default\" data-id=\"58e6432\" data-element_type=\"section\" data-settings=\"{&quot;background_background&quot;:&quot;classic&quot;}\">\n\t\t\t\t\t\t\t<div class=\"elementor-background-overlay\"><\/div>\n\t\t\t\t\t\t\t<div class=\"elementor-container elementor-column-gap-no\">\n\t\t\t\t\t<div class=\"elementor-column elementor-col-100 elementor-top-column elementor-element elementor-element-8ad6e7d\" data-id=\"8ad6e7d\" data-element_type=\"column\">\n\t\t\t<div class=\"elementor-widget-wrap elementor-element-populated\">\n\t\t\t\t\t\t<div class=\"elementor-element elementor-element-6cb3bd7 elementor-invisible elementor-widget elementor-widget-heading\" data-id=\"6cb3bd7\" data-element_type=\"widget\" data-settings=\"{&quot;_animation&quot;:&quot;fadeIn&quot;}\" data-widget_type=\"heading.default\">\n\t\t\t\t<div class=\"elementor-widget-container\">\n\t\t\t\t\t<h1 class=\"elementor-heading-title elementor-size-default\">ROBOFIL 440P\n<\/h1>\t\t\t\t<\/div>\n\t\t\t\t<\/div>\n\t\t\t\t\t<\/div>\n\t\t<\/div>\n\t\t\t\t\t<\/div>\n\t\t<\/section>\n\t\t\t\t<section class=\"elementor-section elementor-top-section elementor-element elementor-element-1f97a36 elementor-section-boxed elementor-section-height-default elementor-section-height-default\" data-id=\"1f97a36\" data-element_type=\"section\">\n\t\t\t\t\t\t<div class=\"elementor-container elementor-column-gap-default\">\n\t\t\t\t\t<div class=\"elementor-column elementor-col-100 elementor-top-column elementor-element elementor-element-e9983e6\" data-id=\"e9983e6\" data-element_type=\"column\">\n\t\t\t<div class=\"elementor-widget-wrap elementor-element-populated\">\n\t\t\t\t\t\t<div class=\"elementor-element elementor-element-f9646a4 elementor-view-default elementor-invisible elementor-widget elementor-widget-icon\" data-id=\"f9646a4\" data-element_type=\"widget\" data-settings=\"{&quot;_animation&quot;:&quot;fadeIn&quot;}\" data-widget_type=\"icon.default\">\n\t\t\t\t<div class=\"elementor-widget-container\">\n\t\t\t\t\t\t\t<div class=\"elementor-icon-wrapper\">\n\t\t\t<a class=\"elementor-icon\" href=\"\/en\/maquinaria\/\">\n\t\t\t<svg aria-hidden=\"true\" class=\"e-font-icon-svg e-fas-long-arrow-alt-left\" viewbox=\"0 0 448 512\" xmlns=\"http:\/\/www.w3.org\/2000\/svg\"><path d=\"M134.059 296H436c6.627 0 12-5.373 12-12v-56c0-6.627-5.373-12-12-12H134.059v-46.059c0-21.382-25.851-32.09-40.971-16.971L7.029 239.029c-9.373 9.373-9.373 24.569 0 33.941l86.059 86.059c15.119 15.119 40.971 4.411 40.971-16.971V296z\"><\/path><\/svg>\t\t\t<\/a>\n\t\t<\/div>\n\t\t\t\t\t\t<\/div>\n\t\t\t\t<\/div>\n\t\t\t\t<section class=\"elementor-section elementor-inner-section elementor-element elementor-element-ae8116b elementor-section-boxed elementor-section-height-default elementor-section-height-default\" data-id=\"ae8116b\" data-element_type=\"section\">\n\t\t\t\t\t\t<div class=\"elementor-container elementor-column-gap-default\">\n\t\t\t\t\t<div class=\"elementor-column elementor-col-50 elementor-inner-column elementor-element elementor-element-d3c4d92 elementor-invisible\" data-id=\"d3c4d92\" data-element_type=\"column\" data-settings=\"{&quot;animation&quot;:&quot;fadeIn&quot;}\">\n\t\t\t<div class=\"elementor-widget-wrap elementor-element-populated\">\n\t\t\t\t\t\t<div class=\"elementor-element elementor-element-d0434b5 elementor-widget elementor-widget-heading\" data-id=\"d0434b5\" data-element_type=\"widget\" data-widget_type=\"heading.default\">\n\t\t\t\t<div class=\"elementor-widget-container\">\n\t\t\t\t\t<h2 class=\"elementor-heading-title elementor-size-default\">Wire EDM<\/h2>\t\t\t\t<\/div>\n\t\t\t\t<\/div>\n\t\t\t\t<div class=\"elementor-element elementor-element-fde273f elementor-widget elementor-widget-text-editor\" data-id=\"fde273f\" data-element_type=\"widget\" data-widget_type=\"text-editor.default\">\n\t\t\t\t<div class=\"elementor-widget-container\">\n\t\t\t\t\t\t\t\t\t<p>\u00a0<\/p><ul><li>Cutting method: Immersion<\/li><li>Max. attack dimensions: 550 x 350 mm<\/li><li>Max angle of attack: +\/- 30\u00ba<\/li><li>Max. piece height: 400 mm<\/li><li>Max. piece weight: 1,500 Kg<\/li><li>Max. piece dimensions: 1,200 x 700 x 400 mm<\/li><\/ul>\t\t\t\t\t\t\t\t<\/div>\n\t\t\t\t<\/div>\n\t\t\t\t\t<\/div>\n\t\t<\/div>\n\t\t\t\t<div class=\"elementor-column elementor-col-50 elementor-inner-column elementor-element elementor-element-05dbe85\" data-id=\"05dbe85\" data-element_type=\"column\">\n\t\t\t<div class=\"elementor-widget-wrap elementor-element-populated\">\n\t\t\t\t\t\t<div class=\"elementor-element elementor-element-a23a90b elementor-invisible elementor-widget elementor-widget-image\" data-id=\"a23a90b\" data-element_type=\"widget\" data-settings=\"{&quot;_animation&quot;:&quot;fadeIn&quot;}\" data-widget_type=\"image.default\">\n\t\t\t\t<div class=\"elementor-widget-container\">\n\t\t\t\t\t\t\t\t\t\t\t\t\t\t\t<img fetchpriority=\"high\" decoding=\"async\" width=\"1050\" height=\"994\" src=\"https:\/\/elnasl.eu\/wp-content\/uploads\/2024\/04\/FI-440-P.jpg.webp.webp\" class=\"attachment-full size-full wp-image-1219\" alt=\"ROBOFIL 440P\" srcset=\"https:\/\/elnasl.eu\/wp-content\/uploads\/2024\/04\/FI-440-P.jpg.webp.webp 1050w, https:\/\/elnasl.eu\/wp-content\/uploads\/2024\/04\/FI-440-P.jpg.webp-300x284.webp 300w, https:\/\/elnasl.eu\/wp-content\/uploads\/2024\/04\/FI-440-P.jpg.webp-1024x969.webp 1024w, https:\/\/elnasl.eu\/wp-content\/uploads\/2024\/04\/FI-440-P.jpg.webp-768x727.webp 768w\" sizes=\"(max-width: 1050px) 100vw, 1050px\" \/>\t\t\t\t\t\t\t\t\t\t\t\t\t\t\t<\/div>\n\t\t\t\t<\/div>\n\t\t\t\t\t<\/div>\n\t\t<\/div>\n\t\t\t\t\t<\/div>\n\t\t<\/section>\n\t\t\t\t\t<\/div>\n\t\t<\/div>\n\t\t\t\t\t<\/div>\n\t\t<\/section>\n\t\t<div class=\"elementor-element elementor-element-09b1431 e-con-full e-flex e-con e-parent\" data-id=\"09b1431\" data-element_type=\"container\" data-settings=\"{&quot;background_background&quot;:&quot;classic&quot;}\">\n\t\t\t\t<div class=\"elementor-element elementor-element-12a6cc7 elementor-invisible elementor-widget elementor-widget-heading\" data-id=\"12a6cc7\" data-element_type=\"widget\" data-settings=\"{&quot;_animation&quot;:&quot;fadeInDown&quot;}\" data-widget_type=\"heading.default\">\n\t\t\t\t<div class=\"elementor-widget-container\">\n\t\t\t\t\t<h2 class=\"elementor-heading-title elementor-size-default\">Contact us today to schedule a consultation and start working together to bring your ideas to life! <br>We are here to help you every step of the way.<\/h2>\t\t\t\t<\/div>\n\t\t\t\t<\/div>\n\t\t\t\t<div class=\"elementor-element elementor-element-e66a69f elementor-align-center elementor-invisible elementor-widget elementor-widget-button\" data-id=\"e66a69f\" data-element_type=\"widget\" data-settings=\"{&quot;_animation&quot;:&quot;fadeIn&quot;}\" data-widget_type=\"button.default\">\n\t\t\t\t<div class=\"elementor-widget-container\">\n\t\t\t\t\t\t\t\t\t<div class=\"elementor-button-wrapper\">\n\t\t\t\t\t<a class=\"elementor-button elementor-button-link elementor-size-sm\" href=\"https:\/\/elnasl.eu\/en\/contacto\">\n\t\t\t\t\t\t<span class=\"elementor-button-content-wrapper\">\n\t\t\t\t\t\t\t\t\t<span class=\"elementor-button-text\">CONTACT<\/span>\n\t\t\t\t\t<\/span>\n\t\t\t\t\t<\/a>\n\t\t\t\t<\/div>\n\t\t\t\t\t\t\t\t<\/div>\n\t\t\t\t<\/div>\n\t\t\t\t<\/div>\n\t\t\t\t<\/div>","protected":false},"excerpt":{"rendered":"<p>ROBOFIL 440P Electroerosi\u00f3n por hilo (EDM) \u00a0 M\u00e9todo de corte: Inmersi\u00f3n Dimensiones m\u00e1x. de ataque: 550 x 350 mm \u00c1ngulo m\u00e1x. ataque: +\/- 30\u00ba Altura m\u00e1x. pieza: 400 mm Peso m\u00e1x. pieza: 1.500 Kg Dimensiones m\u00e1x. pieza: 1.200 x 700 x 400 mm \u00a1Cont\u00e1ctanos hoy mismo para programar una consulta y comenzar a trabajar juntos [&hellip;]<\/p>","protected":false},"author":1,"featured_media":0,"parent":0,"menu_order":0,"comment_status":"closed","ping_status":"closed","template":"","meta":{"footnotes":""},"class_list":["post-1287","page","type-page","status-publish","hentry"],"yoast_head":"<!-- This site is optimized with the Yoast SEO plugin v25.2 - https:\/\/yoast.com\/wordpress\/plugins\/seo\/ -->\n<title>ROBOFIL 440P - Electroerosiones Navarra<\/title>\n<meta name=\"robots\" content=\"index, follow, max-snippet:-1, max-image-preview:large, max-video-preview:-1\" \/>\n<link rel=\"canonical\" href=\"https:\/\/elnasl.eu\/en\/robofil-440p\/\" \/>\n<meta property=\"og:locale\" content=\"en_GB\" \/>\n<meta property=\"og:type\" content=\"article\" \/>\n<meta property=\"og:title\" content=\"ROBOFIL 440P - Electroerosiones Navarra\" \/>\n<meta property=\"og:description\" content=\"ROBOFIL 440P Electroerosi\u00f3n por hilo (EDM) \u00a0 M\u00e9todo de corte: Inmersi\u00f3n Dimensiones m\u00e1x. de ataque: 550 x 350 mm \u00c1ngulo m\u00e1x. ataque: +\/- 30\u00ba Altura m\u00e1x. pieza: 400 mm Peso m\u00e1x. pieza: 1.500 Kg Dimensiones m\u00e1x. pieza: 1.200 x 700 x 400 mm \u00a1Cont\u00e1ctanos hoy mismo para programar una consulta y comenzar a trabajar juntos [&hellip;]\" \/>\n<meta property=\"og:url\" content=\"https:\/\/elnasl.eu\/en\/robofil-440p\/\" \/>\n<meta property=\"og:site_name\" content=\"Electroerosiones Navarra\" \/>\n<meta property=\"article:modified_time\" content=\"2025-01-14T10:31:51+00:00\" \/>\n<meta property=\"og:image\" content=\"https:\/\/elnasl.eu\/wp-content\/uploads\/2024\/04\/FI-440-P.jpg.webp.webp\" \/>\n<meta name=\"twitter:card\" content=\"summary_large_image\" \/>\n<meta name=\"twitter:label1\" content=\"Estimated reading time\" \/>\n\t<meta name=\"twitter:data1\" content=\"1 minute\" \/>\n<script type=\"application\/ld+json\" class=\"yoast-schema-graph\">{\"@context\":\"https:\/\/schema.org\",\"@graph\":[{\"@type\":\"WebPage\",\"@id\":\"https:\/\/elnasl.eu\/robofil-440p\",\"url\":\"https:\/\/elnasl.eu\/robofil-440p\",\"name\":\"ROBOFIL 440P - Electroerosiones Navarra\",\"isPartOf\":{\"@id\":\"https:\/\/elnasl.eu\/#website\"},\"primaryImageOfPage\":{\"@id\":\"https:\/\/elnasl.eu\/robofil-440p#primaryimage\"},\"image\":{\"@id\":\"https:\/\/elnasl.eu\/robofil-440p#primaryimage\"},\"thumbnailUrl\":\"https:\/\/elnasl.eu\/wp-content\/uploads\/2024\/04\/FI-440-P.jpg.webp.webp\",\"datePublished\":\"2024-04-08T16:26:40+00:00\",\"dateModified\":\"2025-01-14T10:31:51+00:00\",\"breadcrumb\":{\"@id\":\"https:\/\/elnasl.eu\/robofil-440p#breadcrumb\"},\"inLanguage\":\"en-GB\",\"potentialAction\":[{\"@type\":\"ReadAction\",\"target\":[\"https:\/\/elnasl.eu\/robofil-440p\"]}]},{\"@type\":\"ImageObject\",\"inLanguage\":\"en-GB\",\"@id\":\"https:\/\/elnasl.eu\/robofil-440p#primaryimage\",\"url\":\"https:\/\/elnasl.eu\/wp-content\/uploads\/2024\/04\/FI-440-P.jpg.webp.webp\",\"contentUrl\":\"https:\/\/elnasl.eu\/wp-content\/uploads\/2024\/04\/FI-440-P.jpg.webp.webp\"},{\"@type\":\"BreadcrumbList\",\"@id\":\"https:\/\/elnasl.eu\/robofil-440p#breadcrumb\",\"itemListElement\":[{\"@type\":\"ListItem\",\"position\":1,\"name\":\"Portada\",\"item\":\"https:\/\/elnasl.eu\/\"},{\"@type\":\"ListItem\",\"position\":2,\"name\":\"ROBOFIL 440P\"}]},{\"@type\":\"WebSite\",\"@id\":\"https:\/\/elnasl.eu\/#website\",\"url\":\"https:\/\/elnasl.eu\/\",\"name\":\"Electroerosiones Navarra\",\"description\":\"25 a\u00f1os de experiencia en mecanizados por electroerosi\u00f3n.\",\"publisher\":{\"@id\":\"https:\/\/elnasl.eu\/#organization\"},\"potentialAction\":[{\"@type\":\"SearchAction\",\"target\":{\"@type\":\"EntryPoint\",\"urlTemplate\":\"https:\/\/elnasl.eu\/?s={search_term_string}\"},\"query-input\":{\"@type\":\"PropertyValueSpecification\",\"valueRequired\":true,\"valueName\":\"search_term_string\"}}],\"inLanguage\":\"en-GB\"},{\"@type\":\"Organization\",\"@id\":\"https:\/\/elnasl.eu\/#organization\",\"name\":\"Electroerosiones Navarra\",\"url\":\"https:\/\/elnasl.eu\/\",\"logo\":{\"@type\":\"ImageObject\",\"inLanguage\":\"en-GB\",\"@id\":\"https:\/\/elnasl.eu\/#\/schema\/logo\/image\/\",\"url\":\"https:\/\/elnasl.eu\/wp-content\/uploads\/2024\/04\/elna-Recuperado-03-1.png\",\"contentUrl\":\"https:\/\/elnasl.eu\/wp-content\/uploads\/2024\/04\/elna-Recuperado-03-1.png\",\"width\":3997,\"height\":3171,\"caption\":\"Electroerosiones Navarra\"},\"image\":{\"@id\":\"https:\/\/elnasl.eu\/#\/schema\/logo\/image\/\"}}]}<\/script>\n<!-- \/ Yoast SEO plugin. -->","yoast_head_json":{"title":"ROBOFIL 440P - Electroerosiones Navarra","robots":{"index":"index","follow":"follow","max-snippet":"max-snippet:-1","max-image-preview":"max-image-preview:large","max-video-preview":"max-video-preview:-1"},"canonical":"https:\/\/elnasl.eu\/en\/robofil-440p\/","og_locale":"en_GB","og_type":"article","og_title":"ROBOFIL 440P - Electroerosiones Navarra","og_description":"ROBOFIL 440P Electroerosi\u00f3n por hilo (EDM) \u00a0 M\u00e9todo de corte: Inmersi\u00f3n Dimensiones m\u00e1x. de ataque: 550 x 350 mm \u00c1ngulo m\u00e1x. ataque: +\/- 30\u00ba Altura m\u00e1x. pieza: 400 mm Peso m\u00e1x. pieza: 1.500 Kg Dimensiones m\u00e1x. pieza: 1.200 x 700 x 400 mm \u00a1Cont\u00e1ctanos hoy mismo para programar una consulta y comenzar a trabajar juntos [&hellip;]","og_url":"https:\/\/elnasl.eu\/en\/robofil-440p\/","og_site_name":"Electroerosiones Navarra","article_modified_time":"2025-01-14T10:31:51+00:00","og_image":[{"url":"https:\/\/elnasl.eu\/wp-content\/uploads\/2024\/04\/FI-440-P.jpg.webp.webp","type":"","width":"","height":""}],"twitter_card":"summary_large_image","twitter_misc":{"Estimated reading time":"1 minute"},"schema":{"@context":"https:\/\/schema.org","@graph":[{"@type":"WebPage","@id":"https:\/\/elnasl.eu\/robofil-440p","url":"https:\/\/elnasl.eu\/robofil-440p","name":"ROBOFIL 440P - Electroerosiones Navarra","isPartOf":{"@id":"https:\/\/elnasl.eu\/#website"},"primaryImageOfPage":{"@id":"https:\/\/elnasl.eu\/robofil-440p#primaryimage"},"image":{"@id":"https:\/\/elnasl.eu\/robofil-440p#primaryimage"},"thumbnailUrl":"https:\/\/elnasl.eu\/wp-content\/uploads\/2024\/04\/FI-440-P.jpg.webp.webp","datePublished":"2024-04-08T16:26:40+00:00","dateModified":"2025-01-14T10:31:51+00:00","breadcrumb":{"@id":"https:\/\/elnasl.eu\/robofil-440p#breadcrumb"},"inLanguage":"en-GB","potentialAction":[{"@type":"ReadAction","target":["https:\/\/elnasl.eu\/robofil-440p"]}]},{"@type":"ImageObject","inLanguage":"en-GB","@id":"https:\/\/elnasl.eu\/robofil-440p#primaryimage","url":"https:\/\/elnasl.eu\/wp-content\/uploads\/2024\/04\/FI-440-P.jpg.webp.webp","contentUrl":"https:\/\/elnasl.eu\/wp-content\/uploads\/2024\/04\/FI-440-P.jpg.webp.webp"},{"@type":"BreadcrumbList","@id":"https:\/\/elnasl.eu\/robofil-440p#breadcrumb","itemListElement":[{"@type":"ListItem","position":1,"name":"Portada","item":"https:\/\/elnasl.eu\/"},{"@type":"ListItem","position":2,"name":"ROBOFIL 440P"}]},{"@type":"WebSite","@id":"https:\/\/elnasl.eu\/#website","url":"https:\/\/elnasl.eu\/","name":"Electroerosiones Navarra","description":"25 a\u00f1os de experiencia en mecanizados por electroerosi\u00f3n.","publisher":{"@id":"https:\/\/elnasl.eu\/#organization"},"potentialAction":[{"@type":"SearchAction","target":{"@type":"EntryPoint","urlTemplate":"https:\/\/elnasl.eu\/?s={search_term_string}"},"query-input":{"@type":"PropertyValueSpecification","valueRequired":true,"valueName":"search_term_string"}}],"inLanguage":"en-GB"},{"@type":"Organization","@id":"https:\/\/elnasl.eu\/#organization","name":"Electroerosiones Navarra","url":"https:\/\/elnasl.eu\/","logo":{"@type":"ImageObject","inLanguage":"en-GB","@id":"https:\/\/elnasl.eu\/#\/schema\/logo\/image\/","url":"https:\/\/elnasl.eu\/wp-content\/uploads\/2024\/04\/elna-Recuperado-03-1.png","contentUrl":"https:\/\/elnasl.eu\/wp-content\/uploads\/2024\/04\/elna-Recuperado-03-1.png","width":3997,"height":3171,"caption":"Electroerosiones Navarra"},"image":{"@id":"https:\/\/elnasl.eu\/#\/schema\/logo\/image\/"}}]}},"_links":{"self":[{"href":"https:\/\/elnasl.eu\/en\/wp-json\/wp\/v2\/pages\/1287","targetHints":{"allow":["GET"]}}],"collection":[{"href":"https:\/\/elnasl.eu\/en\/wp-json\/wp\/v2\/pages"}],"about":[{"href":"https:\/\/elnasl.eu\/en\/wp-json\/wp\/v2\/types\/page"}],"author":[{"embeddable":true,"href":"https:\/\/elnasl.eu\/en\/wp-json\/wp\/v2\/users\/1"}],"replies":[{"embeddable":true,"href":"https:\/\/elnasl.eu\/en\/wp-json\/wp\/v2\/comments?post=1287"}],"version-history":[{"count":43,"href":"https:\/\/elnasl.eu\/en\/wp-json\/wp\/v2\/pages\/1287\/revisions"}],"predecessor-version":[{"id":3972,"href":"https:\/\/elnasl.eu\/en\/wp-json\/wp\/v2\/pages\/1287\/revisions\/3972"}],"wp:attachment":[{"href":"https:\/\/elnasl.eu\/en\/wp-json\/wp\/v2\/media?parent=1287"}],"curies":[{"name":"wp","href":"https:\/\/api.w.org\/{rel}","templated":true}]}}