{"id":1326,"date":"2024-04-08T18:37:50","date_gmt":"2024-04-08T16:37:50","guid":{"rendered":"https:\/\/elnasl.eu\/?page_id=1326"},"modified":"2025-01-13T11:28:10","modified_gmt":"2025-01-13T10:28:10","slug":"ona-qx3f","status":"publish","type":"page","link":"https:\/\/elnasl.eu\/en\/ona-qx3f","title":{"rendered":"ONA QX3F"},"content":{"rendered":"<div data-elementor-type=\"wp-page\" data-elementor-id=\"1326\" class=\"elementor elementor-1326\" data-elementor-post-type=\"page\">\n\t\t\t\t\t\t<section class=\"elementor-section elementor-top-section elementor-element elementor-element-874ca40 elementor-section-boxed elementor-section-height-default elementor-section-height-default\" data-id=\"874ca40\" data-element_type=\"section\" data-settings=\"{&quot;background_background&quot;:&quot;classic&quot;}\">\n\t\t\t\t\t\t\t<div class=\"elementor-background-overlay\"><\/div>\n\t\t\t\t\t\t\t<div class=\"elementor-container elementor-column-gap-no\">\n\t\t\t\t\t<div class=\"elementor-column elementor-col-100 elementor-top-column elementor-element elementor-element-408b44e\" data-id=\"408b44e\" data-element_type=\"column\">\n\t\t\t<div class=\"elementor-widget-wrap elementor-element-populated\">\n\t\t\t\t\t\t<div class=\"elementor-element elementor-element-ddc24c3 elementor-invisible elementor-widget elementor-widget-heading\" data-id=\"ddc24c3\" data-element_type=\"widget\" data-settings=\"{&quot;_animation&quot;:&quot;fadeIn&quot;}\" data-widget_type=\"heading.default\">\n\t\t\t\t<div class=\"elementor-widget-container\">\n\t\t\t\t\t<h1 class=\"elementor-heading-title elementor-size-default\">ONA QX3F<\/h1>\t\t\t\t<\/div>\n\t\t\t\t<\/div>\n\t\t\t\t\t<\/div>\n\t\t<\/div>\n\t\t\t\t\t<\/div>\n\t\t<\/section>\n\t\t\t\t<section class=\"elementor-section elementor-top-section elementor-element elementor-element-27c9c85 elementor-section-boxed elementor-section-height-default elementor-section-height-default\" data-id=\"27c9c85\" data-element_type=\"section\">\n\t\t\t\t\t\t<div class=\"elementor-container elementor-column-gap-default\">\n\t\t\t\t\t<div class=\"elementor-column elementor-col-100 elementor-top-column elementor-element elementor-element-b798248\" data-id=\"b798248\" data-element_type=\"column\">\n\t\t\t<div class=\"elementor-widget-wrap elementor-element-populated\">\n\t\t\t\t\t\t<div class=\"elementor-element elementor-element-629df14 elementor-view-default elementor-invisible elementor-widget elementor-widget-icon\" data-id=\"629df14\" data-element_type=\"widget\" data-settings=\"{&quot;_animation&quot;:&quot;fadeIn&quot;}\" data-widget_type=\"icon.default\">\n\t\t\t\t<div class=\"elementor-widget-container\">\n\t\t\t\t\t\t\t<div class=\"elementor-icon-wrapper\">\n\t\t\t<a class=\"elementor-icon\" href=\"\/en\/maquinaria\/\">\n\t\t\t<svg aria-hidden=\"true\" class=\"e-font-icon-svg e-fas-long-arrow-alt-left\" viewbox=\"0 0 448 512\" xmlns=\"http:\/\/www.w3.org\/2000\/svg\"><path d=\"M134.059 296H436c6.627 0 12-5.373 12-12v-56c0-6.627-5.373-12-12-12H134.059v-46.059c0-21.382-25.851-32.09-40.971-16.971L7.029 239.029c-9.373 9.373-9.373 24.569 0 33.941l86.059 86.059c15.119 15.119 40.971 4.411 40.971-16.971V296z\"><\/path><\/svg>\t\t\t<\/a>\n\t\t<\/div>\n\t\t\t\t\t\t<\/div>\n\t\t\t\t<\/div>\n\t\t\t\t<section class=\"elementor-section elementor-inner-section elementor-element elementor-element-43a401a elementor-section-boxed elementor-section-height-default elementor-section-height-default\" data-id=\"43a401a\" data-element_type=\"section\">\n\t\t\t\t\t\t<div class=\"elementor-container elementor-column-gap-default\">\n\t\t\t\t\t<div class=\"elementor-column elementor-col-50 elementor-inner-column elementor-element elementor-element-21e829a elementor-invisible\" data-id=\"21e829a\" data-element_type=\"column\" data-settings=\"{&quot;animation&quot;:&quot;fadeIn&quot;}\">\n\t\t\t<div class=\"elementor-widget-wrap elementor-element-populated\">\n\t\t\t\t\t\t<div class=\"elementor-element elementor-element-d008c76 elementor-widget elementor-widget-heading\" data-id=\"d008c76\" data-element_type=\"widget\" data-widget_type=\"heading.default\">\n\t\t\t\t<div class=\"elementor-widget-container\">\n\t\t\t\t\t<h2 class=\"elementor-heading-title elementor-size-default\">Penetration erosion<\/h2>\t\t\t\t<\/div>\n\t\t\t\t<\/div>\n\t\t\t\t<div class=\"elementor-element elementor-element-883824f elementor-widget elementor-widget-text-editor\" data-id=\"883824f\" data-element_type=\"widget\" data-widget_type=\"text-editor.default\">\n\t\t\t\t<div class=\"elementor-widget-container\">\n\t\t\t\t\t\t\t\t\t<p>\u00a0<\/p><ul><li>Max. attack dimensions: 400 x 300 mm<\/li><li>Max. piece height: 300 mm<\/li><li>Max. weight per piece: 750 Kg<\/li><li>Max. dimensions of the piece: 920 x 590 x 350 mm<\/li><li>Max electrode weight: 50 kg<\/li><li>Best surface finish: 0.08-0.1 Ra<\/li><li>3D orbit type: circle\/square\/vector\/star<\/li><\/ul>\t\t\t\t\t\t\t\t<\/div>\n\t\t\t\t<\/div>\n\t\t\t\t\t<\/div>\n\t\t<\/div>\n\t\t\t\t<div class=\"elementor-column elementor-col-50 elementor-inner-column elementor-element elementor-element-34b14cd\" data-id=\"34b14cd\" data-element_type=\"column\">\n\t\t\t<div class=\"elementor-widget-wrap elementor-element-populated\">\n\t\t\t\t\t\t<div class=\"elementor-element elementor-element-e67e36b elementor-invisible elementor-widget elementor-widget-image\" data-id=\"e67e36b\" data-element_type=\"widget\" data-settings=\"{&quot;_animation&quot;:&quot;fadeIn&quot;}\" data-widget_type=\"image.default\">\n\t\t\t\t<div class=\"elementor-widget-container\">\n\t\t\t\t\t\t\t\t\t\t\t\t\t\t\t<img fetchpriority=\"high\" decoding=\"async\" width=\"1050\" height=\"994\" src=\"https:\/\/elnasl.eu\/wp-content\/uploads\/2024\/04\/qx3f-ona-electroerosion-1200x1200-1-1.jpg.png\" class=\"attachment-full size-full wp-image-1236\" alt=\"ONA QX3F\" srcset=\"https:\/\/elnasl.eu\/wp-content\/uploads\/2024\/04\/qx3f-ona-electroerosion-1200x1200-1-1.jpg.png 1050w, https:\/\/elnasl.eu\/wp-content\/uploads\/2024\/04\/qx3f-ona-electroerosion-1200x1200-1-1.jpg-300x284.png 300w, https:\/\/elnasl.eu\/wp-content\/uploads\/2024\/04\/qx3f-ona-electroerosion-1200x1200-1-1.jpg-1024x969.png 1024w, https:\/\/elnasl.eu\/wp-content\/uploads\/2024\/04\/qx3f-ona-electroerosion-1200x1200-1-1.jpg-768x727.png 768w\" sizes=\"(max-width: 1050px) 100vw, 1050px\" \/>\t\t\t\t\t\t\t\t\t\t\t\t\t\t\t<\/div>\n\t\t\t\t<\/div>\n\t\t\t\t\t<\/div>\n\t\t<\/div>\n\t\t\t\t\t<\/div>\n\t\t<\/section>\n\t\t\t\t\t<\/div>\n\t\t<\/div>\n\t\t\t\t\t<\/div>\n\t\t<\/section>\n\t\t<div class=\"elementor-element elementor-element-7c0f51c e-con-full e-flex e-con e-parent\" data-id=\"7c0f51c\" data-element_type=\"container\" data-settings=\"{&quot;background_background&quot;:&quot;classic&quot;}\">\n\t\t\t\t<div class=\"elementor-element elementor-element-af3af4e elementor-invisible elementor-widget elementor-widget-heading\" data-id=\"af3af4e\" data-element_type=\"widget\" data-settings=\"{&quot;_animation&quot;:&quot;fadeInDown&quot;}\" data-widget_type=\"heading.default\">\n\t\t\t\t<div class=\"elementor-widget-container\">\n\t\t\t\t\t<h2 class=\"elementor-heading-title elementor-size-default\">Contact us today to schedule a consultation and start working together to bring your ideas to life!<br> We are here to help you every step of the way.<\/h2>\t\t\t\t<\/div>\n\t\t\t\t<\/div>\n\t\t\t\t<div class=\"elementor-element elementor-element-92beb08 elementor-align-center elementor-invisible elementor-widget elementor-widget-button\" data-id=\"92beb08\" data-element_type=\"widget\" data-settings=\"{&quot;_animation&quot;:&quot;fadeIn&quot;}\" data-widget_type=\"button.default\">\n\t\t\t\t<div class=\"elementor-widget-container\">\n\t\t\t\t\t\t\t\t\t<div class=\"elementor-button-wrapper\">\n\t\t\t\t\t<a class=\"elementor-button elementor-button-link elementor-size-sm\" href=\"https:\/\/elnasl.eu\/en\/contacto\">\n\t\t\t\t\t\t<span class=\"elementor-button-content-wrapper\">\n\t\t\t\t\t\t\t\t\t<span class=\"elementor-button-text\">CONTACT<\/span>\n\t\t\t\t\t<\/span>\n\t\t\t\t\t<\/a>\n\t\t\t\t<\/div>\n\t\t\t\t\t\t\t\t<\/div>\n\t\t\t\t<\/div>\n\t\t\t\t<\/div>\n\t\t\t\t<\/div>","protected":false},"excerpt":{"rendered":"<p>ONA QX3F Erosi\u00f3n por penetraci\u00f3n \u00a0 Dimensiones m\u00e1x. de ataque: 400 x 300 mm Altura m\u00e1x. pieza: 300 mm Peso m\u00e1x. pieza: 750 Kg Dimensiones m\u00e1x. pieza: 920 x 590 x 350 mm Peso m\u00e1x. del electrodo: 50 kg Mejor acabado en superficie: 0,08-0,1 Ra \u00d3rbita 3D tipo: c\u00edrculo \/ cuadrado \/ vector \/ estrella [&hellip;]<\/p>","protected":false},"author":1,"featured_media":0,"parent":0,"menu_order":0,"comment_status":"closed","ping_status":"closed","template":"","meta":{"footnotes":""},"class_list":["post-1326","page","type-page","status-publish","hentry"],"yoast_head":"<!-- This site is optimized with the Yoast SEO plugin v25.2 - https:\/\/yoast.com\/wordpress\/plugins\/seo\/ -->\n<title>ONA QX3F - Electroerosiones Navarra<\/title>\n<meta name=\"robots\" content=\"index, follow, max-snippet:-1, max-image-preview:large, max-video-preview:-1\" \/>\n<link rel=\"canonical\" href=\"https:\/\/elnasl.eu\/en\/ona-qx3f\/\" \/>\n<meta property=\"og:locale\" content=\"en_GB\" \/>\n<meta property=\"og:type\" content=\"article\" \/>\n<meta property=\"og:title\" content=\"ONA QX3F - Electroerosiones Navarra\" \/>\n<meta property=\"og:description\" content=\"ONA QX3F Erosi\u00f3n por penetraci\u00f3n \u00a0 Dimensiones m\u00e1x. de ataque: 400 x 300 mm Altura m\u00e1x. pieza: 300 mm Peso m\u00e1x. pieza: 750 Kg Dimensiones m\u00e1x. pieza: 920 x 590 x 350 mm Peso m\u00e1x. del electrodo: 50 kg Mejor acabado en superficie: 0,08-0,1 Ra \u00d3rbita 3D tipo: c\u00edrculo \/ cuadrado \/ vector \/ estrella [&hellip;]\" \/>\n<meta property=\"og:url\" content=\"https:\/\/elnasl.eu\/en\/ona-qx3f\/\" \/>\n<meta property=\"og:site_name\" content=\"Electroerosiones Navarra\" \/>\n<meta property=\"article:modified_time\" content=\"2025-01-13T10:28:10+00:00\" \/>\n<meta property=\"og:image\" content=\"https:\/\/elnasl.eu\/wp-content\/uploads\/2024\/04\/qx3f-ona-electroerosion-1200x1200-1-1.jpg.png\" \/>\n<meta name=\"twitter:card\" content=\"summary_large_image\" \/>\n<meta name=\"twitter:label1\" content=\"Estimated reading time\" \/>\n\t<meta name=\"twitter:data1\" content=\"1 minute\" \/>\n<script type=\"application\/ld+json\" class=\"yoast-schema-graph\">{\"@context\":\"https:\/\/schema.org\",\"@graph\":[{\"@type\":\"WebPage\",\"@id\":\"https:\/\/elnasl.eu\/ona-qx3f\",\"url\":\"https:\/\/elnasl.eu\/ona-qx3f\",\"name\":\"ONA QX3F - Electroerosiones Navarra\",\"isPartOf\":{\"@id\":\"https:\/\/elnasl.eu\/#website\"},\"primaryImageOfPage\":{\"@id\":\"https:\/\/elnasl.eu\/ona-qx3f#primaryimage\"},\"image\":{\"@id\":\"https:\/\/elnasl.eu\/ona-qx3f#primaryimage\"},\"thumbnailUrl\":\"https:\/\/elnasl.eu\/wp-content\/uploads\/2024\/04\/qx3f-ona-electroerosion-1200x1200-1-1.jpg.png\",\"datePublished\":\"2024-04-08T16:37:50+00:00\",\"dateModified\":\"2025-01-13T10:28:10+00:00\",\"breadcrumb\":{\"@id\":\"https:\/\/elnasl.eu\/ona-qx3f#breadcrumb\"},\"inLanguage\":\"en-GB\",\"potentialAction\":[{\"@type\":\"ReadAction\",\"target\":[\"https:\/\/elnasl.eu\/ona-qx3f\"]}]},{\"@type\":\"ImageObject\",\"inLanguage\":\"en-GB\",\"@id\":\"https:\/\/elnasl.eu\/ona-qx3f#primaryimage\",\"url\":\"https:\/\/elnasl.eu\/wp-content\/uploads\/2024\/04\/qx3f-ona-electroerosion-1200x1200-1-1.jpg.png\",\"contentUrl\":\"https:\/\/elnasl.eu\/wp-content\/uploads\/2024\/04\/qx3f-ona-electroerosion-1200x1200-1-1.jpg.png\"},{\"@type\":\"BreadcrumbList\",\"@id\":\"https:\/\/elnasl.eu\/ona-qx3f#breadcrumb\",\"itemListElement\":[{\"@type\":\"ListItem\",\"position\":1,\"name\":\"Portada\",\"item\":\"https:\/\/elnasl.eu\/\"},{\"@type\":\"ListItem\",\"position\":2,\"name\":\"ONA QX3F\"}]},{\"@type\":\"WebSite\",\"@id\":\"https:\/\/elnasl.eu\/#website\",\"url\":\"https:\/\/elnasl.eu\/\",\"name\":\"Electroerosiones Navarra\",\"description\":\"25 a\u00f1os de experiencia en mecanizados por electroerosi\u00f3n.\",\"publisher\":{\"@id\":\"https:\/\/elnasl.eu\/#organization\"},\"potentialAction\":[{\"@type\":\"SearchAction\",\"target\":{\"@type\":\"EntryPoint\",\"urlTemplate\":\"https:\/\/elnasl.eu\/?s={search_term_string}\"},\"query-input\":{\"@type\":\"PropertyValueSpecification\",\"valueRequired\":true,\"valueName\":\"search_term_string\"}}],\"inLanguage\":\"en-GB\"},{\"@type\":\"Organization\",\"@id\":\"https:\/\/elnasl.eu\/#organization\",\"name\":\"Electroerosiones Navarra\",\"url\":\"https:\/\/elnasl.eu\/\",\"logo\":{\"@type\":\"ImageObject\",\"inLanguage\":\"en-GB\",\"@id\":\"https:\/\/elnasl.eu\/#\/schema\/logo\/image\/\",\"url\":\"https:\/\/elnasl.eu\/wp-content\/uploads\/2024\/04\/elna-Recuperado-03-1.png\",\"contentUrl\":\"https:\/\/elnasl.eu\/wp-content\/uploads\/2024\/04\/elna-Recuperado-03-1.png\",\"width\":3997,\"height\":3171,\"caption\":\"Electroerosiones Navarra\"},\"image\":{\"@id\":\"https:\/\/elnasl.eu\/#\/schema\/logo\/image\/\"}}]}<\/script>\n<!-- \/ Yoast SEO plugin. -->","yoast_head_json":{"title":"ONA QX3F - Electroerosiones Navarra","robots":{"index":"index","follow":"follow","max-snippet":"max-snippet:-1","max-image-preview":"max-image-preview:large","max-video-preview":"max-video-preview:-1"},"canonical":"https:\/\/elnasl.eu\/en\/ona-qx3f\/","og_locale":"en_GB","og_type":"article","og_title":"ONA QX3F - Electroerosiones Navarra","og_description":"ONA QX3F Erosi\u00f3n por penetraci\u00f3n \u00a0 Dimensiones m\u00e1x. de ataque: 400 x 300 mm Altura m\u00e1x. pieza: 300 mm Peso m\u00e1x. pieza: 750 Kg Dimensiones m\u00e1x. pieza: 920 x 590 x 350 mm Peso m\u00e1x. del electrodo: 50 kg Mejor acabado en superficie: 0,08-0,1 Ra \u00d3rbita 3D tipo: c\u00edrculo \/ cuadrado \/ vector \/ estrella [&hellip;]","og_url":"https:\/\/elnasl.eu\/en\/ona-qx3f\/","og_site_name":"Electroerosiones Navarra","article_modified_time":"2025-01-13T10:28:10+00:00","og_image":[{"url":"https:\/\/elnasl.eu\/wp-content\/uploads\/2024\/04\/qx3f-ona-electroerosion-1200x1200-1-1.jpg.png","type":"","width":"","height":""}],"twitter_card":"summary_large_image","twitter_misc":{"Estimated reading time":"1 minute"},"schema":{"@context":"https:\/\/schema.org","@graph":[{"@type":"WebPage","@id":"https:\/\/elnasl.eu\/ona-qx3f","url":"https:\/\/elnasl.eu\/ona-qx3f","name":"ONA QX3F - Electroerosiones Navarra","isPartOf":{"@id":"https:\/\/elnasl.eu\/#website"},"primaryImageOfPage":{"@id":"https:\/\/elnasl.eu\/ona-qx3f#primaryimage"},"image":{"@id":"https:\/\/elnasl.eu\/ona-qx3f#primaryimage"},"thumbnailUrl":"https:\/\/elnasl.eu\/wp-content\/uploads\/2024\/04\/qx3f-ona-electroerosion-1200x1200-1-1.jpg.png","datePublished":"2024-04-08T16:37:50+00:00","dateModified":"2025-01-13T10:28:10+00:00","breadcrumb":{"@id":"https:\/\/elnasl.eu\/ona-qx3f#breadcrumb"},"inLanguage":"en-GB","potentialAction":[{"@type":"ReadAction","target":["https:\/\/elnasl.eu\/ona-qx3f"]}]},{"@type":"ImageObject","inLanguage":"en-GB","@id":"https:\/\/elnasl.eu\/ona-qx3f#primaryimage","url":"https:\/\/elnasl.eu\/wp-content\/uploads\/2024\/04\/qx3f-ona-electroerosion-1200x1200-1-1.jpg.png","contentUrl":"https:\/\/elnasl.eu\/wp-content\/uploads\/2024\/04\/qx3f-ona-electroerosion-1200x1200-1-1.jpg.png"},{"@type":"BreadcrumbList","@id":"https:\/\/elnasl.eu\/ona-qx3f#breadcrumb","itemListElement":[{"@type":"ListItem","position":1,"name":"Portada","item":"https:\/\/elnasl.eu\/"},{"@type":"ListItem","position":2,"name":"ONA QX3F"}]},{"@type":"WebSite","@id":"https:\/\/elnasl.eu\/#website","url":"https:\/\/elnasl.eu\/","name":"Electroerosiones Navarra","description":"25 a\u00f1os de experiencia en mecanizados por electroerosi\u00f3n.","publisher":{"@id":"https:\/\/elnasl.eu\/#organization"},"potentialAction":[{"@type":"SearchAction","target":{"@type":"EntryPoint","urlTemplate":"https:\/\/elnasl.eu\/?s={search_term_string}"},"query-input":{"@type":"PropertyValueSpecification","valueRequired":true,"valueName":"search_term_string"}}],"inLanguage":"en-GB"},{"@type":"Organization","@id":"https:\/\/elnasl.eu\/#organization","name":"Electroerosiones Navarra","url":"https:\/\/elnasl.eu\/","logo":{"@type":"ImageObject","inLanguage":"en-GB","@id":"https:\/\/elnasl.eu\/#\/schema\/logo\/image\/","url":"https:\/\/elnasl.eu\/wp-content\/uploads\/2024\/04\/elna-Recuperado-03-1.png","contentUrl":"https:\/\/elnasl.eu\/wp-content\/uploads\/2024\/04\/elna-Recuperado-03-1.png","width":3997,"height":3171,"caption":"Electroerosiones Navarra"},"image":{"@id":"https:\/\/elnasl.eu\/#\/schema\/logo\/image\/"}}]}},"_links":{"self":[{"href":"https:\/\/elnasl.eu\/en\/wp-json\/wp\/v2\/pages\/1326","targetHints":{"allow":["GET"]}}],"collection":[{"href":"https:\/\/elnasl.eu\/en\/wp-json\/wp\/v2\/pages"}],"about":[{"href":"https:\/\/elnasl.eu\/en\/wp-json\/wp\/v2\/types\/page"}],"author":[{"embeddable":true,"href":"https:\/\/elnasl.eu\/en\/wp-json\/wp\/v2\/users\/1"}],"replies":[{"embeddable":true,"href":"https:\/\/elnasl.eu\/en\/wp-json\/wp\/v2\/comments?post=1326"}],"version-history":[{"count":28,"href":"https:\/\/elnasl.eu\/en\/wp-json\/wp\/v2\/pages\/1326\/revisions"}],"predecessor-version":[{"id":3807,"href":"https:\/\/elnasl.eu\/en\/wp-json\/wp\/v2\/pages\/1326\/revisions\/3807"}],"wp:attachment":[{"href":"https:\/\/elnasl.eu\/en\/wp-json\/wp\/v2\/media?parent=1326"}],"curies":[{"name":"wp","href":"https:\/\/api.w.org\/{rel}","templated":true}]}}