{"id":1404,"date":"2024-04-08T23:51:19","date_gmt":"2024-04-08T21:51:19","guid":{"rendered":"https:\/\/elnasl.eu\/?page_id=1404"},"modified":"2024-11-25T11:36:13","modified_gmt":"2024-11-25T10:36:13","slug":"automocion","status":"publish","type":"page","link":"https:\/\/elnasl.eu\/en\/automocion","title":{"rendered":"Automotive"},"content":{"rendered":"<div data-elementor-type=\"wp-page\" data-elementor-id=\"1404\" class=\"elementor elementor-1404\" data-elementor-post-type=\"page\">\n\t\t\t\t\t\t<section class=\"elementor-section elementor-top-section elementor-element elementor-element-178676d elementor-section-boxed elementor-section-height-default elementor-section-height-default\" data-id=\"178676d\" data-element_type=\"section\" data-settings=\"{&quot;background_background&quot;:&quot;classic&quot;}\">\n\t\t\t\t\t\t\t<div class=\"elementor-background-overlay\"><\/div>\n\t\t\t\t\t\t\t<div class=\"elementor-container elementor-column-gap-no\">\n\t\t\t\t\t<div class=\"elementor-column elementor-col-100 elementor-top-column elementor-element elementor-element-41aeb03\" data-id=\"41aeb03\" data-element_type=\"column\">\n\t\t\t<div class=\"elementor-widget-wrap elementor-element-populated\">\n\t\t\t\t\t\t<div class=\"elementor-element elementor-element-f4f6794 elementor-invisible elementor-widget elementor-widget-heading\" data-id=\"f4f6794\" data-element_type=\"widget\" data-settings=\"{&quot;_animation&quot;:&quot;fadeIn&quot;}\" data-widget_type=\"heading.default\">\n\t\t\t\t<div class=\"elementor-widget-container\">\n\t\t\t\t\t<h1 class=\"elementor-heading-title elementor-size-default\">Projects and machinery for the automotive sector\n<\/h1>\t\t\t\t<\/div>\n\t\t\t\t<\/div>\n\t\t\t\t\t<\/div>\n\t\t<\/div>\n\t\t\t\t\t<\/div>\n\t\t<\/section>\n\t\t\t\t<section class=\"elementor-section elementor-top-section elementor-element elementor-element-ecd641f elementor-section-boxed elementor-section-height-default elementor-section-height-default\" data-id=\"ecd641f\" data-element_type=\"section\">\n\t\t\t\t\t\t<div class=\"elementor-container elementor-column-gap-default\">\n\t\t\t\t\t<div class=\"elementor-column elementor-col-100 elementor-top-column elementor-element elementor-element-84e8eb1\" data-id=\"84e8eb1\" data-element_type=\"column\">\n\t\t\t<div class=\"elementor-widget-wrap elementor-element-populated\">\n\t\t\t\t\t\t<section class=\"elementor-section elementor-inner-section elementor-element elementor-element-5a8baa6 elementor-section-boxed elementor-section-height-default elementor-section-height-default\" data-id=\"5a8baa6\" data-element_type=\"section\">\n\t\t\t\t\t\t<div class=\"elementor-container elementor-column-gap-default\">\n\t\t\t\t\t<div class=\"elementor-column elementor-col-50 elementor-inner-column elementor-element elementor-element-45a64d3 elementor-invisible\" data-id=\"45a64d3\" data-element_type=\"column\" data-settings=\"{&quot;animation&quot;:&quot;fadeIn&quot;}\">\n\t\t\t<div class=\"elementor-widget-wrap elementor-element-populated\">\n\t\t\t\t\t\t<div class=\"elementor-element elementor-element-e0e803f elementor-widget elementor-widget-heading\" data-id=\"e0e803f\" data-element_type=\"widget\" data-widget_type=\"heading.default\">\n\t\t\t\t<div class=\"elementor-widget-container\">\n\t\t\t\t\t<h2 class=\"elementor-heading-title elementor-size-default\">Comprehensive solutions for automotive machining<\/h2>\t\t\t\t<\/div>\n\t\t\t\t<\/div>\n\t\t\t\t<div class=\"elementor-element elementor-element-76c801a elementor-widget elementor-widget-text-editor\" data-id=\"76c801a\" data-element_type=\"widget\" data-widget_type=\"text-editor.default\">\n\t\t\t\t<div class=\"elementor-widget-container\">\n\t\t\t\t\t\t\t\t\t<p>Beyond offering customized services, we stand out for our ability to provide comprehensive solutions that boost efficiency and quality at every stage of the EDM machining process.<\/p>\t\t\t\t\t\t\t\t<\/div>\n\t\t\t\t<\/div>\n\t\t\t\t\t<\/div>\n\t\t<\/div>\n\t\t\t\t<div class=\"elementor-column elementor-col-50 elementor-inner-column elementor-element elementor-element-e9972af\" data-id=\"e9972af\" data-element_type=\"column\">\n\t\t\t<div class=\"elementor-widget-wrap elementor-element-populated\">\n\t\t\t\t\t\t<div class=\"elementor-element elementor-element-cdfa4ca elementor-invisible elementor-widget elementor-widget-image\" data-id=\"cdfa4ca\" data-element_type=\"widget\" data-settings=\"{&quot;_animation&quot;:&quot;fadeInDown&quot;}\" data-widget_type=\"image.default\">\n\t\t\t\t<div class=\"elementor-widget-container\">\n\t\t\t\t\t\t\t\t\t\t\t\t\t\t\t<img fetchpriority=\"high\" decoding=\"async\" width=\"800\" height=\"450\" src=\"https:\/\/elnasl.eu\/wp-content\/uploads\/2024\/04\/35-1024x576.jpg\" class=\"attachment-large size-large wp-image-2317\" alt=\"Soluciones integrales para mecanizado en automoci\u00f3n\" srcset=\"https:\/\/elnasl.eu\/wp-content\/uploads\/2024\/04\/35-1024x576.jpg 1024w, https:\/\/elnasl.eu\/wp-content\/uploads\/2024\/04\/35-300x169.jpg 300w, https:\/\/elnasl.eu\/wp-content\/uploads\/2024\/04\/35-768x432.jpg 768w, https:\/\/elnasl.eu\/wp-content\/uploads\/2024\/04\/35-1536x864.jpg 1536w, https:\/\/elnasl.eu\/wp-content\/uploads\/2024\/04\/35.jpg 1920w\" sizes=\"(max-width: 800px) 100vw, 800px\" \/>\t\t\t\t\t\t\t\t\t\t\t\t\t\t\t<\/div>\n\t\t\t\t<\/div>\n\t\t\t\t\t<\/div>\n\t\t<\/div>\n\t\t\t\t\t<\/div>\n\t\t<\/section>\n\t\t\t\t\t<\/div>\n\t\t<\/div>\n\t\t\t\t\t<\/div>\n\t\t<\/section>\n\t\t\t\t<section class=\"elementor-section elementor-top-section elementor-element elementor-element-f19f5f5 elementor-section-boxed elementor-section-height-default elementor-section-height-default\" data-id=\"f19f5f5\" data-element_type=\"section\" data-settings=\"{&quot;background_background&quot;:&quot;classic&quot;}\">\n\t\t\t\t\t\t<div class=\"elementor-container elementor-column-gap-default\">\n\t\t\t\t\t<div class=\"elementor-column elementor-col-100 elementor-top-column elementor-element elementor-element-8206092\" data-id=\"8206092\" data-element_type=\"column\">\n\t\t\t<div class=\"elementor-widget-wrap elementor-element-populated\">\n\t\t\t\t\t\t<section class=\"elementor-section elementor-inner-section elementor-element elementor-element-56a4e84 elementor-section-boxed elementor-section-height-default elementor-section-height-default\" data-id=\"56a4e84\" data-element_type=\"section\" data-settings=\"{&quot;background_background&quot;:&quot;classic&quot;}\">\n\t\t\t\t\t\t<div class=\"elementor-container elementor-column-gap-default\">\n\t\t\t\t\t<div class=\"elementor-column elementor-col-100 elementor-inner-column elementor-element elementor-element-88fc70b elementor-invisible\" data-id=\"88fc70b\" data-element_type=\"column\" data-settings=\"{&quot;animation&quot;:&quot;fadeIn&quot;}\">\n\t\t\t<div class=\"elementor-widget-wrap elementor-element-populated\">\n\t\t\t\t\t\t<div class=\"elementor-element elementor-element-9acf3a8 elementor-widget elementor-widget-heading\" data-id=\"9acf3a8\" data-element_type=\"widget\" data-widget_type=\"heading.default\">\n\t\t\t\t<div class=\"elementor-widget-container\">\n\t\t\t\t\t<h2 class=\"elementor-heading-title elementor-size-default\">Automotive Innovation<\/h2>\t\t\t\t<\/div>\n\t\t\t\t<\/div>\n\t\t\t\t<div class=\"elementor-element elementor-element-9f63511 elementor-widget elementor-widget-heading\" data-id=\"9f63511\" data-element_type=\"widget\" data-widget_type=\"heading.default\">\n\t\t\t\t<div class=\"elementor-widget-container\">\n\t\t\t\t\t<h3 class=\"elementor-heading-title elementor-size-default\">Experience in automotive projects<\/h3>\t\t\t\t<\/div>\n\t\t\t\t<\/div>\n\t\t\t\t<div class=\"elementor-element elementor-element-598a04b elementor-widget elementor-widget-text-editor\" data-id=\"598a04b\" data-element_type=\"widget\" data-widget_type=\"text-editor.default\">\n\t\t\t\t<div class=\"elementor-widget-container\">\n\t\t\t\t\t\t\t\t\tOur experience in automotive projects ranges from prototyping to series production, allowing us to adapt to the specific demands of the industry. We work closely with you to understand your needs and ensure that each component is manufactured with the utmost precision and quality required by this demanding sector.\t\t\t\t\t\t\t\t<\/div>\n\t\t\t\t<\/div>\n\t\t\t\t<div class=\"elementor-element elementor-element-08c3399 elementor-widget elementor-widget-heading\" data-id=\"08c3399\" data-element_type=\"widget\" data-widget_type=\"heading.default\">\n\t\t\t\t<div class=\"elementor-widget-container\">\n\t\t\t\t\t<h3 class=\"elementor-heading-title elementor-size-default\">Transform your processes with our specialized machinery<\/h3>\t\t\t\t<\/div>\n\t\t\t\t<\/div>\n\t\t\t\t<div class=\"elementor-element elementor-element-1eb3709 elementor-widget elementor-widget-text-editor\" data-id=\"1eb3709\" data-element_type=\"widget\" data-widget_type=\"text-editor.default\">\n\t\t\t\t<div class=\"elementor-widget-container\">\n\t\t\t\t\t\t\t\t\t<p>Discover how our specialized machinery and EDM machining services can transform your manufacturing processes and increase the efficiency of your production line. State-of-the-art wire EDM equipment, high-precision machining centers and innovative laser marking systems are just some of the tools we put at your disposal.<\/p>\t\t\t\t\t\t\t\t<\/div>\n\t\t\t\t<\/div>\n\t\t\t\t\t<\/div>\n\t\t<\/div>\n\t\t\t\t\t<\/div>\n\t\t<\/section>\n\t\t\t\t\t<\/div>\n\t\t<\/div>\n\t\t\t\t\t<\/div>\n\t\t<\/section>\n\t\t<div class=\"elementor-element elementor-element-3203e71 e-con-full e-flex e-con e-parent\" data-id=\"3203e71\" data-element_type=\"container\" data-settings=\"{&quot;background_background&quot;:&quot;classic&quot;}\">\n\t\t\t\t<div class=\"elementor-element elementor-element-2c06197 elementor-invisible elementor-widget elementor-widget-heading\" data-id=\"2c06197\" data-element_type=\"widget\" data-settings=\"{&quot;_animation&quot;:&quot;fadeInDown&quot;}\" data-widget_type=\"heading.default\">\n\t\t\t\t<div class=\"elementor-widget-container\">\n\t\t\t\t\t<h2 class=\"elementor-heading-title elementor-size-default\">If you are interested in our services in the automotive sector, do not hesitate to contact us.<\/h2>\t\t\t\t<\/div>\n\t\t\t\t<\/div>\n\t\t\t\t<div class=\"elementor-element elementor-element-66da56f elementor-widget elementor-widget-text-editor\" data-id=\"66da56f\" data-element_type=\"widget\" data-widget_type=\"text-editor.default\">\n\t\t\t\t<div class=\"elementor-widget-container\">\n\t\t\t\t\t\t\t\t\tWe are here to help you achieve your manufacturing goals with maximum precision and efficiency.\t\t\t\t\t\t\t\t<\/div>\n\t\t\t\t<\/div>\n\t\t\t\t<div class=\"elementor-element elementor-element-adb7d77 elementor-button-align-end elementor-mobile-button-align-center elementor-widget elementor-widget-form\" data-id=\"adb7d77\" data-element_type=\"widget\" data-settings=\"{&quot;step_next_label&quot;:&quot;Next&quot;,&quot;step_previous_label&quot;:&quot;Previous&quot;,&quot;button_width&quot;:&quot;100&quot;,&quot;step_type&quot;:&quot;number_text&quot;,&quot;step_icon_shape&quot;:&quot;circle&quot;}\" data-widget_type=\"form.default\">\n\t\t\t\t<div class=\"elementor-widget-container\">\n\t\t\t\t\t\t\t<form class=\"elementor-form\" method=\"post\" name=\"New Form\" action=\"\">\n\t\t\t<input type=\"hidden\" name=\"post_id\" value=\"1404\"\/>\n\t\t\t<input type=\"hidden\" name=\"form_id\" value=\"adb7d77\"\/>\n\t\t\t<input type=\"hidden\" name=\"referer_title\" value=\"Electroerosiones Navarra\" \/>\n\n\t\t\t\n\t\t\t<div class=\"elementor-form-fields-wrapper elementor-labels-\">\n\t\t\t\t\t\t\t\t<div class=\"elementor-field-type-text elementor-field-group elementor-column elementor-field-group-name elementor-col-50\">\n\t\t\t\t\t\t\t\t\t\t\t\t<label for=\"form-field-name\" class=\"elementor-field-label elementor-screen-only\">\n\t\t\t\t\t\t\t\tName\t\t\t\t\t\t\t<\/label>\n\t\t\t\t\t\t\t\t\t\t\t\t\t\t<input size=\"1\" type=\"text\" name=\"form_fields[name]\" id=\"form-field-name\" class=\"elementor-field elementor-size-sm  elementor-field-textual\" placeholder=\"Name*\">\n\t\t\t\t\t\t\t\t\t\t\t<\/div>\n\t\t\t\t\t\t\t\t<div class=\"elementor-field-type-text elementor-field-group elementor-column elementor-field-group-field_5e63ec7 elementor-col-50\">\n\t\t\t\t\t\t\t\t\t\t\t\t<label for=\"form-field-field_5e63ec7\" class=\"elementor-field-label elementor-screen-only\">\n\t\t\t\t\t\t\t\tSurnames\t\t\t\t\t\t\t<\/label>\n\t\t\t\t\t\t\t\t\t\t\t\t\t\t<input size=\"1\" type=\"text\" name=\"form_fields[field_5e63ec7]\" id=\"form-field-field_5e63ec7\" class=\"elementor-field elementor-size-sm  elementor-field-textual\" placeholder=\"Last name*\">\n\t\t\t\t\t\t\t\t\t\t\t<\/div>\n\t\t\t\t\t\t\t\t<div class=\"elementor-field-type-tel elementor-field-group elementor-column elementor-field-group-field_f5f1e1b elementor-col-50\">\n\t\t\t\t\t\t\t\t\t\t\t\t<label for=\"form-field-field_f5f1e1b\" class=\"elementor-field-label elementor-screen-only\">\n\t\t\t\t\t\t\t\tPhone\t\t\t\t\t\t\t<\/label>\n\t\t\t\t\t\t\t\t<input size=\"1\" type=\"tel\" name=\"form_fields[field_f5f1e1b]\" id=\"form-field-field_f5f1e1b\" class=\"elementor-field elementor-size-sm  elementor-field-textual\" placeholder=\"Phone*\" pattern=\"[0-9()#&amp;+*-=.]+\" title=\"Only numbers and phone characters (#, -, *, etc) are accepted.\">\n\n\t\t\t\t\t\t<\/div>\n\t\t\t\t\t\t\t\t<div class=\"elementor-field-type-email elementor-field-group elementor-column elementor-field-group-email elementor-col-50 elementor-field-required\">\n\t\t\t\t\t\t\t\t\t\t\t\t<label for=\"form-field-email\" class=\"elementor-field-label elementor-screen-only\">\n\t\t\t\t\t\t\t\tE-mail*\t\t\t\t\t\t\t<\/label>\n\t\t\t\t\t\t\t\t\t\t\t\t\t\t<input size=\"1\" type=\"email\" name=\"form_fields[email]\" id=\"form-field-email\" class=\"elementor-field elementor-size-sm  elementor-field-textual\" placeholder=\"E-mail*\" required=\"required\">\n\t\t\t\t\t\t\t\t\t\t\t<\/div>\n\t\t\t\t\t\t\t\t<div class=\"elementor-field-type-textarea elementor-field-group elementor-column elementor-field-group-message elementor-col-100\">\n\t\t\t\t\t\t\t\t\t\t\t\t<label for=\"form-field-message\" class=\"elementor-field-label elementor-screen-only\">\n\t\t\t\t\t\t\t\tPlease include the details of your inquiry\t\t\t\t\t\t\t<\/label>\n\t\t\t\t\t\t<textarea class=\"elementor-field-textual elementor-field  elementor-size-sm\" name=\"form_fields[message]\" id=\"form-field-message\" rows=\"4\" placeholder=\"Please include the details of your inquiry\"><\/textarea>\t\t\t\t<\/div>\n\t\t\t\t\t\t\t\t<div class=\"elementor-field-type-acceptance elementor-field-group elementor-column elementor-field-group-field_33c1f2d elementor-col-100 elementor-field-required\">\n\t\t\t\t\t\t\t<div class=\"elementor-field-subgroup\">\n\t\t\t<span class=\"elementor-field-option\">\n\t\t\t\t<input type=\"checkbox\" name=\"form_fields[field_33c1f2d]\" id=\"form-field-field_33c1f2d\" class=\"elementor-field elementor-size-sm  elementor-acceptance-field\" required=\"required\">\n\t\t\t\t<label for=\"form-field-field_33c1f2d\">I accept the privacy policy and the sending of data.<\/label>\t\t\t<\/span>\n\t\t<\/div>\n\t\t\t\t\t\t<\/div>\n\t\t\t\t\t\t\t\t<div class=\"elementor-field-type-text\">\n\t\t\t\t\t<input size=\"1\" type=\"text\" name=\"form_fields[field_b446347]\" id=\"form-field-field_b446347\" class=\"elementor-field elementor-size-sm\" style=\"display:none !important;\">\t\t\t\t<\/div>\n\t\t\t\t\t\t\t\t<div class=\"elementor-field-type-recaptcha_v3 elementor-field-group elementor-column elementor-field-group-field_8ef3480 elementor-col-100 recaptcha_v3-bottomleft\">\n\t\t\t\t\t<div class=\"elementor-field\" id=\"form-field-field_8ef3480\"><div class=\"elementor-g-recaptcha\" data-sitekey=\"6LeNeOIpAAAAALoyzyFOELu-2wgJiQoSjqFy1D8w\" data-type=\"v3\" data-action=\"Form\" data-badge=\"bottomleft\" data-size=\"invisible\"><\/div><\/div>\t\t\t\t<\/div>\n\t\t\t\t\t\t\t\t<div class=\"elementor-field-group elementor-column elementor-field-type-submit elementor-col-100 e-form__buttons\">\n\t\t\t\t\t<button class=\"elementor-button elementor-size-md elementor-animation-grow\" type=\"submit\">\n\t\t\t\t\t\t<span class=\"elementor-button-content-wrapper\">\n\t\t\t\t\t\t\t\t\t\t\t\t\t\t\t\t\t\t\t\t\t\t<span class=\"elementor-button-text\">Send<\/span>\n\t\t\t\t\t\t\t\t\t\t\t\t\t<\/span>\n\t\t\t\t\t<\/button>\n\t\t\t\t<\/div>\n\t\t\t<\/div>\n\t\t<input type=\"hidden\" name=\"trp-form-language\" value=\"en\"\/><\/form>\n\t\t\t\t\t\t<\/div>\n\t\t\t\t<\/div>\n\t\t\t\t<\/div>\n\t\t\t\t<\/div>","protected":false},"excerpt":{"rendered":"<p>Proyectos y maquinaria para el sector de la automoci\u00f3n Soluciones integrales para mecanizado en automoci\u00f3n M\u00e1s all\u00e1 de ofrecer servicios personalizados, destacamos por nuestra capacidad para proporcionar soluciones integrales que impulsan la eficiencia y la calidad en cada etapa del proceso de mecanizado mediante electroerosi\u00f3n. Innovaci\u00f3n Automotriz Experiencia en proyectos automotrices Nuestra experiencia en proyectos [&hellip;]<\/p>","protected":false},"author":1,"featured_media":0,"parent":0,"menu_order":0,"comment_status":"closed","ping_status":"closed","template":"","meta":{"footnotes":""},"class_list":["post-1404","page","type-page","status-publish","hentry"],"yoast_head":"<!-- This site is optimized with the Yoast SEO plugin v25.2 - https:\/\/yoast.com\/wordpress\/plugins\/seo\/ -->\n<title>Automoci\u00f3n - Electroerosiones Navarra<\/title>\n<meta name=\"robots\" content=\"index, follow, max-snippet:-1, max-image-preview:large, max-video-preview:-1\" \/>\n<link rel=\"canonical\" href=\"https:\/\/elnasl.eu\/en\/automocion\/\" \/>\n<meta property=\"og:locale\" content=\"en_GB\" \/>\n<meta property=\"og:type\" content=\"article\" \/>\n<meta property=\"og:title\" content=\"Automoci\u00f3n - Electroerosiones Navarra\" \/>\n<meta property=\"og:description\" content=\"Proyectos y maquinaria para el sector de la automoci\u00f3n Soluciones integrales para mecanizado en automoci\u00f3n M\u00e1s all\u00e1 de ofrecer servicios personalizados, destacamos por nuestra capacidad para proporcionar soluciones integrales que impulsan la eficiencia y la calidad en cada etapa del proceso de mecanizado mediante electroerosi\u00f3n. Innovaci\u00f3n Automotriz Experiencia en proyectos automotrices Nuestra experiencia en proyectos [&hellip;]\" \/>\n<meta property=\"og:url\" content=\"https:\/\/elnasl.eu\/en\/automocion\/\" \/>\n<meta property=\"og:site_name\" content=\"Electroerosiones Navarra\" \/>\n<meta property=\"article:modified_time\" content=\"2024-11-25T10:36:13+00:00\" \/>\n<meta property=\"og:image\" content=\"https:\/\/elnasl.eu\/wp-content\/uploads\/2024\/04\/35-1024x576.jpg\" \/>\n<meta name=\"twitter:card\" content=\"summary_large_image\" \/>\n<meta name=\"twitter:label1\" content=\"Estimated reading time\" \/>\n\t<meta name=\"twitter:data1\" content=\"2 minutes\" \/>\n<script type=\"application\/ld+json\" class=\"yoast-schema-graph\">{\"@context\":\"https:\/\/schema.org\",\"@graph\":[{\"@type\":\"WebPage\",\"@id\":\"https:\/\/elnasl.eu\/automocion\",\"url\":\"https:\/\/elnasl.eu\/automocion\",\"name\":\"Automoci\u00f3n - Electroerosiones Navarra\",\"isPartOf\":{\"@id\":\"https:\/\/elnasl.eu\/#website\"},\"primaryImageOfPage\":{\"@id\":\"https:\/\/elnasl.eu\/automocion#primaryimage\"},\"image\":{\"@id\":\"https:\/\/elnasl.eu\/automocion#primaryimage\"},\"thumbnailUrl\":\"https:\/\/elnasl.eu\/wp-content\/uploads\/2024\/04\/35-1024x576.jpg\",\"datePublished\":\"2024-04-08T21:51:19+00:00\",\"dateModified\":\"2024-11-25T10:36:13+00:00\",\"breadcrumb\":{\"@id\":\"https:\/\/elnasl.eu\/automocion#breadcrumb\"},\"inLanguage\":\"en-GB\",\"potentialAction\":[{\"@type\":\"ReadAction\",\"target\":[\"https:\/\/elnasl.eu\/automocion\"]}]},{\"@type\":\"ImageObject\",\"inLanguage\":\"en-GB\",\"@id\":\"https:\/\/elnasl.eu\/automocion#primaryimage\",\"url\":\"https:\/\/elnasl.eu\/wp-content\/uploads\/2024\/04\/35-1024x576.jpg\",\"contentUrl\":\"https:\/\/elnasl.eu\/wp-content\/uploads\/2024\/04\/35-1024x576.jpg\"},{\"@type\":\"BreadcrumbList\",\"@id\":\"https:\/\/elnasl.eu\/automocion#breadcrumb\",\"itemListElement\":[{\"@type\":\"ListItem\",\"position\":1,\"name\":\"Portada\",\"item\":\"https:\/\/elnasl.eu\/\"},{\"@type\":\"ListItem\",\"position\":2,\"name\":\"Automoci\u00f3n\"}]},{\"@type\":\"WebSite\",\"@id\":\"https:\/\/elnasl.eu\/#website\",\"url\":\"https:\/\/elnasl.eu\/\",\"name\":\"Electroerosiones Navarra\",\"description\":\"25 a\u00f1os de experiencia en mecanizados por electroerosi\u00f3n.\",\"publisher\":{\"@id\":\"https:\/\/elnasl.eu\/#organization\"},\"potentialAction\":[{\"@type\":\"SearchAction\",\"target\":{\"@type\":\"EntryPoint\",\"urlTemplate\":\"https:\/\/elnasl.eu\/?s={search_term_string}\"},\"query-input\":{\"@type\":\"PropertyValueSpecification\",\"valueRequired\":true,\"valueName\":\"search_term_string\"}}],\"inLanguage\":\"en-GB\"},{\"@type\":\"Organization\",\"@id\":\"https:\/\/elnasl.eu\/#organization\",\"name\":\"Electroerosiones Navarra\",\"url\":\"https:\/\/elnasl.eu\/\",\"logo\":{\"@type\":\"ImageObject\",\"inLanguage\":\"en-GB\",\"@id\":\"https:\/\/elnasl.eu\/#\/schema\/logo\/image\/\",\"url\":\"https:\/\/elnasl.eu\/wp-content\/uploads\/2024\/04\/elna-Recuperado-03-1.png\",\"contentUrl\":\"https:\/\/elnasl.eu\/wp-content\/uploads\/2024\/04\/elna-Recuperado-03-1.png\",\"width\":3997,\"height\":3171,\"caption\":\"Electroerosiones Navarra\"},\"image\":{\"@id\":\"https:\/\/elnasl.eu\/#\/schema\/logo\/image\/\"}}]}<\/script>\n<!-- \/ Yoast SEO plugin. -->","yoast_head_json":{"title":"Automoci\u00f3n - Electroerosiones Navarra","robots":{"index":"index","follow":"follow","max-snippet":"max-snippet:-1","max-image-preview":"max-image-preview:large","max-video-preview":"max-video-preview:-1"},"canonical":"https:\/\/elnasl.eu\/en\/automocion\/","og_locale":"en_GB","og_type":"article","og_title":"Automoci\u00f3n - Electroerosiones Navarra","og_description":"Proyectos y maquinaria para el sector de la automoci\u00f3n Soluciones integrales para mecanizado en automoci\u00f3n M\u00e1s all\u00e1 de ofrecer servicios personalizados, destacamos por nuestra capacidad para proporcionar soluciones integrales que impulsan la eficiencia y la calidad en cada etapa del proceso de mecanizado mediante electroerosi\u00f3n. Innovaci\u00f3n Automotriz Experiencia en proyectos automotrices Nuestra experiencia en proyectos [&hellip;]","og_url":"https:\/\/elnasl.eu\/en\/automocion\/","og_site_name":"Electroerosiones Navarra","article_modified_time":"2024-11-25T10:36:13+00:00","og_image":[{"url":"https:\/\/elnasl.eu\/wp-content\/uploads\/2024\/04\/35-1024x576.jpg","type":"","width":"","height":""}],"twitter_card":"summary_large_image","twitter_misc":{"Estimated reading time":"2 minutes"},"schema":{"@context":"https:\/\/schema.org","@graph":[{"@type":"WebPage","@id":"https:\/\/elnasl.eu\/automocion","url":"https:\/\/elnasl.eu\/automocion","name":"Automoci\u00f3n - Electroerosiones Navarra","isPartOf":{"@id":"https:\/\/elnasl.eu\/#website"},"primaryImageOfPage":{"@id":"https:\/\/elnasl.eu\/automocion#primaryimage"},"image":{"@id":"https:\/\/elnasl.eu\/automocion#primaryimage"},"thumbnailUrl":"https:\/\/elnasl.eu\/wp-content\/uploads\/2024\/04\/35-1024x576.jpg","datePublished":"2024-04-08T21:51:19+00:00","dateModified":"2024-11-25T10:36:13+00:00","breadcrumb":{"@id":"https:\/\/elnasl.eu\/automocion#breadcrumb"},"inLanguage":"en-GB","potentialAction":[{"@type":"ReadAction","target":["https:\/\/elnasl.eu\/automocion"]}]},{"@type":"ImageObject","inLanguage":"en-GB","@id":"https:\/\/elnasl.eu\/automocion#primaryimage","url":"https:\/\/elnasl.eu\/wp-content\/uploads\/2024\/04\/35-1024x576.jpg","contentUrl":"https:\/\/elnasl.eu\/wp-content\/uploads\/2024\/04\/35-1024x576.jpg"},{"@type":"BreadcrumbList","@id":"https:\/\/elnasl.eu\/automocion#breadcrumb","itemListElement":[{"@type":"ListItem","position":1,"name":"Portada","item":"https:\/\/elnasl.eu\/"},{"@type":"ListItem","position":2,"name":"Automoci\u00f3n"}]},{"@type":"WebSite","@id":"https:\/\/elnasl.eu\/#website","url":"https:\/\/elnasl.eu\/","name":"Electroerosiones Navarra","description":"25 a\u00f1os de experiencia en mecanizados por electroerosi\u00f3n.","publisher":{"@id":"https:\/\/elnasl.eu\/#organization"},"potentialAction":[{"@type":"SearchAction","target":{"@type":"EntryPoint","urlTemplate":"https:\/\/elnasl.eu\/?s={search_term_string}"},"query-input":{"@type":"PropertyValueSpecification","valueRequired":true,"valueName":"search_term_string"}}],"inLanguage":"en-GB"},{"@type":"Organization","@id":"https:\/\/elnasl.eu\/#organization","name":"Electroerosiones Navarra","url":"https:\/\/elnasl.eu\/","logo":{"@type":"ImageObject","inLanguage":"en-GB","@id":"https:\/\/elnasl.eu\/#\/schema\/logo\/image\/","url":"https:\/\/elnasl.eu\/wp-content\/uploads\/2024\/04\/elna-Recuperado-03-1.png","contentUrl":"https:\/\/elnasl.eu\/wp-content\/uploads\/2024\/04\/elna-Recuperado-03-1.png","width":3997,"height":3171,"caption":"Electroerosiones Navarra"},"image":{"@id":"https:\/\/elnasl.eu\/#\/schema\/logo\/image\/"}}]}},"_links":{"self":[{"href":"https:\/\/elnasl.eu\/en\/wp-json\/wp\/v2\/pages\/1404","targetHints":{"allow":["GET"]}}],"collection":[{"href":"https:\/\/elnasl.eu\/en\/wp-json\/wp\/v2\/pages"}],"about":[{"href":"https:\/\/elnasl.eu\/en\/wp-json\/wp\/v2\/types\/page"}],"author":[{"embeddable":true,"href":"https:\/\/elnasl.eu\/en\/wp-json\/wp\/v2\/users\/1"}],"replies":[{"embeddable":true,"href":"https:\/\/elnasl.eu\/en\/wp-json\/wp\/v2\/comments?post=1404"}],"version-history":[{"count":67,"href":"https:\/\/elnasl.eu\/en\/wp-json\/wp\/v2\/pages\/1404\/revisions"}],"predecessor-version":[{"id":3553,"href":"https:\/\/elnasl.eu\/en\/wp-json\/wp\/v2\/pages\/1404\/revisions\/3553"}],"wp:attachment":[{"href":"https:\/\/elnasl.eu\/en\/wp-json\/wp\/v2\/media?parent=1404"}],"curies":[{"name":"wp","href":"https:\/\/api.w.org\/{rel}","templated":true}]}}