{"id":3296,"date":"2024-07-31T14:13:17","date_gmt":"2024-07-31T12:13:17","guid":{"rendered":"https:\/\/elnasl.eu\/?page_id=3296"},"modified":"2024-07-31T14:20:42","modified_gmt":"2024-07-31T12:20:42","slug":"mecanizado-de-precision-cerca-de-pamplona","status":"publish","type":"page","link":"https:\/\/elnasl.eu\/en\/mecanizado-de-precision-cerca-de-pamplona","title":{"rendered":"Precision machining near Pamplona"},"content":{"rendered":"<div data-elementor-type=\"wp-page\" data-elementor-id=\"3296\" class=\"elementor elementor-3296\" data-elementor-post-type=\"page\">\n\t\t\t\t\t\t<section class=\"elementor-section elementor-top-section elementor-element elementor-element-dbe8615 elementor-section-boxed elementor-section-height-default elementor-section-height-default\" data-id=\"dbe8615\" data-element_type=\"section\" data-settings=\"{&quot;background_background&quot;:&quot;classic&quot;}\">\n\t\t\t\t\t\t\t<div class=\"elementor-background-overlay\"><\/div>\n\t\t\t\t\t\t\t<div class=\"elementor-container elementor-column-gap-no\">\n\t\t\t\t\t<div class=\"elementor-column elementor-col-100 elementor-top-column elementor-element elementor-element-fd4ec77\" data-id=\"fd4ec77\" data-element_type=\"column\">\n\t\t\t<div class=\"elementor-widget-wrap elementor-element-populated\">\n\t\t\t\t\t\t<div class=\"elementor-element elementor-element-9e24e97 elementor-invisible elementor-widget elementor-widget-heading\" data-id=\"9e24e97\" data-element_type=\"widget\" data-settings=\"{&quot;_animation&quot;:&quot;fadeIn&quot;}\" data-widget_type=\"heading.default\">\n\t\t\t\t<div class=\"elementor-widget-container\">\n\t\t\t\t\t<h1 class=\"elementor-heading-title elementor-size-default\">Precision machining near Pamplona<\/h1>\t\t\t\t<\/div>\n\t\t\t\t<\/div>\n\t\t\t\t\t<\/div>\n\t\t<\/div>\n\t\t\t\t\t<\/div>\n\t\t<\/section>\n\t\t\t\t<section class=\"elementor-section elementor-top-section elementor-element elementor-element-8536501 elementor-section-boxed elementor-section-height-default elementor-section-height-default\" data-id=\"8536501\" data-element_type=\"section\">\n\t\t\t\t\t\t<div class=\"elementor-container elementor-column-gap-default\">\n\t\t\t\t\t<div class=\"elementor-column elementor-col-100 elementor-top-column elementor-element elementor-element-ebcf20f\" data-id=\"ebcf20f\" data-element_type=\"column\">\n\t\t\t<div class=\"elementor-widget-wrap elementor-element-populated\">\n\t\t\t\t\t\t<section class=\"elementor-section elementor-inner-section elementor-element elementor-element-16680cf elementor-section-content-middle elementor-section-boxed elementor-section-height-default elementor-section-height-default\" data-id=\"16680cf\" data-element_type=\"section\">\n\t\t\t\t\t\t<div class=\"elementor-container elementor-column-gap-default\">\n\t\t\t\t\t<div class=\"elementor-column elementor-col-50 elementor-inner-column elementor-element elementor-element-f646361 elementor-invisible\" data-id=\"f646361\" data-element_type=\"column\" data-settings=\"{&quot;animation&quot;:&quot;fadeIn&quot;}\">\n\t\t\t<div class=\"elementor-widget-wrap elementor-element-populated\">\n\t\t\t\t\t\t<div class=\"elementor-element elementor-element-539a7a0 elementor-widget__width-initial elementor-widget elementor-widget-text-editor\" data-id=\"539a7a0\" data-element_type=\"widget\" data-widget_type=\"text-editor.default\">\n\t\t\t\t<div class=\"elementor-widget-container\">\n\t\t\t\t\t\t\t\t\t<h2>Innovation and excellence with our precision machining near Pamplona<\/h2>\n<p>At Electroerosiones Navarra SL, we specialise in providing precision machining services near Barcelona, combining 25 years of experience with cutting-edge technology to deliver advanced, customised solutions. We are leaders in the sector, standing out for our millimetre precision and our commitment to excellence.<\/p>\n<h2>Benefits of precision machining near Pamplona<\/h2>\n<p>He <strong>precision machining near Pamplona<\/strong> The technology we offer at Electroerosiones Navarra SL guarantees superior quality in each project. We use state-of-the-art machinery and advanced wire and die-sinking EDM techniques, which allows us to work with millimetric precision. This is crucial for industries that require precise and highly durable components, such as the automotive, aviation, and food industries.<\/p>\n<p>Our commitment to quality is reflected in every piece we manufacture or repair. Each project is carefully overseen by our team of experts, ensuring that the most demanding standards in the market are met. This dedication to precision and quality is what sets us apart and makes us the best choice for the <strong>precision machining near Pamplona<\/strong>.<\/p>\n<h2>Speed and efficiency in delivery in precision machining near Pamplona<\/h2>\n<p>One of the most important benefits of selecting the <strong>precision machining near Pamplona<\/strong> with Electroerosiones Navarra SL is our ability to complete projects in short timeframes without compromising quality. Our advanced technology and optimized processes allow us to work efficiently, ensuring that our customers receive their products on time.<\/p>\n<p>The speed and efficiency of our services not only improve our clients&#039; productivity, but also allow them to remain competitive in the market. We understand that fast delivery times are essential to the success of any project, so we strive to meet and exceed expectations in this regard.<\/p>\t\t\t\t\t\t\t\t<\/div>\n\t\t\t\t<\/div>\n\t\t\t\t\t<\/div>\n\t\t<\/div>\n\t\t\t\t<div class=\"elementor-column elementor-col-50 elementor-inner-column elementor-element elementor-element-62fc212\" data-id=\"62fc212\" data-element_type=\"column\" data-settings=\"{&quot;background_background&quot;:&quot;classic&quot;}\">\n\t\t\t<div class=\"elementor-widget-wrap elementor-element-populated\">\n\t\t\t\t\t\t<div class=\"elementor-element elementor-element-99fda31 elementor-widget elementor-widget-spacer\" data-id=\"99fda31\" data-element_type=\"widget\" data-widget_type=\"spacer.default\">\n\t\t\t\t<div class=\"elementor-widget-container\">\n\t\t\t\t\t\t\t<div class=\"elementor-spacer\">\n\t\t\t<div class=\"elementor-spacer-inner\"><\/div>\n\t\t<\/div>\n\t\t\t\t\t\t<\/div>\n\t\t\t\t<\/div>\n\t\t\t\t\t<\/div>\n\t\t<\/div>\n\t\t\t\t\t<\/div>\n\t\t<\/section>\n\t\t\t\t<section class=\"elementor-section elementor-inner-section elementor-element elementor-element-a95f8c7 elementor-section-content-middle elementor-reverse-mobile elementor-section-boxed elementor-section-height-default elementor-section-height-default\" data-id=\"a95f8c7\" data-element_type=\"section\">\n\t\t\t\t\t\t<div class=\"elementor-container elementor-column-gap-default\">\n\t\t\t\t\t<div class=\"elementor-column elementor-col-50 elementor-inner-column elementor-element elementor-element-8979e96\" data-id=\"8979e96\" data-element_type=\"column\" data-settings=\"{&quot;background_background&quot;:&quot;classic&quot;}\">\n\t\t\t<div class=\"elementor-widget-wrap elementor-element-populated\">\n\t\t\t\t\t\t<div class=\"elementor-element elementor-element-52ccc9c elementor-widget elementor-widget-spacer\" data-id=\"52ccc9c\" data-element_type=\"widget\" data-widget_type=\"spacer.default\">\n\t\t\t\t<div class=\"elementor-widget-container\">\n\t\t\t\t\t\t\t<div class=\"elementor-spacer\">\n\t\t\t<div class=\"elementor-spacer-inner\"><\/div>\n\t\t<\/div>\n\t\t\t\t\t\t<\/div>\n\t\t\t\t<\/div>\n\t\t\t\t\t<\/div>\n\t\t<\/div>\n\t\t\t\t<div class=\"elementor-column elementor-col-50 elementor-inner-column elementor-element elementor-element-f23d0cb elementor-invisible\" data-id=\"f23d0cb\" data-element_type=\"column\" data-settings=\"{&quot;animation&quot;:&quot;fadeIn&quot;}\">\n\t\t\t<div class=\"elementor-widget-wrap elementor-element-populated\">\n\t\t\t\t\t\t<div class=\"elementor-element elementor-element-121d976 elementor-widget elementor-widget-text-editor\" data-id=\"121d976\" data-element_type=\"widget\" data-widget_type=\"text-editor.default\">\n\t\t\t\t<div class=\"elementor-widget-container\">\n\t\t\t\t\t\t\t\t\t<h2>Customized solutions with precision machining near Pamplona<\/h2>\n<p>At Electroerosiones Navarra SL, we know that each client has unique needs. That is why we offer customized solutions in the <strong>precision machining near Pamplona<\/strong>, adapting to the specific requirements of each project. Our ability to work with a wide variety of materials and perform a wide variety of tasks allows us to offer a highly flexible and adaptable service.<\/p>\n<p>We pride ourselves on our ability to meet any challenge with creativity and<br>professionalism. We work closely with our clients to understand their needs and<br>provide solutions that not only meet, but exceed your expectations. This dedication to customization and adaptability is one of the reasons we are the preferred choice for<br><strong>precision machining near Pamplona<\/strong>.<\/p>\n<h2>Precision machining near Pamplona: our commitment to innovation<\/h2>\n<p>At Electroerosiones Navarra SL, we are committed to constant innovation. We invest in research and development to stay at the forefront of the industry. <strong>precision machining<\/strong><br><strong>near Pamplona<\/strong>. We continually explore new technologies and methodologies to offer<br>more efficient and advanced solutions to our clients.<\/p>\n<p>Our dedication to continuous improvement allows us to provide the highest quality services and<br>to remain leaders in the sector. We believe that innovation is essential for long-term success,<br>and we work hard to integrate the latest technological developments into our processes.<\/p>\n<p>The success of our clients is our own success. That is why, at Electroerosiones Navarra SL, we<br>We strive to be more than a supplier, we want to be a trusted partner. We establish alliances<br>strategic with suppliers who share our values of quality and commitment, guaranteeing a<br>comprehensive service that exceeds our customers&#039; expectations.<\/p>\n<p>Our network of collaborators and external partners allows us to offer a <strong>precision machining near&nbsp;<\/strong><strong>from Pamplona<\/strong> which adheres to the highest standards of excellence. Working hand in hand with our clients, we ensure that each project is carried out with the utmost care and professionalism.<\/p>\n<p>If you are looking for a reliable and experienced partner in the <strong>precision machining near <\/strong><strong>Pamplona<\/strong>, do not hesitate to contact us. At Electroerosiones Navarra SL we are ready to help you take your project to the next level with the highest quality and efficiency.<\/p>\t\t\t\t\t\t\t\t<\/div>\n\t\t\t\t<\/div>\n\t\t\t\t\t<\/div>\n\t\t<\/div>\n\t\t\t\t\t<\/div>\n\t\t<\/section>\n\t\t\t\t\t<\/div>\n\t\t<\/div>\n\t\t\t\t\t<\/div>\n\t\t<\/section>\n\t\t<div class=\"elementor-element elementor-element-c736d64 e-con-full e-flex e-con e-parent\" data-id=\"c736d64\" data-element_type=\"container\" data-settings=\"{&quot;background_background&quot;:&quot;classic&quot;}\">\n\t\t\t\t<div class=\"elementor-element elementor-element-8f6241a elementor-invisible elementor-widget elementor-widget-heading\" data-id=\"8f6241a\" data-element_type=\"widget\" data-settings=\"{&quot;_animation&quot;:&quot;fadeInDown&quot;}\" data-widget_type=\"heading.default\">\n\t\t\t\t<div class=\"elementor-widget-container\">\n\t\t\t\t\t<h2 class=\"elementor-heading-title elementor-size-default\">If you are interested in our services in the food sector, do not hesitate to contact us.<\/h2>\t\t\t\t<\/div>\n\t\t\t\t<\/div>\n\t\t\t\t<div class=\"elementor-element elementor-element-387b1ee elementor-widget elementor-widget-text-editor\" data-id=\"387b1ee\" data-element_type=\"widget\" data-widget_type=\"text-editor.default\">\n\t\t\t\t<div class=\"elementor-widget-container\">\n\t\t\t\t\t\t\t\t\tWe are here to help you achieve your manufacturing goals with maximum precision and efficiency.\t\t\t\t\t\t\t\t<\/div>\n\t\t\t\t<\/div>\n\t\t\t\t<div class=\"elementor-element elementor-element-d0e5d2d elementor-button-align-end elementor-mobile-button-align-center elementor-widget elementor-widget-form\" data-id=\"d0e5d2d\" data-element_type=\"widget\" data-settings=\"{&quot;step_next_label&quot;:&quot;Next&quot;,&quot;step_previous_label&quot;:&quot;Previous&quot;,&quot;button_width&quot;:&quot;100&quot;,&quot;step_type&quot;:&quot;number_text&quot;,&quot;step_icon_shape&quot;:&quot;circle&quot;}\" data-widget_type=\"form.default\">\n\t\t\t\t<div class=\"elementor-widget-container\">\n\t\t\t\t\t\t\t<form class=\"elementor-form\" method=\"post\" name=\"New Form\" action=\"\">\n\t\t\t<input type=\"hidden\" name=\"post_id\" value=\"3296\"\/>\n\t\t\t<input type=\"hidden\" name=\"form_id\" value=\"d0e5d2d\"\/>\n\t\t\t<input type=\"hidden\" name=\"referer_title\" value=\"Electroerosiones Navarra\" \/>\n\n\t\t\t\n\t\t\t<div class=\"elementor-form-fields-wrapper elementor-labels-\">\n\t\t\t\t\t\t\t\t<div class=\"elementor-field-type-text elementor-field-group elementor-column elementor-field-group-name elementor-col-50\">\n\t\t\t\t\t\t\t\t\t\t\t\t<label for=\"form-field-name\" class=\"elementor-field-label elementor-screen-only\">\n\t\t\t\t\t\t\t\tName\t\t\t\t\t\t\t<\/label>\n\t\t\t\t\t\t\t\t\t\t\t\t\t\t<input size=\"1\" type=\"text\" name=\"form_fields[name]\" id=\"form-field-name\" class=\"elementor-field elementor-size-sm  elementor-field-textual\" placeholder=\"Name*\">\n\t\t\t\t\t\t\t\t\t\t\t<\/div>\n\t\t\t\t\t\t\t\t<div class=\"elementor-field-type-text elementor-field-group elementor-column elementor-field-group-field_5e63ec7 elementor-col-50\">\n\t\t\t\t\t\t\t\t\t\t\t\t<label for=\"form-field-field_5e63ec7\" class=\"elementor-field-label elementor-screen-only\">\n\t\t\t\t\t\t\t\tSurnames\t\t\t\t\t\t\t<\/label>\n\t\t\t\t\t\t\t\t\t\t\t\t\t\t<input size=\"1\" type=\"text\" name=\"form_fields[field_5e63ec7]\" id=\"form-field-field_5e63ec7\" class=\"elementor-field elementor-size-sm  elementor-field-textual\" placeholder=\"Last name*\">\n\t\t\t\t\t\t\t\t\t\t\t<\/div>\n\t\t\t\t\t\t\t\t<div class=\"elementor-field-type-tel elementor-field-group elementor-column elementor-field-group-field_f5f1e1b elementor-col-50\">\n\t\t\t\t\t\t\t\t\t\t\t\t<label for=\"form-field-field_f5f1e1b\" class=\"elementor-field-label elementor-screen-only\">\n\t\t\t\t\t\t\t\tPhone\t\t\t\t\t\t\t<\/label>\n\t\t\t\t\t\t\t\t<input size=\"1\" type=\"tel\" name=\"form_fields[field_f5f1e1b]\" id=\"form-field-field_f5f1e1b\" class=\"elementor-field elementor-size-sm  elementor-field-textual\" placeholder=\"Phone*\" pattern=\"[0-9()#&amp;+*-=.]+\" title=\"Only numbers and phone characters (#, -, *, etc) are accepted.\">\n\n\t\t\t\t\t\t<\/div>\n\t\t\t\t\t\t\t\t<div class=\"elementor-field-type-email elementor-field-group elementor-column elementor-field-group-email elementor-col-50 elementor-field-required\">\n\t\t\t\t\t\t\t\t\t\t\t\t<label for=\"form-field-email\" class=\"elementor-field-label elementor-screen-only\">\n\t\t\t\t\t\t\t\tE-mail*\t\t\t\t\t\t\t<\/label>\n\t\t\t\t\t\t\t\t\t\t\t\t\t\t<input size=\"1\" type=\"email\" name=\"form_fields[email]\" id=\"form-field-email\" class=\"elementor-field elementor-size-sm  elementor-field-textual\" placeholder=\"E-mail*\" required=\"required\">\n\t\t\t\t\t\t\t\t\t\t\t<\/div>\n\t\t\t\t\t\t\t\t<div class=\"elementor-field-type-textarea elementor-field-group elementor-column elementor-field-group-message elementor-col-100\">\n\t\t\t\t\t\t\t\t\t\t\t\t<label for=\"form-field-message\" class=\"elementor-field-label elementor-screen-only\">\n\t\t\t\t\t\t\t\tPlease include the details of your inquiry\t\t\t\t\t\t\t<\/label>\n\t\t\t\t\t\t<textarea class=\"elementor-field-textual elementor-field  elementor-size-sm\" name=\"form_fields[message]\" id=\"form-field-message\" rows=\"4\" placeholder=\"Please include the details of your inquiry\"><\/textarea>\t\t\t\t<\/div>\n\t\t\t\t\t\t\t\t<div class=\"elementor-field-type-acceptance elementor-field-group elementor-column elementor-field-group-field_33c1f2d elementor-col-100 elementor-field-required\">\n\t\t\t\t\t\t\t<div class=\"elementor-field-subgroup\">\n\t\t\t<span class=\"elementor-field-option\">\n\t\t\t\t<input type=\"checkbox\" name=\"form_fields[field_33c1f2d]\" id=\"form-field-field_33c1f2d\" class=\"elementor-field elementor-size-sm  elementor-acceptance-field\" required=\"required\">\n\t\t\t\t<label for=\"form-field-field_33c1f2d\">I accept the privacy policy and the sending of data.<\/label>\t\t\t<\/span>\n\t\t<\/div>\n\t\t\t\t\t\t<\/div>\n\t\t\t\t\t\t\t\t<div class=\"elementor-field-type-text\">\n\t\t\t\t\t<input size=\"1\" type=\"text\" name=\"form_fields[field_b446347]\" id=\"form-field-field_b446347\" class=\"elementor-field elementor-size-sm\" style=\"display:none !important;\">\t\t\t\t<\/div>\n\t\t\t\t\t\t\t\t<div class=\"elementor-field-type-recaptcha_v3 elementor-field-group elementor-column elementor-field-group-field_8ef3480 elementor-col-100 recaptcha_v3-bottomleft\">\n\t\t\t\t\t<div class=\"elementor-field\" id=\"form-field-field_8ef3480\"><div class=\"elementor-g-recaptcha\" data-sitekey=\"6LeNeOIpAAAAALoyzyFOELu-2wgJiQoSjqFy1D8w\" data-type=\"v3\" data-action=\"Form\" data-badge=\"bottomleft\" data-size=\"invisible\"><\/div><\/div>\t\t\t\t<\/div>\n\t\t\t\t\t\t\t\t<div class=\"elementor-field-group elementor-column elementor-field-type-submit elementor-col-100 e-form__buttons\">\n\t\t\t\t\t<button class=\"elementor-button elementor-size-md elementor-animation-grow\" type=\"submit\">\n\t\t\t\t\t\t<span class=\"elementor-button-content-wrapper\">\n\t\t\t\t\t\t\t\t\t\t\t\t\t\t\t\t\t\t\t\t\t\t<span class=\"elementor-button-text\">Send<\/span>\n\t\t\t\t\t\t\t\t\t\t\t\t\t<\/span>\n\t\t\t\t\t<\/button>\n\t\t\t\t<\/div>\n\t\t\t<\/div>\n\t\t<input type=\"hidden\" name=\"trp-form-language\" value=\"en\"\/><\/form>\n\t\t\t\t\t\t<\/div>\n\t\t\t\t<\/div>\n\t\t\t\t<\/div>\n\t\t\t\t<\/div>","protected":false},"excerpt":{"rendered":"<p>Innovaci\u00f3n y excelencia con nuestro mecanizado de precisi\u00f3n cerca de Pamplona En Electroerosiones Navarra S.L, nos especializamos en proporcionar servicios de mecanizado de precisi\u00f3n cerca de Barcelona, combinando 25 a\u00f1os de experiencia con tecnolog\u00eda de vanguardia para ofrecer soluciones avanzadas y personalizadas. Somos l\u00edderes en el sector, destac\u00e1ndonos por nuestra precisi\u00f3n milim\u00e9trica y nuestro compromiso [&hellip;]<\/p>","protected":false},"author":1,"featured_media":0,"parent":0,"menu_order":0,"comment_status":"closed","ping_status":"closed","template":"","meta":{"footnotes":""},"class_list":["post-3296","page","type-page","status-publish","hentry"],"yoast_head":"<!-- This site is optimized with the Yoast SEO plugin v25.2 - https:\/\/yoast.com\/wordpress\/plugins\/seo\/ -->\n<title>Mecanizado de Precision cerca de Pamplona - Electroerosiones Navarra<\/title>\n<meta name=\"robots\" content=\"index, follow, max-snippet:-1, max-image-preview:large, max-video-preview:-1\" \/>\n<link rel=\"canonical\" href=\"https:\/\/elnasl.eu\/en\/mecanizado-de-precision-cerca-de-pamplona\/\" \/>\n<meta property=\"og:locale\" content=\"en_GB\" \/>\n<meta property=\"og:type\" content=\"article\" \/>\n<meta property=\"og:title\" content=\"Mecanizado de Precision cerca de Pamplona - Electroerosiones Navarra\" \/>\n<meta property=\"og:description\" content=\"Innovaci\u00f3n y excelencia con nuestro mecanizado de precisi\u00f3n cerca de Pamplona En Electroerosiones Navarra S.L, nos especializamos en proporcionar servicios de mecanizado de precisi\u00f3n cerca de Barcelona, combinando 25 a\u00f1os de experiencia con tecnolog\u00eda de vanguardia para ofrecer soluciones avanzadas y personalizadas. Somos l\u00edderes en el sector, destac\u00e1ndonos por nuestra precisi\u00f3n milim\u00e9trica y nuestro compromiso [&hellip;]\" \/>\n<meta property=\"og:url\" content=\"https:\/\/elnasl.eu\/en\/mecanizado-de-precision-cerca-de-pamplona\/\" \/>\n<meta property=\"og:site_name\" content=\"Electroerosiones Navarra\" \/>\n<meta property=\"article:modified_time\" content=\"2024-07-31T12:20:42+00:00\" \/>\n<meta name=\"twitter:card\" content=\"summary_large_image\" \/>\n<meta name=\"twitter:label1\" content=\"Estimated reading time\" \/>\n\t<meta name=\"twitter:data1\" content=\"4 minutes\" \/>\n<script type=\"application\/ld+json\" class=\"yoast-schema-graph\">{\"@context\":\"https:\/\/schema.org\",\"@graph\":[{\"@type\":\"WebPage\",\"@id\":\"https:\/\/elnasl.eu\/mecanizado-de-precision-cerca-de-pamplona\",\"url\":\"https:\/\/elnasl.eu\/mecanizado-de-precision-cerca-de-pamplona\",\"name\":\"Mecanizado de Precision cerca de Pamplona - Electroerosiones Navarra\",\"isPartOf\":{\"@id\":\"https:\/\/elnasl.eu\/#website\"},\"datePublished\":\"2024-07-31T12:13:17+00:00\",\"dateModified\":\"2024-07-31T12:20:42+00:00\",\"breadcrumb\":{\"@id\":\"https:\/\/elnasl.eu\/mecanizado-de-precision-cerca-de-pamplona#breadcrumb\"},\"inLanguage\":\"en-GB\",\"potentialAction\":[{\"@type\":\"ReadAction\",\"target\":[\"https:\/\/elnasl.eu\/mecanizado-de-precision-cerca-de-pamplona\"]}]},{\"@type\":\"BreadcrumbList\",\"@id\":\"https:\/\/elnasl.eu\/mecanizado-de-precision-cerca-de-pamplona#breadcrumb\",\"itemListElement\":[{\"@type\":\"ListItem\",\"position\":1,\"name\":\"Portada\",\"item\":\"https:\/\/elnasl.eu\/\"},{\"@type\":\"ListItem\",\"position\":2,\"name\":\"Mecanizado de Precision cerca de Pamplona\"}]},{\"@type\":\"WebSite\",\"@id\":\"https:\/\/elnasl.eu\/#website\",\"url\":\"https:\/\/elnasl.eu\/\",\"name\":\"Electroerosiones Navarra\",\"description\":\"25 a\u00f1os de experiencia en mecanizados por electroerosi\u00f3n.\",\"publisher\":{\"@id\":\"https:\/\/elnasl.eu\/#organization\"},\"potentialAction\":[{\"@type\":\"SearchAction\",\"target\":{\"@type\":\"EntryPoint\",\"urlTemplate\":\"https:\/\/elnasl.eu\/?s={search_term_string}\"},\"query-input\":{\"@type\":\"PropertyValueSpecification\",\"valueRequired\":true,\"valueName\":\"search_term_string\"}}],\"inLanguage\":\"en-GB\"},{\"@type\":\"Organization\",\"@id\":\"https:\/\/elnasl.eu\/#organization\",\"name\":\"Electroerosiones Navarra\",\"url\":\"https:\/\/elnasl.eu\/\",\"logo\":{\"@type\":\"ImageObject\",\"inLanguage\":\"en-GB\",\"@id\":\"https:\/\/elnasl.eu\/#\/schema\/logo\/image\/\",\"url\":\"https:\/\/elnasl.eu\/wp-content\/uploads\/2024\/04\/elna-Recuperado-03-1.png\",\"contentUrl\":\"https:\/\/elnasl.eu\/wp-content\/uploads\/2024\/04\/elna-Recuperado-03-1.png\",\"width\":3997,\"height\":3171,\"caption\":\"Electroerosiones Navarra\"},\"image\":{\"@id\":\"https:\/\/elnasl.eu\/#\/schema\/logo\/image\/\"}}]}<\/script>\n<!-- \/ Yoast SEO plugin. -->","yoast_head_json":{"title":"Mecanizado de Precision cerca de Pamplona - Electroerosiones Navarra","robots":{"index":"index","follow":"follow","max-snippet":"max-snippet:-1","max-image-preview":"max-image-preview:large","max-video-preview":"max-video-preview:-1"},"canonical":"https:\/\/elnasl.eu\/en\/mecanizado-de-precision-cerca-de-pamplona\/","og_locale":"en_GB","og_type":"article","og_title":"Mecanizado de Precision cerca de Pamplona - Electroerosiones Navarra","og_description":"Innovaci\u00f3n y excelencia con nuestro mecanizado de precisi\u00f3n cerca de Pamplona En Electroerosiones Navarra S.L, nos especializamos en proporcionar servicios de mecanizado de precisi\u00f3n cerca de Barcelona, combinando 25 a\u00f1os de experiencia con tecnolog\u00eda de vanguardia para ofrecer soluciones avanzadas y personalizadas. Somos l\u00edderes en el sector, destac\u00e1ndonos por nuestra precisi\u00f3n milim\u00e9trica y nuestro compromiso [&hellip;]","og_url":"https:\/\/elnasl.eu\/en\/mecanizado-de-precision-cerca-de-pamplona\/","og_site_name":"Electroerosiones Navarra","article_modified_time":"2024-07-31T12:20:42+00:00","twitter_card":"summary_large_image","twitter_misc":{"Estimated reading time":"4 minutes"},"schema":{"@context":"https:\/\/schema.org","@graph":[{"@type":"WebPage","@id":"https:\/\/elnasl.eu\/mecanizado-de-precision-cerca-de-pamplona","url":"https:\/\/elnasl.eu\/mecanizado-de-precision-cerca-de-pamplona","name":"Mecanizado de Precision cerca de Pamplona - Electroerosiones Navarra","isPartOf":{"@id":"https:\/\/elnasl.eu\/#website"},"datePublished":"2024-07-31T12:13:17+00:00","dateModified":"2024-07-31T12:20:42+00:00","breadcrumb":{"@id":"https:\/\/elnasl.eu\/mecanizado-de-precision-cerca-de-pamplona#breadcrumb"},"inLanguage":"en-GB","potentialAction":[{"@type":"ReadAction","target":["https:\/\/elnasl.eu\/mecanizado-de-precision-cerca-de-pamplona"]}]},{"@type":"BreadcrumbList","@id":"https:\/\/elnasl.eu\/mecanizado-de-precision-cerca-de-pamplona#breadcrumb","itemListElement":[{"@type":"ListItem","position":1,"name":"Portada","item":"https:\/\/elnasl.eu\/"},{"@type":"ListItem","position":2,"name":"Mecanizado de Precision cerca de Pamplona"}]},{"@type":"WebSite","@id":"https:\/\/elnasl.eu\/#website","url":"https:\/\/elnasl.eu\/","name":"Electroerosiones Navarra","description":"25 a\u00f1os de experiencia en mecanizados por electroerosi\u00f3n.","publisher":{"@id":"https:\/\/elnasl.eu\/#organization"},"potentialAction":[{"@type":"SearchAction","target":{"@type":"EntryPoint","urlTemplate":"https:\/\/elnasl.eu\/?s={search_term_string}"},"query-input":{"@type":"PropertyValueSpecification","valueRequired":true,"valueName":"search_term_string"}}],"inLanguage":"en-GB"},{"@type":"Organization","@id":"https:\/\/elnasl.eu\/#organization","name":"Electroerosiones Navarra","url":"https:\/\/elnasl.eu\/","logo":{"@type":"ImageObject","inLanguage":"en-GB","@id":"https:\/\/elnasl.eu\/#\/schema\/logo\/image\/","url":"https:\/\/elnasl.eu\/wp-content\/uploads\/2024\/04\/elna-Recuperado-03-1.png","contentUrl":"https:\/\/elnasl.eu\/wp-content\/uploads\/2024\/04\/elna-Recuperado-03-1.png","width":3997,"height":3171,"caption":"Electroerosiones Navarra"},"image":{"@id":"https:\/\/elnasl.eu\/#\/schema\/logo\/image\/"}}]}},"_links":{"self":[{"href":"https:\/\/elnasl.eu\/en\/wp-json\/wp\/v2\/pages\/3296","targetHints":{"allow":["GET"]}}],"collection":[{"href":"https:\/\/elnasl.eu\/en\/wp-json\/wp\/v2\/pages"}],"about":[{"href":"https:\/\/elnasl.eu\/en\/wp-json\/wp\/v2\/types\/page"}],"author":[{"embeddable":true,"href":"https:\/\/elnasl.eu\/en\/wp-json\/wp\/v2\/users\/1"}],"replies":[{"embeddable":true,"href":"https:\/\/elnasl.eu\/en\/wp-json\/wp\/v2\/comments?post=3296"}],"version-history":[{"count":4,"href":"https:\/\/elnasl.eu\/en\/wp-json\/wp\/v2\/pages\/3296\/revisions"}],"predecessor-version":[{"id":3300,"href":"https:\/\/elnasl.eu\/en\/wp-json\/wp\/v2\/pages\/3296\/revisions\/3300"}],"wp:attachment":[{"href":"https:\/\/elnasl.eu\/en\/wp-json\/wp\/v2\/media?parent=3296"}],"curies":[{"name":"wp","href":"https:\/\/api.w.org\/{rel}","templated":true}]}}