{"id":3834,"date":"2025-01-13T13:19:58","date_gmt":"2025-01-13T12:19:58","guid":{"rendered":"https:\/\/elnasl.eu\/?page_id=3834"},"modified":"2025-01-13T13:20:43","modified_gmt":"2025-01-13T12:20:43","slug":"marcado-laser-industrial","status":"publish","type":"page","link":"https:\/\/elnasl.eu\/en\/marcado-laser-industrial","title":{"rendered":"Industrial laser marking"},"content":{"rendered":"<div data-elementor-type=\"wp-page\" data-elementor-id=\"3834\" class=\"elementor elementor-3834\" data-elementor-post-type=\"page\">\n\t\t\t\t\t\t<section class=\"elementor-section elementor-top-section elementor-element elementor-element-dbe8615 elementor-section-boxed elementor-section-height-default elementor-section-height-default\" data-id=\"dbe8615\" data-element_type=\"section\" data-settings=\"{&quot;background_background&quot;:&quot;classic&quot;}\">\n\t\t\t\t\t\t\t<div class=\"elementor-background-overlay\"><\/div>\n\t\t\t\t\t\t\t<div class=\"elementor-container elementor-column-gap-no\">\n\t\t\t\t\t<div class=\"elementor-column elementor-col-100 elementor-top-column elementor-element elementor-element-fd4ec77\" data-id=\"fd4ec77\" data-element_type=\"column\">\n\t\t\t<div class=\"elementor-widget-wrap elementor-element-populated\">\n\t\t\t\t\t\t<div class=\"elementor-element elementor-element-9e24e97 elementor-invisible elementor-widget elementor-widget-heading\" data-id=\"9e24e97\" data-element_type=\"widget\" data-settings=\"{&quot;_animation&quot;:&quot;fadeIn&quot;}\" data-widget_type=\"heading.default\">\n\t\t\t\t<div class=\"elementor-widget-container\">\n\t\t\t\t\t<h1 class=\"elementor-heading-title elementor-size-default\">Industrial laser marking<\/h1>\t\t\t\t<\/div>\n\t\t\t\t<\/div>\n\t\t\t\t\t<\/div>\n\t\t<\/div>\n\t\t\t\t\t<\/div>\n\t\t<\/section>\n\t\t\t\t<section class=\"elementor-section elementor-top-section elementor-element elementor-element-8536501 elementor-section-boxed elementor-section-height-default elementor-section-height-default\" data-id=\"8536501\" data-element_type=\"section\">\n\t\t\t\t\t\t<div class=\"elementor-container elementor-column-gap-default\">\n\t\t\t\t\t<div class=\"elementor-column elementor-col-100 elementor-top-column elementor-element elementor-element-ebcf20f\" data-id=\"ebcf20f\" data-element_type=\"column\">\n\t\t\t<div class=\"elementor-widget-wrap elementor-element-populated\">\n\t\t\t\t\t\t<section class=\"elementor-section elementor-inner-section elementor-element elementor-element-16680cf elementor-section-content-middle elementor-section-boxed elementor-section-height-default elementor-section-height-default\" data-id=\"16680cf\" data-element_type=\"section\">\n\t\t\t\t\t\t<div class=\"elementor-container elementor-column-gap-default\">\n\t\t\t\t\t<div class=\"elementor-column elementor-col-50 elementor-inner-column elementor-element elementor-element-f646361 elementor-invisible\" data-id=\"f646361\" data-element_type=\"column\" data-settings=\"{&quot;animation&quot;:&quot;fadeIn&quot;}\">\n\t\t\t<div class=\"elementor-widget-wrap elementor-element-populated\">\n\t\t\t\t\t\t<div class=\"elementor-element elementor-element-539a7a0 elementor-widget elementor-widget-text-editor\" data-id=\"539a7a0\" data-element_type=\"widget\" data-widget_type=\"text-editor.default\">\n\t\t\t\t<div class=\"elementor-widget-container\">\n\t\t\t\t\t\t\t\t\t<p><span style=\"font-weight: 400;\">He <\/span><b>industrial laser marking<\/b><span style=\"font-weight: 400;\"> Laser marking has established itself as one of the most advanced technologies in product customization and traceability. This technique offers a precise and long-lasting solution for a wide variety of industrial applications, from automotive to electronics, medicine and more. If you are looking for a laser marking service for your company, it is important to choose a partner that guarantees quality and experience.<\/span><\/p><h3><b>Why choose industrial laser marking?<\/b><\/h3><p><span style=\"font-weight: 400;\">He <\/span><b>industrial laser marking<\/b><span style=\"font-weight: 400;\"> It is ideal for companies that require high-precision engraving on different materials such as metals, plastics and ceramics. Unlike other techniques, laser marking offers fast and accurate results without damaging the materials. In addition, it is a clean and efficient solution, which improves product traceability and facilitates compliance with regulations and quality standards.<\/span><\/p><p><span style=\"font-weight: 400;\">In sectors such as the automotive industry, <\/span><b>industrial laser marking<\/b><span style=\"font-weight: 400;\"> It is essential for identifying parts and components, ensuring that each product is tracked throughout the manufacturing process. In electronics, this technology is used to mark small components, ensuring that information such as serial numbers remains legible and accessible.\u00a0<\/span><\/p><h3><b>Benefits of industrial laser marking in your company<\/b><\/h3><p><span style=\"font-weight: 400;\">Opt for the <\/span><b>industrial laser marking<\/b><span style=\"font-weight: 400;\"> offers multiple advantages. These include:<\/span><\/p><ol><li style=\"font-weight: 400;\" aria-level=\"1\"><b>High precision<\/b><span style=\"font-weight: 400;\">: The laser offers detailed engraving capabilities, ideal for fine and intricate markings.<\/span><\/li><li style=\"font-weight: 400;\" aria-level=\"1\"><b>Durability<\/b><span style=\"font-weight: 400;\">: Laser marking is wear-resistant and does not fade easily, ensuring that markings remain legible over time.<\/span><\/li><li style=\"font-weight: 400;\" aria-level=\"1\"><b>Versatility<\/b><span style=\"font-weight: 400;\">: It can be applied to a wide variety of materials, making it an ideal choice for different industrial sectors.<\/span><\/li><li style=\"font-weight: 400;\" aria-level=\"1\"><b>Efficiency and speed<\/b><span style=\"font-weight: 400;\">: The marking process is fast, which reduces production times and increases productivity.<\/span><\/li><li style=\"font-weight: 400;\" aria-level=\"1\"><b>Sustainability<\/b><span>Laser marking is an environmentally friendly option as it does not require the use of dyes or chemicals.<\/span><\/li><\/ol>\t\t\t\t\t\t\t\t<\/div>\n\t\t\t\t<\/div>\n\t\t\t\t\t<\/div>\n\t\t<\/div>\n\t\t\t\t<div class=\"elementor-column elementor-col-50 elementor-inner-column elementor-element elementor-element-62fc212\" data-id=\"62fc212\" data-element_type=\"column\" data-settings=\"{&quot;background_background&quot;:&quot;classic&quot;}\">\n\t\t\t<div class=\"elementor-widget-wrap elementor-element-populated\">\n\t\t\t\t\t\t<div class=\"elementor-element elementor-element-99fda31 elementor-widget elementor-widget-spacer\" data-id=\"99fda31\" data-element_type=\"widget\" data-widget_type=\"spacer.default\">\n\t\t\t\t<div class=\"elementor-widget-container\">\n\t\t\t\t\t\t\t<div class=\"elementor-spacer\">\n\t\t\t<div class=\"elementor-spacer-inner\"><\/div>\n\t\t<\/div>\n\t\t\t\t\t\t<\/div>\n\t\t\t\t<\/div>\n\t\t\t\t\t<\/div>\n\t\t<\/div>\n\t\t\t\t\t<\/div>\n\t\t<\/section>\n\t\t\t\t<section class=\"elementor-section elementor-inner-section elementor-element elementor-element-a95f8c7 elementor-section-content-middle elementor-reverse-mobile elementor-section-boxed elementor-section-height-default elementor-section-height-default\" data-id=\"a95f8c7\" data-element_type=\"section\">\n\t\t\t\t\t\t<div class=\"elementor-container elementor-column-gap-default\">\n\t\t\t\t\t<div class=\"elementor-column elementor-col-50 elementor-inner-column elementor-element elementor-element-8979e96\" data-id=\"8979e96\" data-element_type=\"column\" data-settings=\"{&quot;background_background&quot;:&quot;classic&quot;}\">\n\t\t\t<div class=\"elementor-widget-wrap elementor-element-populated\">\n\t\t\t\t\t\t<div class=\"elementor-element elementor-element-52ccc9c elementor-widget elementor-widget-spacer\" data-id=\"52ccc9c\" data-element_type=\"widget\" data-widget_type=\"spacer.default\">\n\t\t\t\t<div class=\"elementor-widget-container\">\n\t\t\t\t\t\t\t<div class=\"elementor-spacer\">\n\t\t\t<div class=\"elementor-spacer-inner\"><\/div>\n\t\t<\/div>\n\t\t\t\t\t\t<\/div>\n\t\t\t\t<\/div>\n\t\t\t\t\t<\/div>\n\t\t<\/div>\n\t\t\t\t<div class=\"elementor-column elementor-col-50 elementor-inner-column elementor-element elementor-element-f23d0cb elementor-invisible\" data-id=\"f23d0cb\" data-element_type=\"column\" data-settings=\"{&quot;animation&quot;:&quot;fadeIn&quot;}\">\n\t\t\t<div class=\"elementor-widget-wrap elementor-element-populated\">\n\t\t\t\t\t\t<div class=\"elementor-element elementor-element-121d976 elementor-widget elementor-widget-text-editor\" data-id=\"121d976\" data-element_type=\"widget\" data-widget_type=\"text-editor.default\">\n\t\t\t\t<div class=\"elementor-widget-container\">\n\t\t\t\t\t\t\t\t\t<h3><b>Why choose us for industrial laser marking?<\/b><\/h3><p><span style=\"font-weight: 400;\">At Electroerosiones Navarra we specialize in offering solutions for <\/span><b>industrial laser marking<\/b><span style=\"font-weight: 400;\"> High quality. We have over 25 years of experience in the sector, which has allowed us to develop a solid reputation based on the trust and satisfaction of our customers.<\/span><\/p><p><span style=\"font-weight: 400;\">Our state-of-the-art infrastructure and highly trained team allow us to provide a precise service tailored to the needs of each client. We work with a variety of materials and offer customized solutions so that each project meets the highest quality standards.<\/span><\/p><p><span style=\"font-weight: 400;\">Furthermore, our customer service is one of our biggest differentiators. We accompany our clients throughout the entire process, providing specialized advice at each stage, from choosing the type of engraving to selecting materials and optimizing production times.<\/span><\/p><h3><b>Electroerosiones Navarra: your industrial laser marking company<\/b><\/h3><p><span style=\"font-weight: 400;\">He <\/span><b>industrial laser marking<\/b><span style=\"font-weight: 400;\"> is an indispensable tool to ensure the traceability and quality of your products. With our experience, advanced technology and commitment to excellence, we are ready to help you take your company to the next level.<\/span><\/p><p><span style=\"font-weight: 400;\">If you need more information about our services or want to know how we can improve the traceability of your products, do not hesitate to contact us. We are here to help you make a difference!<\/span><\/p>\t\t\t\t\t\t\t\t<\/div>\n\t\t\t\t<\/div>\n\t\t\t\t\t<\/div>\n\t\t<\/div>\n\t\t\t\t\t<\/div>\n\t\t<\/section>\n\t\t\t\t\t<\/div>\n\t\t<\/div>\n\t\t\t\t\t<\/div>\n\t\t<\/section>\n\t\t<div class=\"elementor-element elementor-element-c736d64 e-con-full e-flex e-con e-parent\" data-id=\"c736d64\" data-element_type=\"container\" data-settings=\"{&quot;background_background&quot;:&quot;classic&quot;}\">\n\t\t\t\t<div class=\"elementor-element elementor-element-8f6241a elementor-invisible elementor-widget elementor-widget-heading\" data-id=\"8f6241a\" data-element_type=\"widget\" data-settings=\"{&quot;_animation&quot;:&quot;fadeInDown&quot;}\" data-widget_type=\"heading.default\">\n\t\t\t\t<div class=\"elementor-widget-container\">\n\t\t\t\t\t<h2 class=\"elementor-heading-title elementor-size-default\">If you are interested in our services in the food sector, do not hesitate to contact us.<\/h2>\t\t\t\t<\/div>\n\t\t\t\t<\/div>\n\t\t\t\t<div class=\"elementor-element elementor-element-387b1ee elementor-widget elementor-widget-text-editor\" data-id=\"387b1ee\" data-element_type=\"widget\" data-widget_type=\"text-editor.default\">\n\t\t\t\t<div class=\"elementor-widget-container\">\n\t\t\t\t\t\t\t\t\tWe are here to help you achieve your manufacturing goals with maximum precision and efficiency.\t\t\t\t\t\t\t\t<\/div>\n\t\t\t\t<\/div>\n\t\t\t\t<div class=\"elementor-element elementor-element-d0e5d2d elementor-button-align-end elementor-mobile-button-align-center elementor-widget elementor-widget-form\" data-id=\"d0e5d2d\" data-element_type=\"widget\" data-settings=\"{&quot;step_next_label&quot;:&quot;Next&quot;,&quot;step_previous_label&quot;:&quot;Previous&quot;,&quot;button_width&quot;:&quot;100&quot;,&quot;step_type&quot;:&quot;number_text&quot;,&quot;step_icon_shape&quot;:&quot;circle&quot;}\" data-widget_type=\"form.default\">\n\t\t\t\t<div class=\"elementor-widget-container\">\n\t\t\t\t\t\t\t<form class=\"elementor-form\" method=\"post\" name=\"New Form\" action=\"\">\n\t\t\t<input type=\"hidden\" name=\"post_id\" value=\"3834\"\/>\n\t\t\t<input type=\"hidden\" name=\"form_id\" value=\"d0e5d2d\"\/>\n\t\t\t<input type=\"hidden\" name=\"referer_title\" value=\"Electroerosiones Navarra\" \/>\n\n\t\t\t\n\t\t\t<div class=\"elementor-form-fields-wrapper elementor-labels-\">\n\t\t\t\t\t\t\t\t<div class=\"elementor-field-type-text elementor-field-group elementor-column elementor-field-group-name elementor-col-50\">\n\t\t\t\t\t\t\t\t\t\t\t\t<label for=\"form-field-name\" class=\"elementor-field-label elementor-screen-only\">\n\t\t\t\t\t\t\t\tName\t\t\t\t\t\t\t<\/label>\n\t\t\t\t\t\t\t\t\t\t\t\t\t\t<input size=\"1\" type=\"text\" name=\"form_fields[name]\" id=\"form-field-name\" class=\"elementor-field elementor-size-sm  elementor-field-textual\" placeholder=\"Name*\">\n\t\t\t\t\t\t\t\t\t\t\t<\/div>\n\t\t\t\t\t\t\t\t<div class=\"elementor-field-type-text elementor-field-group elementor-column elementor-field-group-field_5e63ec7 elementor-col-50\">\n\t\t\t\t\t\t\t\t\t\t\t\t<label for=\"form-field-field_5e63ec7\" class=\"elementor-field-label elementor-screen-only\">\n\t\t\t\t\t\t\t\tSurnames\t\t\t\t\t\t\t<\/label>\n\t\t\t\t\t\t\t\t\t\t\t\t\t\t<input size=\"1\" type=\"text\" name=\"form_fields[field_5e63ec7]\" id=\"form-field-field_5e63ec7\" class=\"elementor-field elementor-size-sm  elementor-field-textual\" placeholder=\"Last name*\">\n\t\t\t\t\t\t\t\t\t\t\t<\/div>\n\t\t\t\t\t\t\t\t<div class=\"elementor-field-type-tel elementor-field-group elementor-column elementor-field-group-field_f5f1e1b elementor-col-50\">\n\t\t\t\t\t\t\t\t\t\t\t\t<label for=\"form-field-field_f5f1e1b\" class=\"elementor-field-label elementor-screen-only\">\n\t\t\t\t\t\t\t\tPhone\t\t\t\t\t\t\t<\/label>\n\t\t\t\t\t\t\t\t<input size=\"1\" type=\"tel\" name=\"form_fields[field_f5f1e1b]\" id=\"form-field-field_f5f1e1b\" class=\"elementor-field elementor-size-sm  elementor-field-textual\" placeholder=\"Phone*\" pattern=\"[0-9()#&amp;+*-=.]+\" title=\"Only numbers and phone characters (#, -, *, etc) are accepted.\">\n\n\t\t\t\t\t\t<\/div>\n\t\t\t\t\t\t\t\t<div class=\"elementor-field-type-email elementor-field-group elementor-column elementor-field-group-email elementor-col-50 elementor-field-required\">\n\t\t\t\t\t\t\t\t\t\t\t\t<label for=\"form-field-email\" class=\"elementor-field-label elementor-screen-only\">\n\t\t\t\t\t\t\t\tE-mail*\t\t\t\t\t\t\t<\/label>\n\t\t\t\t\t\t\t\t\t\t\t\t\t\t<input size=\"1\" type=\"email\" name=\"form_fields[email]\" id=\"form-field-email\" class=\"elementor-field elementor-size-sm  elementor-field-textual\" placeholder=\"E-mail*\" required=\"required\">\n\t\t\t\t\t\t\t\t\t\t\t<\/div>\n\t\t\t\t\t\t\t\t<div class=\"elementor-field-type-textarea elementor-field-group elementor-column elementor-field-group-message elementor-col-100\">\n\t\t\t\t\t\t\t\t\t\t\t\t<label for=\"form-field-message\" class=\"elementor-field-label elementor-screen-only\">\n\t\t\t\t\t\t\t\tPlease include the details of your inquiry\t\t\t\t\t\t\t<\/label>\n\t\t\t\t\t\t<textarea class=\"elementor-field-textual elementor-field  elementor-size-sm\" name=\"form_fields[message]\" id=\"form-field-message\" rows=\"4\" placeholder=\"Please include the details of your inquiry\"><\/textarea>\t\t\t\t<\/div>\n\t\t\t\t\t\t\t\t<div class=\"elementor-field-type-acceptance elementor-field-group elementor-column elementor-field-group-field_33c1f2d elementor-col-100 elementor-field-required\">\n\t\t\t\t\t\t\t<div class=\"elementor-field-subgroup\">\n\t\t\t<span class=\"elementor-field-option\">\n\t\t\t\t<input type=\"checkbox\" name=\"form_fields[field_33c1f2d]\" id=\"form-field-field_33c1f2d\" class=\"elementor-field elementor-size-sm  elementor-acceptance-field\" required=\"required\">\n\t\t\t\t<label for=\"form-field-field_33c1f2d\">I accept the privacy policy and the sending of data.<\/label>\t\t\t<\/span>\n\t\t<\/div>\n\t\t\t\t\t\t<\/div>\n\t\t\t\t\t\t\t\t<div class=\"elementor-field-type-text\">\n\t\t\t\t\t<input size=\"1\" type=\"text\" name=\"form_fields[field_b446347]\" id=\"form-field-field_b446347\" class=\"elementor-field elementor-size-sm\" style=\"display:none !important;\">\t\t\t\t<\/div>\n\t\t\t\t\t\t\t\t<div class=\"elementor-field-type-recaptcha_v3 elementor-field-group elementor-column elementor-field-group-field_8ef3480 elementor-col-100 recaptcha_v3-bottomleft\">\n\t\t\t\t\t<div class=\"elementor-field\" id=\"form-field-field_8ef3480\"><div class=\"elementor-g-recaptcha\" data-sitekey=\"6LeNeOIpAAAAALoyzyFOELu-2wgJiQoSjqFy1D8w\" data-type=\"v3\" data-action=\"Form\" data-badge=\"bottomleft\" data-size=\"invisible\"><\/div><\/div>\t\t\t\t<\/div>\n\t\t\t\t\t\t\t\t<div class=\"elementor-field-group elementor-column elementor-field-type-submit elementor-col-100 e-form__buttons\">\n\t\t\t\t\t<button class=\"elementor-button elementor-size-md elementor-animation-grow\" type=\"submit\">\n\t\t\t\t\t\t<span class=\"elementor-button-content-wrapper\">\n\t\t\t\t\t\t\t\t\t\t\t\t\t\t\t\t\t\t\t\t\t\t<span class=\"elementor-button-text\">Send<\/span>\n\t\t\t\t\t\t\t\t\t\t\t\t\t<\/span>\n\t\t\t\t\t<\/button>\n\t\t\t\t<\/div>\n\t\t\t<\/div>\n\t\t<input type=\"hidden\" name=\"trp-form-language\" value=\"en\"\/><\/form>\n\t\t\t\t\t\t<\/div>\n\t\t\t\t<\/div>\n\t\t\t\t<\/div>\n\t\t\t\t<\/div>","protected":false},"excerpt":{"rendered":"<p>El marcado l\u00e1ser industrial se ha consolidado como una de las tecnolog\u00edas m\u00e1s avanzadas en la personalizaci\u00f3n y trazabilidad de productos. Esta t\u00e9cnica ofrece una soluci\u00f3n precisa y duradera para una amplia variedad de aplicaciones industriales, desde la automoci\u00f3n hasta la electr\u00f3nica, pasando por la medicina y m\u00e1s. Si est\u00e1s buscando un servicio de marcado [&hellip;]<\/p>","protected":false},"author":1,"featured_media":0,"parent":0,"menu_order":0,"comment_status":"closed","ping_status":"closed","template":"","meta":{"footnotes":""},"class_list":["post-3834","page","type-page","status-publish","hentry"],"yoast_head":"<!-- This site is optimized with the Yoast SEO plugin v25.2 - https:\/\/yoast.com\/wordpress\/plugins\/seo\/ -->\n<title>Marcado l\u00e1ser industrial - Electroerosiones Navarra<\/title>\n<meta name=\"robots\" content=\"index, follow, max-snippet:-1, max-image-preview:large, max-video-preview:-1\" \/>\n<link rel=\"canonical\" href=\"https:\/\/elnasl.eu\/en\/marcado-laser-industrial\/\" \/>\n<meta property=\"og:locale\" content=\"en_GB\" \/>\n<meta property=\"og:type\" content=\"article\" \/>\n<meta property=\"og:title\" content=\"Marcado l\u00e1ser industrial - Electroerosiones Navarra\" \/>\n<meta property=\"og:description\" content=\"El marcado l\u00e1ser industrial se ha consolidado como una de las tecnolog\u00edas m\u00e1s avanzadas en la personalizaci\u00f3n y trazabilidad de productos. Esta t\u00e9cnica ofrece una soluci\u00f3n precisa y duradera para una amplia variedad de aplicaciones industriales, desde la automoci\u00f3n hasta la electr\u00f3nica, pasando por la medicina y m\u00e1s. Si est\u00e1s buscando un servicio de marcado [&hellip;]\" \/>\n<meta property=\"og:url\" content=\"https:\/\/elnasl.eu\/en\/marcado-laser-industrial\/\" \/>\n<meta property=\"og:site_name\" content=\"Electroerosiones Navarra\" \/>\n<meta property=\"article:modified_time\" content=\"2025-01-13T12:20:43+00:00\" \/>\n<meta name=\"twitter:card\" content=\"summary_large_image\" \/>\n<meta name=\"twitter:label1\" content=\"Estimated reading time\" \/>\n\t<meta name=\"twitter:data1\" content=\"3 minutes\" \/>\n<script type=\"application\/ld+json\" class=\"yoast-schema-graph\">{\"@context\":\"https:\/\/schema.org\",\"@graph\":[{\"@type\":\"WebPage\",\"@id\":\"https:\/\/elnasl.eu\/marcado-laser-industrial\",\"url\":\"https:\/\/elnasl.eu\/marcado-laser-industrial\",\"name\":\"Marcado l\u00e1ser industrial - Electroerosiones Navarra\",\"isPartOf\":{\"@id\":\"https:\/\/elnasl.eu\/#website\"},\"datePublished\":\"2025-01-13T12:19:58+00:00\",\"dateModified\":\"2025-01-13T12:20:43+00:00\",\"breadcrumb\":{\"@id\":\"https:\/\/elnasl.eu\/marcado-laser-industrial#breadcrumb\"},\"inLanguage\":\"en-GB\",\"potentialAction\":[{\"@type\":\"ReadAction\",\"target\":[\"https:\/\/elnasl.eu\/marcado-laser-industrial\"]}]},{\"@type\":\"BreadcrumbList\",\"@id\":\"https:\/\/elnasl.eu\/marcado-laser-industrial#breadcrumb\",\"itemListElement\":[{\"@type\":\"ListItem\",\"position\":1,\"name\":\"Portada\",\"item\":\"https:\/\/elnasl.eu\/\"},{\"@type\":\"ListItem\",\"position\":2,\"name\":\"Marcado l\u00e1ser industrial\"}]},{\"@type\":\"WebSite\",\"@id\":\"https:\/\/elnasl.eu\/#website\",\"url\":\"https:\/\/elnasl.eu\/\",\"name\":\"Electroerosiones Navarra\",\"description\":\"25 a\u00f1os de experiencia en mecanizados por electroerosi\u00f3n.\",\"publisher\":{\"@id\":\"https:\/\/elnasl.eu\/#organization\"},\"potentialAction\":[{\"@type\":\"SearchAction\",\"target\":{\"@type\":\"EntryPoint\",\"urlTemplate\":\"https:\/\/elnasl.eu\/?s={search_term_string}\"},\"query-input\":{\"@type\":\"PropertyValueSpecification\",\"valueRequired\":true,\"valueName\":\"search_term_string\"}}],\"inLanguage\":\"en-GB\"},{\"@type\":\"Organization\",\"@id\":\"https:\/\/elnasl.eu\/#organization\",\"name\":\"Electroerosiones Navarra\",\"url\":\"https:\/\/elnasl.eu\/\",\"logo\":{\"@type\":\"ImageObject\",\"inLanguage\":\"en-GB\",\"@id\":\"https:\/\/elnasl.eu\/#\/schema\/logo\/image\/\",\"url\":\"https:\/\/elnasl.eu\/wp-content\/uploads\/2024\/04\/elna-Recuperado-03-1.png\",\"contentUrl\":\"https:\/\/elnasl.eu\/wp-content\/uploads\/2024\/04\/elna-Recuperado-03-1.png\",\"width\":3997,\"height\":3171,\"caption\":\"Electroerosiones Navarra\"},\"image\":{\"@id\":\"https:\/\/elnasl.eu\/#\/schema\/logo\/image\/\"}}]}<\/script>\n<!-- \/ Yoast SEO plugin. -->","yoast_head_json":{"title":"Marcado l\u00e1ser industrial - Electroerosiones Navarra","robots":{"index":"index","follow":"follow","max-snippet":"max-snippet:-1","max-image-preview":"max-image-preview:large","max-video-preview":"max-video-preview:-1"},"canonical":"https:\/\/elnasl.eu\/en\/marcado-laser-industrial\/","og_locale":"en_GB","og_type":"article","og_title":"Marcado l\u00e1ser industrial - Electroerosiones Navarra","og_description":"El marcado l\u00e1ser industrial se ha consolidado como una de las tecnolog\u00edas m\u00e1s avanzadas en la personalizaci\u00f3n y trazabilidad de productos. Esta t\u00e9cnica ofrece una soluci\u00f3n precisa y duradera para una amplia variedad de aplicaciones industriales, desde la automoci\u00f3n hasta la electr\u00f3nica, pasando por la medicina y m\u00e1s. Si est\u00e1s buscando un servicio de marcado [&hellip;]","og_url":"https:\/\/elnasl.eu\/en\/marcado-laser-industrial\/","og_site_name":"Electroerosiones Navarra","article_modified_time":"2025-01-13T12:20:43+00:00","twitter_card":"summary_large_image","twitter_misc":{"Estimated reading time":"3 minutes"},"schema":{"@context":"https:\/\/schema.org","@graph":[{"@type":"WebPage","@id":"https:\/\/elnasl.eu\/marcado-laser-industrial","url":"https:\/\/elnasl.eu\/marcado-laser-industrial","name":"Marcado l\u00e1ser industrial - Electroerosiones Navarra","isPartOf":{"@id":"https:\/\/elnasl.eu\/#website"},"datePublished":"2025-01-13T12:19:58+00:00","dateModified":"2025-01-13T12:20:43+00:00","breadcrumb":{"@id":"https:\/\/elnasl.eu\/marcado-laser-industrial#breadcrumb"},"inLanguage":"en-GB","potentialAction":[{"@type":"ReadAction","target":["https:\/\/elnasl.eu\/marcado-laser-industrial"]}]},{"@type":"BreadcrumbList","@id":"https:\/\/elnasl.eu\/marcado-laser-industrial#breadcrumb","itemListElement":[{"@type":"ListItem","position":1,"name":"Portada","item":"https:\/\/elnasl.eu\/"},{"@type":"ListItem","position":2,"name":"Marcado l\u00e1ser industrial"}]},{"@type":"WebSite","@id":"https:\/\/elnasl.eu\/#website","url":"https:\/\/elnasl.eu\/","name":"Electroerosiones Navarra","description":"25 a\u00f1os de experiencia en mecanizados por electroerosi\u00f3n.","publisher":{"@id":"https:\/\/elnasl.eu\/#organization"},"potentialAction":[{"@type":"SearchAction","target":{"@type":"EntryPoint","urlTemplate":"https:\/\/elnasl.eu\/?s={search_term_string}"},"query-input":{"@type":"PropertyValueSpecification","valueRequired":true,"valueName":"search_term_string"}}],"inLanguage":"en-GB"},{"@type":"Organization","@id":"https:\/\/elnasl.eu\/#organization","name":"Electroerosiones Navarra","url":"https:\/\/elnasl.eu\/","logo":{"@type":"ImageObject","inLanguage":"en-GB","@id":"https:\/\/elnasl.eu\/#\/schema\/logo\/image\/","url":"https:\/\/elnasl.eu\/wp-content\/uploads\/2024\/04\/elna-Recuperado-03-1.png","contentUrl":"https:\/\/elnasl.eu\/wp-content\/uploads\/2024\/04\/elna-Recuperado-03-1.png","width":3997,"height":3171,"caption":"Electroerosiones Navarra"},"image":{"@id":"https:\/\/elnasl.eu\/#\/schema\/logo\/image\/"}}]}},"_links":{"self":[{"href":"https:\/\/elnasl.eu\/en\/wp-json\/wp\/v2\/pages\/3834","targetHints":{"allow":["GET"]}}],"collection":[{"href":"https:\/\/elnasl.eu\/en\/wp-json\/wp\/v2\/pages"}],"about":[{"href":"https:\/\/elnasl.eu\/en\/wp-json\/wp\/v2\/types\/page"}],"author":[{"embeddable":true,"href":"https:\/\/elnasl.eu\/en\/wp-json\/wp\/v2\/users\/1"}],"replies":[{"embeddable":true,"href":"https:\/\/elnasl.eu\/en\/wp-json\/wp\/v2\/comments?post=3834"}],"version-history":[{"count":4,"href":"https:\/\/elnasl.eu\/en\/wp-json\/wp\/v2\/pages\/3834\/revisions"}],"predecessor-version":[{"id":3838,"href":"https:\/\/elnasl.eu\/en\/wp-json\/wp\/v2\/pages\/3834\/revisions\/3838"}],"wp:attachment":[{"href":"https:\/\/elnasl.eu\/en\/wp-json\/wp\/v2\/media?parent=3834"}],"curies":[{"name":"wp","href":"https:\/\/api.w.org\/{rel}","templated":true}]}}