{"id":844,"date":"2024-04-05T11:18:34","date_gmt":"2024-04-05T09:18:34","guid":{"rendered":"https:\/\/elnasl.eu\/?page_id=844"},"modified":"2025-01-14T14:27:15","modified_gmt":"2025-01-14T13:27:15","slug":"empresa","status":"publish","type":"page","link":"https:\/\/elnasl.eu\/en\/empresa","title":{"rendered":"Us"},"content":{"rendered":"<div data-elementor-type=\"wp-page\" data-elementor-id=\"844\" class=\"elementor elementor-844\" data-elementor-post-type=\"page\">\n\t\t\t\t\t\t<section class=\"elementor-section elementor-top-section elementor-element elementor-element-b9a0478 elementor-section-boxed elementor-section-height-default elementor-section-height-default\" data-id=\"b9a0478\" data-element_type=\"section\" data-settings=\"{&quot;background_background&quot;:&quot;classic&quot;}\">\n\t\t\t\t\t\t\t<div class=\"elementor-background-overlay\"><\/div>\n\t\t\t\t\t\t\t<div class=\"elementor-container elementor-column-gap-no\">\n\t\t\t\t\t<div class=\"elementor-column elementor-col-100 elementor-top-column elementor-element elementor-element-a47ae90\" data-id=\"a47ae90\" data-element_type=\"column\">\n\t\t\t<div class=\"elementor-widget-wrap elementor-element-populated\">\n\t\t\t\t\t\t<div class=\"elementor-element elementor-element-e9fb09e elementor-invisible elementor-widget elementor-widget-heading\" data-id=\"e9fb09e\" data-element_type=\"widget\" data-settings=\"{&quot;_animation&quot;:&quot;fadeIn&quot;}\" data-widget_type=\"heading.default\">\n\t\t\t\t<div class=\"elementor-widget-container\">\n\t\t\t\t\t<h1 class=\"elementor-heading-title elementor-size-default\">Who we are\n<\/h1>\t\t\t\t<\/div>\n\t\t\t\t<\/div>\n\t\t\t\t\t<\/div>\n\t\t<\/div>\n\t\t\t\t\t<\/div>\n\t\t<\/section>\n\t\t<div class=\"elementor-element elementor-element-2ad5444 e-flex e-con-boxed e-con e-parent\" data-id=\"2ad5444\" data-element_type=\"container\">\n\t\t\t\t\t<div class=\"e-con-inner\">\n\t\t\t\t<div class=\"elementor-element elementor-element-7ad0729 elementor-widget elementor-widget-image\" data-id=\"7ad0729\" data-element_type=\"widget\" data-widget_type=\"image.default\">\n\t\t\t\t<div class=\"elementor-widget-container\">\n\t\t\t\t\t\t\t\t\t\t\t\t\t\t\t<img fetchpriority=\"high\" decoding=\"async\" width=\"800\" height=\"800\" src=\"https:\/\/elnasl.eu\/wp-content\/uploads\/2025\/01\/25-anos-1024x1024.png\" class=\"attachment-large size-large wp-image-3983\" alt=\"\" srcset=\"https:\/\/elnasl.eu\/wp-content\/uploads\/2025\/01\/25-anos-1024x1024.png 1024w, https:\/\/elnasl.eu\/wp-content\/uploads\/2025\/01\/25-anos-300x300.png 300w, https:\/\/elnasl.eu\/wp-content\/uploads\/2025\/01\/25-anos-150x150.png 150w, https:\/\/elnasl.eu\/wp-content\/uploads\/2025\/01\/25-anos-768x768.png 768w, https:\/\/elnasl.eu\/wp-content\/uploads\/2025\/01\/25-anos-1536x1536.png 1536w, https:\/\/elnasl.eu\/wp-content\/uploads\/2025\/01\/25-anos-12x12.png 12w, https:\/\/elnasl.eu\/wp-content\/uploads\/2025\/01\/25-anos.png 1755w\" sizes=\"(max-width: 800px) 100vw, 800px\" \/>\t\t\t\t\t\t\t\t\t\t\t\t\t\t\t<\/div>\n\t\t\t\t<\/div>\n\t\t\t\t\t<\/div>\n\t\t\t\t<\/div>\n\t\t\t\t<section class=\"elementor-section elementor-top-section elementor-element elementor-element-b7deed2 elementor-section-boxed elementor-section-height-default elementor-section-height-default\" data-id=\"b7deed2\" data-element_type=\"section\">\n\t\t\t\t\t\t<div class=\"elementor-container elementor-column-gap-default\">\n\t\t\t\t\t<div class=\"elementor-column elementor-col-100 elementor-top-column elementor-element elementor-element-16494aa\" data-id=\"16494aa\" data-element_type=\"column\">\n\t\t\t<div class=\"elementor-widget-wrap elementor-element-populated\">\n\t\t\t\t\t\t<div class=\"elementor-element elementor-element-d47eaa8 elementor-widget elementor-widget-heading\" data-id=\"d47eaa8\" data-element_type=\"widget\" data-widget_type=\"heading.default\">\n\t\t\t\t<div class=\"elementor-widget-container\">\n\t\t\t\t\t<h2 class=\"elementor-heading-title elementor-size-default\">Family business<\/h2>\t\t\t\t<\/div>\n\t\t\t\t<\/div>\n\t\t\t\t<div class=\"elementor-element elementor-element-b634d22 elementor-invisible elementor-widget elementor-widget-text-editor\" data-id=\"b634d22\" data-element_type=\"widget\" data-settings=\"{&quot;_animation&quot;:&quot;fadeInDown&quot;}\" data-widget_type=\"text-editor.default\">\n\t\t\t\t<div class=\"elementor-widget-container\">\n\t\t\t\t\t\t\t\t\t<p>We are a family business located in Navarra, rooted in excellence and experience. With 25 years of exclusive dedication to wire and die-sinking metal EDM, we have established ourselves as a benchmark in the market, providing comprehensive service to key sectors such as stamping, automotive, aviation and food, among others.<br \/>Our history is marked by an unwavering commitment to quality and customer satisfaction. From day one, we have prioritized investing in human talent, assembling a highly qualified and passionate team. This human capital, combined with modern facilities and cutting-edge machinery, allows us not only to meet the most demanding requirements, but also to anticipate market needs and exceed our clients&#039; expectations in each project.<\/p>\t\t\t\t\t\t\t\t<\/div>\n\t\t\t\t<\/div>\n\t\t\t\t\t<\/div>\n\t\t<\/div>\n\t\t\t\t\t<\/div>\n\t\t<\/section>\n\t\t<div class=\"elementor-element elementor-element-15c8940 e-flex e-con-boxed e-con e-parent\" data-id=\"15c8940\" data-element_type=\"container\" data-settings=\"{&quot;background_background&quot;:&quot;classic&quot;}\">\n\t\t\t\t\t<div class=\"e-con-inner\">\n\t\t<div class=\"elementor-element elementor-element-c2d9270 e-con-full e-flex e-con e-child\" data-id=\"c2d9270\" data-element_type=\"container\">\n\t\t\t\t<div class=\"elementor-element elementor-element-d2debe5 elementor-invisible elementor-widget elementor-widget-heading\" data-id=\"d2debe5\" data-element_type=\"widget\" data-settings=\"{&quot;_animation&quot;:&quot;fadeInDown&quot;}\" data-widget_type=\"heading.default\">\n\t\t\t\t<div class=\"elementor-widget-container\">\n\t\t\t\t\t<h2 class=\"elementor-heading-title elementor-size-default\">             Beyond EDM<\/h2>\t\t\t\t<\/div>\n\t\t\t\t<\/div>\n\t\t\t\t<\/div>\n\t\t\t\t\t<\/div>\n\t\t\t\t<\/div>\n\t\t\t\t<section class=\"elementor-section elementor-top-section elementor-element elementor-element-20f2c8b elementor-section-boxed elementor-section-height-default elementor-section-height-default\" data-id=\"20f2c8b\" data-element_type=\"section\">\n\t\t\t\t\t\t<div class=\"elementor-container elementor-column-gap-default\">\n\t\t\t\t\t<div class=\"elementor-column elementor-col-100 elementor-top-column elementor-element elementor-element-18edcfb\" data-id=\"18edcfb\" data-element_type=\"column\">\n\t\t\t<div class=\"elementor-widget-wrap elementor-element-populated\">\n\t\t\t\t\t\t<section class=\"elementor-section elementor-inner-section elementor-element elementor-element-2177ec3 elementor-section-boxed elementor-section-height-default elementor-section-height-default\" data-id=\"2177ec3\" data-element_type=\"section\">\n\t\t\t\t\t\t<div class=\"elementor-container elementor-column-gap-default\">\n\t\t\t\t\t<div class=\"elementor-column elementor-col-50 elementor-inner-column elementor-element elementor-element-9e82cd4 elementor-invisible\" data-id=\"9e82cd4\" data-element_type=\"column\" data-settings=\"{&quot;animation&quot;:&quot;fadeIn&quot;}\">\n\t\t\t<div class=\"elementor-widget-wrap elementor-element-populated\">\n\t\t\t\t\t\t<div class=\"elementor-element elementor-element-9a650a4 elementor-widget elementor-widget-heading\" data-id=\"9a650a4\" data-element_type=\"widget\" data-widget_type=\"heading.default\">\n\t\t\t\t<div class=\"elementor-widget-container\">\n\t\t\t\t\t<h2 class=\"elementor-heading-title elementor-size-default\">Comprehensive collaboration service\n<\/h2>\t\t\t\t<\/div>\n\t\t\t\t<\/div>\n\t\t\t\t<div class=\"elementor-element elementor-element-75d476e elementor-widget elementor-widget-text-editor\" data-id=\"75d476e\" data-element_type=\"widget\" data-widget_type=\"text-editor.default\">\n\t\t\t\t<div class=\"elementor-widget-container\">\n\t\t\t\t\t\t\t\t\t<p>We are absolutely convinced that collaboration is the key to success. For 25 years, we have built strong, trusting relationships with external suppliers who share our values of excellence and commitment. This network of partners, combined with our expertise in innovation and precision in EDM, allows us to offer a comprehensive service. We guarantee not only quality and speed of delivery, but also the flexibility and adaptability needed to meet the most complex challenges of the metalworking industry. Together, we set ever higher standards, defining the future of EDM.<\/p>\t\t\t\t\t\t\t\t<\/div>\n\t\t\t\t<\/div>\n\t\t\t\t\t<\/div>\n\t\t<\/div>\n\t\t\t\t<div class=\"elementor-column elementor-col-50 elementor-inner-column elementor-element elementor-element-0d4119c\" data-id=\"0d4119c\" data-element_type=\"column\">\n\t\t\t<div class=\"elementor-widget-wrap elementor-element-populated\">\n\t\t\t\t\t\t<div class=\"elementor-element elementor-element-118f0ad elementor-invisible elementor-widget elementor-widget-image\" data-id=\"118f0ad\" data-element_type=\"widget\" data-settings=\"{&quot;_animation&quot;:&quot;fadeInDown&quot;}\" data-widget_type=\"image.default\">\n\t\t\t\t<div class=\"elementor-widget-container\">\n\t\t\t\t\t\t\t\t\t\t\t\t\t\t\t<img decoding=\"async\" width=\"800\" height=\"600\" src=\"https:\/\/elnasl.eu\/wp-content\/uploads\/2024\/04\/IMG_4076-1024x768.jpeg\" class=\"attachment-large size-large wp-image-2597\" alt=\"\" srcset=\"https:\/\/elnasl.eu\/wp-content\/uploads\/2024\/04\/IMG_4076-1024x768.jpeg 1024w, https:\/\/elnasl.eu\/wp-content\/uploads\/2024\/04\/IMG_4076-300x225.jpeg 300w, https:\/\/elnasl.eu\/wp-content\/uploads\/2024\/04\/IMG_4076-768x576.jpeg 768w, https:\/\/elnasl.eu\/wp-content\/uploads\/2024\/04\/IMG_4076-1536x1152.jpeg 1536w, https:\/\/elnasl.eu\/wp-content\/uploads\/2024\/04\/IMG_4076-2048x1536.jpeg 2048w\" sizes=\"(max-width: 800px) 100vw, 800px\" \/>\t\t\t\t\t\t\t\t\t\t\t\t\t\t\t<\/div>\n\t\t\t\t<\/div>\n\t\t\t\t\t<\/div>\n\t\t<\/div>\n\t\t\t\t\t<\/div>\n\t\t<\/section>\n\t\t\t\t\t<\/div>\n\t\t<\/div>\n\t\t\t\t\t<\/div>\n\t\t<\/section>\n\t\t\t\t<section class=\"elementor-section elementor-top-section elementor-element elementor-element-f071d9b elementor-section-boxed elementor-section-height-default elementor-section-height-default\" data-id=\"f071d9b\" data-element_type=\"section\">\n\t\t\t\t\t\t<div class=\"elementor-container elementor-column-gap-default\">\n\t\t\t\t\t<div class=\"elementor-column elementor-col-100 elementor-top-column elementor-element elementor-element-a1d8dc1\" data-id=\"a1d8dc1\" data-element_type=\"column\">\n\t\t\t<div class=\"elementor-widget-wrap elementor-element-populated\">\n\t\t\t\t\t\t<section class=\"elementor-section elementor-inner-section elementor-element elementor-element-f7e2274 elementor-reverse-tablet elementor-reverse-mobile elementor-section-boxed elementor-section-height-default elementor-section-height-default\" data-id=\"f7e2274\" data-element_type=\"section\">\n\t\t\t\t\t\t<div class=\"elementor-container elementor-column-gap-default\">\n\t\t\t\t\t<div class=\"elementor-column elementor-col-50 elementor-inner-column elementor-element elementor-element-df9fa11 elementor-invisible\" data-id=\"df9fa11\" data-element_type=\"column\" data-settings=\"{&quot;animation&quot;:&quot;fadeIn&quot;}\">\n\t\t\t<div class=\"elementor-widget-wrap elementor-element-populated\">\n\t\t\t\t\t\t<div class=\"elementor-element elementor-element-751c88b elementor-invisible elementor-widget elementor-widget-image\" data-id=\"751c88b\" data-element_type=\"widget\" data-settings=\"{&quot;_animation&quot;:&quot;fadeInDown&quot;}\" data-widget_type=\"image.default\">\n\t\t\t\t<div class=\"elementor-widget-container\">\n\t\t\t\t\t\t\t\t\t\t\t\t\t\t\t<img decoding=\"async\" width=\"300\" height=\"400\" src=\"https:\/\/elnasl.eu\/wp-content\/uploads\/2024\/04\/IMG_1202-1-1.jpg\" class=\"attachment-large size-large wp-image-2598\" alt=\"\" srcset=\"https:\/\/elnasl.eu\/wp-content\/uploads\/2024\/04\/IMG_1202-1-1.jpg 300w, https:\/\/elnasl.eu\/wp-content\/uploads\/2024\/04\/IMG_1202-1-1-225x300.jpg 225w\" sizes=\"(max-width: 300px) 100vw, 300px\" \/>\t\t\t\t\t\t\t\t\t\t\t\t\t\t\t<\/div>\n\t\t\t\t<\/div>\n\t\t\t\t\t<\/div>\n\t\t<\/div>\n\t\t\t\t<div class=\"elementor-column elementor-col-50 elementor-inner-column elementor-element elementor-element-32987b3\" data-id=\"32987b3\" data-element_type=\"column\">\n\t\t\t<div class=\"elementor-widget-wrap elementor-element-populated\">\n\t\t\t\t\t\t<div class=\"elementor-element elementor-element-c561930 elementor-widget elementor-widget-heading\" data-id=\"c561930\" data-element_type=\"widget\" data-widget_type=\"heading.default\">\n\t\t\t\t<div class=\"elementor-widget-container\">\n\t\t\t\t\t<h2 class=\"elementor-heading-title elementor-size-default\">Our Vision<\/h2>\t\t\t\t<\/div>\n\t\t\t\t<\/div>\n\t\t\t\t<div class=\"elementor-element elementor-element-746a1b0 elementor-widget elementor-widget-text-editor\" data-id=\"746a1b0\" data-element_type=\"widget\" data-widget_type=\"text-editor.default\">\n\t\t\t\t<div class=\"elementor-widget-container\">\n\t\t\t\t\t\t\t\t\tAt Electroerosiones Navarra SL we strive to be more than just an EDM company. We are a trusted partner, a driver of innovation and an agent of positive change in the industrial sector. We are committed to excellence in every aspect of our operation and to the sustainable success of our customers, employees and communities.\t\t\t\t\t\t\t\t<\/div>\n\t\t\t\t<\/div>\n\t\t\t\t\t<\/div>\n\t\t<\/div>\n\t\t\t\t\t<\/div>\n\t\t<\/section>\n\t\t\t\t\t<\/div>\n\t\t<\/div>\n\t\t\t\t\t<\/div>\n\t\t<\/section>\n\t\t\t\t<\/div>","protected":false},"excerpt":{"rendered":"<p>Who we are: A family business We are a family business located in Navarra, rooted in excellence and experience. With 25 years of exclusive dedication to wire and die-sinking EDM, we have established ourselves as a market leader, comprehensively serving key sectors such as stamping, automotive, aviation, and food, [\u2026]<\/p>","protected":false},"author":1,"featured_media":0,"parent":0,"menu_order":0,"comment_status":"closed","ping_status":"closed","template":"","meta":{"footnotes":""},"class_list":["post-844","page","type-page","status-publish","hentry"],"yoast_head":"<!-- This site is optimized with the Yoast SEO plugin v25.2 - https:\/\/yoast.com\/wordpress\/plugins\/seo\/ -->\n<title>Nosotros - Electroerosiones Navarra<\/title>\n<meta name=\"robots\" content=\"index, follow, max-snippet:-1, max-image-preview:large, max-video-preview:-1\" \/>\n<link rel=\"canonical\" href=\"https:\/\/elnasl.eu\/en\/empresa\/\" \/>\n<meta property=\"og:locale\" content=\"en_GB\" \/>\n<meta property=\"og:type\" content=\"article\" \/>\n<meta property=\"og:title\" content=\"Nosotros - Electroerosiones Navarra\" \/>\n<meta property=\"og:description\" content=\"Qui\u00e9nes somos Empresa familiar Somos una empresa familiar situada en Navarra arraigada en la excelencia y la experiencia. Con 25 a\u00f1os de dedicaci\u00f3n exclusiva a la electroerosi\u00f3n de metales por hilo y penetraci\u00f3n, nos hemos consolidado como referentes en el mercado, sirviendo de manera integral a sectores clave como la estampaci\u00f3n, automoci\u00f3n, aviaci\u00f3n y alimentaci\u00f3n, [&hellip;]\" \/>\n<meta property=\"og:url\" content=\"https:\/\/elnasl.eu\/en\/empresa\/\" \/>\n<meta property=\"og:site_name\" content=\"Electroerosiones Navarra\" \/>\n<meta property=\"article:modified_time\" content=\"2025-01-14T13:27:15+00:00\" \/>\n<meta property=\"og:image\" content=\"https:\/\/elnasl.eu\/wp-content\/uploads\/2025\/01\/25-anos-1024x1024.png\" \/>\n<meta name=\"twitter:card\" content=\"summary_large_image\" \/>\n<meta name=\"twitter:label1\" content=\"Estimated reading time\" \/>\n\t<meta name=\"twitter:data1\" content=\"2 minutes\" \/>\n<script type=\"application\/ld+json\" class=\"yoast-schema-graph\">{\"@context\":\"https:\/\/schema.org\",\"@graph\":[{\"@type\":\"WebPage\",\"@id\":\"https:\/\/elnasl.eu\/empresa\",\"url\":\"https:\/\/elnasl.eu\/empresa\",\"name\":\"Nosotros - Electroerosiones Navarra\",\"isPartOf\":{\"@id\":\"https:\/\/elnasl.eu\/#website\"},\"primaryImageOfPage\":{\"@id\":\"https:\/\/elnasl.eu\/empresa#primaryimage\"},\"image\":{\"@id\":\"https:\/\/elnasl.eu\/empresa#primaryimage\"},\"thumbnailUrl\":\"https:\/\/elnasl.eu\/wp-content\/uploads\/2025\/01\/25-anos-1024x1024.png\",\"datePublished\":\"2024-04-05T09:18:34+00:00\",\"dateModified\":\"2025-01-14T13:27:15+00:00\",\"breadcrumb\":{\"@id\":\"https:\/\/elnasl.eu\/empresa#breadcrumb\"},\"inLanguage\":\"en-GB\",\"potentialAction\":[{\"@type\":\"ReadAction\",\"target\":[\"https:\/\/elnasl.eu\/empresa\"]}]},{\"@type\":\"ImageObject\",\"inLanguage\":\"en-GB\",\"@id\":\"https:\/\/elnasl.eu\/empresa#primaryimage\",\"url\":\"https:\/\/elnasl.eu\/wp-content\/uploads\/2025\/01\/25-anos-1024x1024.png\",\"contentUrl\":\"https:\/\/elnasl.eu\/wp-content\/uploads\/2025\/01\/25-anos-1024x1024.png\"},{\"@type\":\"BreadcrumbList\",\"@id\":\"https:\/\/elnasl.eu\/empresa#breadcrumb\",\"itemListElement\":[{\"@type\":\"ListItem\",\"position\":1,\"name\":\"Portada\",\"item\":\"https:\/\/elnasl.eu\/\"},{\"@type\":\"ListItem\",\"position\":2,\"name\":\"Nosotros\"}]},{\"@type\":\"WebSite\",\"@id\":\"https:\/\/elnasl.eu\/#website\",\"url\":\"https:\/\/elnasl.eu\/\",\"name\":\"Electroerosiones Navarra\",\"description\":\"25 a\u00f1os de experiencia en mecanizados por electroerosi\u00f3n.\",\"publisher\":{\"@id\":\"https:\/\/elnasl.eu\/#organization\"},\"potentialAction\":[{\"@type\":\"SearchAction\",\"target\":{\"@type\":\"EntryPoint\",\"urlTemplate\":\"https:\/\/elnasl.eu\/?s={search_term_string}\"},\"query-input\":{\"@type\":\"PropertyValueSpecification\",\"valueRequired\":true,\"valueName\":\"search_term_string\"}}],\"inLanguage\":\"en-GB\"},{\"@type\":\"Organization\",\"@id\":\"https:\/\/elnasl.eu\/#organization\",\"name\":\"Electroerosiones Navarra\",\"url\":\"https:\/\/elnasl.eu\/\",\"logo\":{\"@type\":\"ImageObject\",\"inLanguage\":\"en-GB\",\"@id\":\"https:\/\/elnasl.eu\/#\/schema\/logo\/image\/\",\"url\":\"https:\/\/elnasl.eu\/wp-content\/uploads\/2024\/04\/elna-Recuperado-03-1.png\",\"contentUrl\":\"https:\/\/elnasl.eu\/wp-content\/uploads\/2024\/04\/elna-Recuperado-03-1.png\",\"width\":3997,\"height\":3171,\"caption\":\"Electroerosiones Navarra\"},\"image\":{\"@id\":\"https:\/\/elnasl.eu\/#\/schema\/logo\/image\/\"}}]}<\/script>\n<!-- \/ Yoast SEO plugin. -->","yoast_head_json":{"title":"Nosotros - Electroerosiones Navarra","robots":{"index":"index","follow":"follow","max-snippet":"max-snippet:-1","max-image-preview":"max-image-preview:large","max-video-preview":"max-video-preview:-1"},"canonical":"https:\/\/elnasl.eu\/en\/empresa\/","og_locale":"en_GB","og_type":"article","og_title":"Nosotros - Electroerosiones Navarra","og_description":"Qui\u00e9nes somos Empresa familiar Somos una empresa familiar situada en Navarra arraigada en la excelencia y la experiencia. Con 25 a\u00f1os de dedicaci\u00f3n exclusiva a la electroerosi\u00f3n de metales por hilo y penetraci\u00f3n, nos hemos consolidado como referentes en el mercado, sirviendo de manera integral a sectores clave como la estampaci\u00f3n, automoci\u00f3n, aviaci\u00f3n y alimentaci\u00f3n, [&hellip;]","og_url":"https:\/\/elnasl.eu\/en\/empresa\/","og_site_name":"Electroerosiones Navarra","article_modified_time":"2025-01-14T13:27:15+00:00","og_image":[{"url":"https:\/\/elnasl.eu\/wp-content\/uploads\/2025\/01\/25-anos-1024x1024.png","type":"","width":"","height":""}],"twitter_card":"summary_large_image","twitter_misc":{"Estimated reading time":"2 minutes"},"schema":{"@context":"https:\/\/schema.org","@graph":[{"@type":"WebPage","@id":"https:\/\/elnasl.eu\/empresa","url":"https:\/\/elnasl.eu\/empresa","name":"Nosotros - Electroerosiones Navarra","isPartOf":{"@id":"https:\/\/elnasl.eu\/#website"},"primaryImageOfPage":{"@id":"https:\/\/elnasl.eu\/empresa#primaryimage"},"image":{"@id":"https:\/\/elnasl.eu\/empresa#primaryimage"},"thumbnailUrl":"https:\/\/elnasl.eu\/wp-content\/uploads\/2025\/01\/25-anos-1024x1024.png","datePublished":"2024-04-05T09:18:34+00:00","dateModified":"2025-01-14T13:27:15+00:00","breadcrumb":{"@id":"https:\/\/elnasl.eu\/empresa#breadcrumb"},"inLanguage":"en-GB","potentialAction":[{"@type":"ReadAction","target":["https:\/\/elnasl.eu\/empresa"]}]},{"@type":"ImageObject","inLanguage":"en-GB","@id":"https:\/\/elnasl.eu\/empresa#primaryimage","url":"https:\/\/elnasl.eu\/wp-content\/uploads\/2025\/01\/25-anos-1024x1024.png","contentUrl":"https:\/\/elnasl.eu\/wp-content\/uploads\/2025\/01\/25-anos-1024x1024.png"},{"@type":"BreadcrumbList","@id":"https:\/\/elnasl.eu\/empresa#breadcrumb","itemListElement":[{"@type":"ListItem","position":1,"name":"Portada","item":"https:\/\/elnasl.eu\/"},{"@type":"ListItem","position":2,"name":"Nosotros"}]},{"@type":"WebSite","@id":"https:\/\/elnasl.eu\/#website","url":"https:\/\/elnasl.eu\/","name":"Electroerosiones Navarra","description":"25 a\u00f1os de experiencia en mecanizados por electroerosi\u00f3n.","publisher":{"@id":"https:\/\/elnasl.eu\/#organization"},"potentialAction":[{"@type":"SearchAction","target":{"@type":"EntryPoint","urlTemplate":"https:\/\/elnasl.eu\/?s={search_term_string}"},"query-input":{"@type":"PropertyValueSpecification","valueRequired":true,"valueName":"search_term_string"}}],"inLanguage":"en-GB"},{"@type":"Organization","@id":"https:\/\/elnasl.eu\/#organization","name":"Electroerosiones Navarra","url":"https:\/\/elnasl.eu\/","logo":{"@type":"ImageObject","inLanguage":"en-GB","@id":"https:\/\/elnasl.eu\/#\/schema\/logo\/image\/","url":"https:\/\/elnasl.eu\/wp-content\/uploads\/2024\/04\/elna-Recuperado-03-1.png","contentUrl":"https:\/\/elnasl.eu\/wp-content\/uploads\/2024\/04\/elna-Recuperado-03-1.png","width":3997,"height":3171,"caption":"Electroerosiones Navarra"},"image":{"@id":"https:\/\/elnasl.eu\/#\/schema\/logo\/image\/"}}]}},"_links":{"self":[{"href":"https:\/\/elnasl.eu\/en\/wp-json\/wp\/v2\/pages\/844","targetHints":{"allow":["GET"]}}],"collection":[{"href":"https:\/\/elnasl.eu\/en\/wp-json\/wp\/v2\/pages"}],"about":[{"href":"https:\/\/elnasl.eu\/en\/wp-json\/wp\/v2\/types\/page"}],"author":[{"embeddable":true,"href":"https:\/\/elnasl.eu\/en\/wp-json\/wp\/v2\/users\/1"}],"replies":[{"embeddable":true,"href":"https:\/\/elnasl.eu\/en\/wp-json\/wp\/v2\/comments?post=844"}],"version-history":[{"count":105,"href":"https:\/\/elnasl.eu\/en\/wp-json\/wp\/v2\/pages\/844\/revisions"}],"predecessor-version":[{"id":3989,"href":"https:\/\/elnasl.eu\/en\/wp-json\/wp\/v2\/pages\/844\/revisions\/3989"}],"wp:attachment":[{"href":"https:\/\/elnasl.eu\/en\/wp-json\/wp\/v2\/media?parent=844"}],"curies":[{"name":"wp","href":"https:\/\/api.w.org\/{rel}","templated":true}]}}