{"id":1074,"date":"2024-04-08T09:25:26","date_gmt":"2024-04-08T07:25:26","guid":{"rendered":"https:\/\/elnasl.eu\/?page_id=1074"},"modified":"2025-02-19T11:46:03","modified_gmt":"2025-02-19T10:46:03","slug":"marcado-laser","status":"publish","type":"page","link":"https:\/\/elnasl.eu\/fr\/marcado-laser","title":{"rendered":"Marquage laser"},"content":{"rendered":"<div data-elementor-type=\"wp-page\" data-elementor-id=\"1074\" class=\"elementor elementor-1074\" data-elementor-post-type=\"page\">\n\t\t\t\t\t\t<section class=\"elementor-section elementor-top-section elementor-element elementor-element-7726ef7 elementor-section-boxed elementor-section-height-default elementor-section-height-default\" data-id=\"7726ef7\" data-element_type=\"section\" data-settings=\"{&quot;background_background&quot;:&quot;classic&quot;}\">\n\t\t\t\t\t\t\t<div class=\"elementor-background-overlay\"><\/div>\n\t\t\t\t\t\t\t<div class=\"elementor-container elementor-column-gap-no\">\n\t\t\t\t\t<div class=\"elementor-column elementor-col-100 elementor-top-column elementor-element elementor-element-9b01c0a\" data-id=\"9b01c0a\" data-element_type=\"column\">\n\t\t\t<div class=\"elementor-widget-wrap elementor-element-populated\">\n\t\t\t\t\t\t<div class=\"elementor-element elementor-element-c05cbe5 elementor-invisible elementor-widget elementor-widget-heading\" data-id=\"c05cbe5\" data-element_type=\"widget\" data-settings=\"{&quot;_animation&quot;:&quot;fadeIn&quot;}\" data-widget_type=\"heading.default\">\n\t\t\t\t<div class=\"elementor-widget-container\">\n\t\t\t\t\t<h1 class=\"elementor-heading-title elementor-size-default\">MARQUAGE LASER\n<\/h1>\t\t\t\t<\/div>\n\t\t\t\t<\/div>\n\t\t\t\t\t<\/div>\n\t\t<\/div>\n\t\t\t\t\t<\/div>\n\t\t<\/section>\n\t\t<div class=\"elementor-element elementor-element-40379fb e-flex e-con-boxed e-con e-parent\" data-id=\"40379fb\" data-element_type=\"container\">\n\t\t\t\t\t<div class=\"e-con-inner\">\n\t\t<div class=\"elementor-element elementor-element-89e8c04 e-con-full e-flex e-con e-child\" data-id=\"89e8c04\" data-element_type=\"container\">\n\t\t\t\t<div class=\"elementor-element elementor-element-c8590af elementor-widget elementor-widget-heading\" data-id=\"c8590af\" data-element_type=\"widget\" data-widget_type=\"heading.default\">\n\t\t\t\t<div class=\"elementor-widget-container\">\n\t\t\t\t\t<h2 class=\"elementor-heading-title elementor-size-default\"><h2 data-elementor-setting-key=\"title\" data-pen-placeholder=\"Teclea aqu\u00ed...\" style=\"font-family: Mulish, sans-serif;font-weight: 700\">Technologie de pr\u00e9cision pour l&#039;identification et la tra\u00e7abilit\u00e9<span style=\"color: var( --e-global-color-primary );font-family: var( --e-global-typography-primary-font-family ), Sans-serif;font-size: 2rem;font-weight: var( --e-global-typography-primary-font-weight );text-align: var(--text-align)\"><\/span><\/h2><\/h2>\t\t\t\t<\/div>\n\t\t\t\t<\/div>\n\t\t\t\t<div class=\"elementor-element elementor-element-b23e56b elementor-widget elementor-widget-text-editor\" data-id=\"b23e56b\" data-element_type=\"widget\" data-widget_type=\"text-editor.default\">\n\t\t\t\t<div class=\"elementor-widget-container\">\n\t\t\t\t\t\t\t\t\t<p><span style=\"font-size: 18px; font-weight: 600;\">Chez Electroerosiones Navarra, nous disposons d&#039;un service et de machines pour le marquage laser, une technologie de pointe et efficace.<\/span><\/p><p><span style=\"color: var( --e-global-color-text ); font-family: var( --e-global-typography-text-font-family ), Sans-serif; text-align: var(--text-align); font-size: 18px; font-weight: 600;\" title=\"Texte inclus dans le r\u00e9sum\u00e9\">Le faisceau laser<\/span><span style=\"color: var( --e-global-color-text ); font-family: var( --e-global-typography-text-font-family ), Sans-serif; text-align: var(--text-align); font-size: 18px; font-weight: 600;\">\u00a0permet\u00a0<\/span><span style=\"color: var( --e-global-color-text ); font-family: var( --e-global-typography-text-font-family ), Sans-serif; text-align: var(--text-align); font-size: 18px; font-weight: 600;\" title=\"Texte inclus dans le r\u00e9sum\u00e9\">nombre de pi\u00e8ces,<\/span><span style=\"color: var( --e-global-color-text ); font-family: var( --e-global-typography-text-font-family ), Sans-serif; text-align: var(--text-align); font-size: 18px; font-weight: 600;\">\u00a0assurant une lisibilit\u00e9 exceptionnelle, m\u00eame sur des formes et des zones complexes.<\/span><\/p>\t\t\t\t\t\t\t\t<\/div>\n\t\t\t\t<\/div>\n\t\t\t\t<\/div>\n\t\t<div class=\"elementor-element elementor-element-a3d668d e-con-full e-flex e-con e-child\" data-id=\"a3d668d\" data-element_type=\"container\">\n\t\t\t\t<div class=\"elementor-element elementor-element-cbfe5a8 elementor-widget elementor-widget-heading\" data-id=\"cbfe5a8\" data-element_type=\"widget\" data-widget_type=\"heading.default\">\n\t\t\t\t<div class=\"elementor-widget-container\">\n\t\t\t\t\t<h2 class=\"elementor-heading-title elementor-size-default\"><h2 data-elementor-setting-key=\"title\" data-pen-placeholder=\"Teclea aqu\u00ed...\" style=\"font-family: Mulish, sans-serif;font-weight: 700\">Avantages du marquage laser dans l&#039;industrie moderne<span style=\"color: var( --e-global-color-primary );font-family: var( --e-global-typography-primary-font-family ), Sans-serif;font-size: 2rem;font-weight: var( --e-global-typography-primary-font-weight );text-align: var(--text-align)\"><\/span><\/h2><\/h2>\t\t\t\t<\/div>\n\t\t\t\t<\/div>\n\t\t\t\t<div class=\"elementor-element elementor-element-9421e9b elementor-widget elementor-widget-text-editor\" data-id=\"9421e9b\" data-element_type=\"widget\" data-widget_type=\"text-editor.default\">\n\t\t\t\t<div class=\"elementor-widget-container\">\n\t\t\t\t\t\t\t\t\t<p>Notre technologie de marquage laser offre des marquages durables et fiables sans endommager la surface. De plus, il r\u00e9siste \u00e0 l\u2019usure, \u00e0 la chaleur et aux acides.<\/p><p>Avec des \u00e9quipements de pointe et un personnel hautement qualifi\u00e9, nous proposons des solutions de marquage laser pr\u00e9cises et personnalis\u00e9es qui d\u00e9passent les attentes.<\/p>\t\t\t\t\t\t\t\t<\/div>\n\t\t\t\t<\/div>\n\t\t\t\t<\/div>\n\t\t\t\t\t<\/div>\n\t\t\t\t<\/div>\n\t\t<div class=\"elementor-element elementor-element-8699ca8 e-con-full e-flex e-con e-parent\" data-id=\"8699ca8\" data-element_type=\"container\" data-settings=\"{&quot;background_background&quot;:&quot;classic&quot;}\">\n\t\t\t\t<div class=\"elementor-element elementor-element-6c3e10f elementor-invisible elementor-widget elementor-widget-heading\" data-id=\"6c3e10f\" data-element_type=\"widget\" data-settings=\"{&quot;_animation&quot;:&quot;fadeInDown&quot;}\" data-widget_type=\"heading.default\">\n\t\t\t\t<div class=\"elementor-widget-container\">\n\t\t\t\t\t<h2 class=\"elementor-heading-title elementor-size-default\">D\u00e9couvrez comment notre technologie de marquage laser peut am\u00e9liorer l&#039;identification et la tra\u00e7abilit\u00e9 de vos produits.<\/h2>\t\t\t\t<\/div>\n\t\t\t\t<\/div>\n\t\t\t\t<div class=\"elementor-element elementor-element-53a2337 elementor-widget elementor-widget-text-editor\" data-id=\"53a2337\" data-element_type=\"widget\" data-widget_type=\"text-editor.default\">\n\t\t\t\t<div class=\"elementor-widget-container\">\n\t\t\t\t\t\t\t\t\tContactez-nous pour en savoir plus sur nos services de marquage laser et comment nous pouvons vous aider dans vos projets de fabrication.\n\t\t\t\t\t\t\t\t<\/div>\n\t\t\t\t<\/div>\n\t\t\t\t<div class=\"elementor-element elementor-element-26033a3 elementor-align-center elementor-invisible elementor-widget elementor-widget-button\" data-id=\"26033a3\" data-element_type=\"widget\" data-settings=\"{&quot;_animation&quot;:&quot;fadeIn&quot;}\" data-widget_type=\"button.default\">\n\t\t\t\t<div class=\"elementor-widget-container\">\n\t\t\t\t\t\t\t\t\t<div class=\"elementor-button-wrapper\">\n\t\t\t\t\t<a class=\"elementor-button elementor-button-link elementor-size-sm\" href=\"https:\/\/elnasl.eu\/fr\/contacto\">\n\t\t\t\t\t\t<span class=\"elementor-button-content-wrapper\">\n\t\t\t\t\t\t\t\t\t<span class=\"elementor-button-text\">CONTACT<\/span>\n\t\t\t\t\t<\/span>\n\t\t\t\t\t<\/a>\n\t\t\t\t<\/div>\n\t\t\t\t\t\t\t\t<\/div>\n\t\t\t\t<\/div>\n\t\t\t\t<\/div>\n\t\t\t\t<\/div>","protected":false},"excerpt":{"rendered":"<p>MARCAJE L\u00c1SER Tecnolog\u00eda de precisi\u00f3n para indentificaci\u00f3n y trazabilidad En Electroerosiones Navarra, disponemos de servicio y maquinaria para el marcado l\u00e1ser, una tecnolog\u00eda de vanguardia eficaz. El rayo l\u00e1ser\u00a0permite\u00a0numerar piezas,\u00a0garantizando una legibilidad excepcional, incluso en formas y \u00e1reas complejas. Beneficios del marcado l\u00e1ser en la industria moderna Nuestra tecnolog\u00eda de marcado l\u00e1ser ofrece marcaciones duraderas [&hellip;]<\/p>","protected":false},"author":1,"featured_media":0,"parent":0,"menu_order":0,"comment_status":"closed","ping_status":"closed","template":"","meta":{"footnotes":""},"class_list":["post-1074","page","type-page","status-publish","hentry"],"yoast_head":"<!-- This site is optimized with the Yoast SEO plugin v25.2 - https:\/\/yoast.com\/wordpress\/plugins\/seo\/ -->\n<title>Marcado l\u00e1ser - Electroerosiones Navarra<\/title>\n<meta name=\"robots\" content=\"index, follow, max-snippet:-1, max-image-preview:large, max-video-preview:-1\" \/>\n<link rel=\"canonical\" href=\"https:\/\/elnasl.eu\/fr\/marcado-laser\/\" \/>\n<meta property=\"og:locale\" content=\"fr_FR\" \/>\n<meta property=\"og:type\" content=\"article\" \/>\n<meta property=\"og:title\" content=\"Marcado l\u00e1ser - Electroerosiones Navarra\" \/>\n<meta property=\"og:description\" content=\"MARCAJE L\u00c1SER Tecnolog\u00eda de precisi\u00f3n para indentificaci\u00f3n y trazabilidad En Electroerosiones Navarra, disponemos de servicio y maquinaria para el marcado l\u00e1ser, una tecnolog\u00eda de vanguardia eficaz. El rayo l\u00e1ser\u00a0permite\u00a0numerar piezas,\u00a0garantizando una legibilidad excepcional, incluso en formas y \u00e1reas complejas. Beneficios del marcado l\u00e1ser en la industria moderna Nuestra tecnolog\u00eda de marcado l\u00e1ser ofrece marcaciones duraderas [&hellip;]\" \/>\n<meta property=\"og:url\" content=\"https:\/\/elnasl.eu\/fr\/marcado-laser\/\" \/>\n<meta property=\"og:site_name\" content=\"Electroerosiones Navarra\" \/>\n<meta property=\"article:modified_time\" content=\"2025-02-19T10:46:03+00:00\" \/>\n<meta name=\"twitter:card\" content=\"summary_large_image\" \/>\n<meta name=\"twitter:label1\" content=\"Dur\u00e9e de lecture estim\u00e9e\" \/>\n\t<meta name=\"twitter:data1\" content=\"1 minute\" \/>\n<script type=\"application\/ld+json\" class=\"yoast-schema-graph\">{\"@context\":\"https:\/\/schema.org\",\"@graph\":[{\"@type\":\"WebPage\",\"@id\":\"https:\/\/elnasl.eu\/marcado-laser\",\"url\":\"https:\/\/elnasl.eu\/marcado-laser\",\"name\":\"Marcado l\u00e1ser - Electroerosiones Navarra\",\"isPartOf\":{\"@id\":\"https:\/\/elnasl.eu\/#website\"},\"datePublished\":\"2024-04-08T07:25:26+00:00\",\"dateModified\":\"2025-02-19T10:46:03+00:00\",\"breadcrumb\":{\"@id\":\"https:\/\/elnasl.eu\/marcado-laser#breadcrumb\"},\"inLanguage\":\"fr-FR\",\"potentialAction\":[{\"@type\":\"ReadAction\",\"target\":[\"https:\/\/elnasl.eu\/marcado-laser\"]}]},{\"@type\":\"BreadcrumbList\",\"@id\":\"https:\/\/elnasl.eu\/marcado-laser#breadcrumb\",\"itemListElement\":[{\"@type\":\"ListItem\",\"position\":1,\"name\":\"Portada\",\"item\":\"https:\/\/elnasl.eu\/\"},{\"@type\":\"ListItem\",\"position\":2,\"name\":\"Marcado l\u00e1ser\"}]},{\"@type\":\"WebSite\",\"@id\":\"https:\/\/elnasl.eu\/#website\",\"url\":\"https:\/\/elnasl.eu\/\",\"name\":\"Electroerosiones Navarra\",\"description\":\"25 a\u00f1os de experiencia en mecanizados por electroerosi\u00f3n.\",\"publisher\":{\"@id\":\"https:\/\/elnasl.eu\/#organization\"},\"potentialAction\":[{\"@type\":\"SearchAction\",\"target\":{\"@type\":\"EntryPoint\",\"urlTemplate\":\"https:\/\/elnasl.eu\/?s={search_term_string}\"},\"query-input\":{\"@type\":\"PropertyValueSpecification\",\"valueRequired\":true,\"valueName\":\"search_term_string\"}}],\"inLanguage\":\"fr-FR\"},{\"@type\":\"Organization\",\"@id\":\"https:\/\/elnasl.eu\/#organization\",\"name\":\"Electroerosiones Navarra\",\"url\":\"https:\/\/elnasl.eu\/\",\"logo\":{\"@type\":\"ImageObject\",\"inLanguage\":\"fr-FR\",\"@id\":\"https:\/\/elnasl.eu\/#\/schema\/logo\/image\/\",\"url\":\"https:\/\/elnasl.eu\/wp-content\/uploads\/2024\/04\/elna-Recuperado-03-1.png\",\"contentUrl\":\"https:\/\/elnasl.eu\/wp-content\/uploads\/2024\/04\/elna-Recuperado-03-1.png\",\"width\":3997,\"height\":3171,\"caption\":\"Electroerosiones Navarra\"},\"image\":{\"@id\":\"https:\/\/elnasl.eu\/#\/schema\/logo\/image\/\"}}]}<\/script>\n<!-- \/ Yoast SEO plugin. -->","yoast_head_json":{"title":"Marcado l\u00e1ser - Electroerosiones Navarra","robots":{"index":"index","follow":"follow","max-snippet":"max-snippet:-1","max-image-preview":"max-image-preview:large","max-video-preview":"max-video-preview:-1"},"canonical":"https:\/\/elnasl.eu\/fr\/marcado-laser\/","og_locale":"fr_FR","og_type":"article","og_title":"Marcado l\u00e1ser - Electroerosiones Navarra","og_description":"MARCAJE L\u00c1SER Tecnolog\u00eda de precisi\u00f3n para indentificaci\u00f3n y trazabilidad En Electroerosiones Navarra, disponemos de servicio y maquinaria para el marcado l\u00e1ser, una tecnolog\u00eda de vanguardia eficaz. El rayo l\u00e1ser\u00a0permite\u00a0numerar piezas,\u00a0garantizando una legibilidad excepcional, incluso en formas y \u00e1reas complejas. Beneficios del marcado l\u00e1ser en la industria moderna Nuestra tecnolog\u00eda de marcado l\u00e1ser ofrece marcaciones duraderas [&hellip;]","og_url":"https:\/\/elnasl.eu\/fr\/marcado-laser\/","og_site_name":"Electroerosiones Navarra","article_modified_time":"2025-02-19T10:46:03+00:00","twitter_card":"summary_large_image","twitter_misc":{"Dur\u00e9e de lecture estim\u00e9e":"1 minute"},"schema":{"@context":"https:\/\/schema.org","@graph":[{"@type":"WebPage","@id":"https:\/\/elnasl.eu\/marcado-laser","url":"https:\/\/elnasl.eu\/marcado-laser","name":"Marcado l\u00e1ser - Electroerosiones Navarra","isPartOf":{"@id":"https:\/\/elnasl.eu\/#website"},"datePublished":"2024-04-08T07:25:26+00:00","dateModified":"2025-02-19T10:46:03+00:00","breadcrumb":{"@id":"https:\/\/elnasl.eu\/marcado-laser#breadcrumb"},"inLanguage":"fr-FR","potentialAction":[{"@type":"ReadAction","target":["https:\/\/elnasl.eu\/marcado-laser"]}]},{"@type":"BreadcrumbList","@id":"https:\/\/elnasl.eu\/marcado-laser#breadcrumb","itemListElement":[{"@type":"ListItem","position":1,"name":"Portada","item":"https:\/\/elnasl.eu\/"},{"@type":"ListItem","position":2,"name":"Marcado l\u00e1ser"}]},{"@type":"WebSite","@id":"https:\/\/elnasl.eu\/#website","url":"https:\/\/elnasl.eu\/","name":"Electroerosiones Navarra","description":"25 a\u00f1os de experiencia en mecanizados por electroerosi\u00f3n.","publisher":{"@id":"https:\/\/elnasl.eu\/#organization"},"potentialAction":[{"@type":"SearchAction","target":{"@type":"EntryPoint","urlTemplate":"https:\/\/elnasl.eu\/?s={search_term_string}"},"query-input":{"@type":"PropertyValueSpecification","valueRequired":true,"valueName":"search_term_string"}}],"inLanguage":"fr-FR"},{"@type":"Organization","@id":"https:\/\/elnasl.eu\/#organization","name":"Electroerosiones Navarra","url":"https:\/\/elnasl.eu\/","logo":{"@type":"ImageObject","inLanguage":"fr-FR","@id":"https:\/\/elnasl.eu\/#\/schema\/logo\/image\/","url":"https:\/\/elnasl.eu\/wp-content\/uploads\/2024\/04\/elna-Recuperado-03-1.png","contentUrl":"https:\/\/elnasl.eu\/wp-content\/uploads\/2024\/04\/elna-Recuperado-03-1.png","width":3997,"height":3171,"caption":"Electroerosiones Navarra"},"image":{"@id":"https:\/\/elnasl.eu\/#\/schema\/logo\/image\/"}}]}},"_links":{"self":[{"href":"https:\/\/elnasl.eu\/fr\/wp-json\/wp\/v2\/pages\/1074","targetHints":{"allow":["GET"]}}],"collection":[{"href":"https:\/\/elnasl.eu\/fr\/wp-json\/wp\/v2\/pages"}],"about":[{"href":"https:\/\/elnasl.eu\/fr\/wp-json\/wp\/v2\/types\/page"}],"author":[{"embeddable":true,"href":"https:\/\/elnasl.eu\/fr\/wp-json\/wp\/v2\/users\/1"}],"replies":[{"embeddable":true,"href":"https:\/\/elnasl.eu\/fr\/wp-json\/wp\/v2\/comments?post=1074"}],"version-history":[{"count":175,"href":"https:\/\/elnasl.eu\/fr\/wp-json\/wp\/v2\/pages\/1074\/revisions"}],"predecessor-version":[{"id":4165,"href":"https:\/\/elnasl.eu\/fr\/wp-json\/wp\/v2\/pages\/1074\/revisions\/4165"}],"wp:attachment":[{"href":"https:\/\/elnasl.eu\/fr\/wp-json\/wp\/v2\/media?parent=1074"}],"curies":[{"name":"wp","href":"https:\/\/api.w.org\/{rel}","templated":true}]}}