{"id":1209,"date":"2024-04-08T18:04:31","date_gmt":"2024-04-08T16:04:31","guid":{"rendered":"https:\/\/elnasl.eu\/?page_id=1209"},"modified":"2025-01-14T11:31:46","modified_gmt":"2025-01-14T10:31:46","slug":"robofil-510p","status":"publish","type":"page","link":"https:\/\/elnasl.eu\/fr\/robofil-510p","title":{"rendered":"ROBOFIL 510P\u200b"},"content":{"rendered":"<div data-elementor-type=\"wp-page\" data-elementor-id=\"1209\" class=\"elementor elementor-1209\" data-elementor-post-type=\"page\">\n\t\t\t\t\t\t<section class=\"elementor-section elementor-top-section elementor-element elementor-element-82a5712 elementor-section-boxed elementor-section-height-default elementor-section-height-default\" data-id=\"82a5712\" data-element_type=\"section\" data-settings=\"{&quot;background_background&quot;:&quot;classic&quot;}\">\n\t\t\t\t\t\t\t<div class=\"elementor-background-overlay\"><\/div>\n\t\t\t\t\t\t\t<div class=\"elementor-container elementor-column-gap-no\">\n\t\t\t\t\t<div class=\"elementor-column elementor-col-100 elementor-top-column elementor-element elementor-element-a68fe37\" data-id=\"a68fe37\" data-element_type=\"column\">\n\t\t\t<div class=\"elementor-widget-wrap elementor-element-populated\">\n\t\t\t\t\t\t<div class=\"elementor-element elementor-element-8fd0295 elementor-invisible elementor-widget elementor-widget-heading\" data-id=\"8fd0295\" data-element_type=\"widget\" data-settings=\"{&quot;_animation&quot;:&quot;fadeIn&quot;}\" data-widget_type=\"heading.default\">\n\t\t\t\t<div class=\"elementor-widget-container\">\n\t\t\t\t\t<h1 class=\"elementor-heading-title elementor-size-default\">ROBOFIL 510P\u200b<\/h1>\t\t\t\t<\/div>\n\t\t\t\t<\/div>\n\t\t\t\t\t<\/div>\n\t\t<\/div>\n\t\t\t\t\t<\/div>\n\t\t<\/section>\n\t\t\t\t<section class=\"elementor-section elementor-top-section elementor-element elementor-element-e1d8035 elementor-section-boxed elementor-section-height-default elementor-section-height-default\" data-id=\"e1d8035\" data-element_type=\"section\">\n\t\t\t\t\t\t<div class=\"elementor-container elementor-column-gap-default\">\n\t\t\t\t\t<div class=\"elementor-column elementor-col-100 elementor-top-column elementor-element elementor-element-512a326\" data-id=\"512a326\" data-element_type=\"column\">\n\t\t\t<div class=\"elementor-widget-wrap elementor-element-populated\">\n\t\t\t\t\t\t<div class=\"elementor-element elementor-element-cf611f2 elementor-view-default elementor-invisible elementor-widget elementor-widget-icon\" data-id=\"cf611f2\" data-element_type=\"widget\" data-settings=\"{&quot;_animation&quot;:&quot;fadeIn&quot;}\" data-widget_type=\"icon.default\">\n\t\t\t\t<div class=\"elementor-widget-container\">\n\t\t\t\t\t\t\t<div class=\"elementor-icon-wrapper\">\n\t\t\t<a class=\"elementor-icon\" href=\"\/fr\/maquinaria\/\">\n\t\t\t<svg aria-hidden=\"true\" class=\"e-font-icon-svg e-fas-long-arrow-alt-left\" viewbox=\"0 0 448 512\" xmlns=\"http:\/\/www.w3.org\/2000\/svg\"><path d=\"M134.059 296H436c6.627 0 12-5.373 12-12v-56c0-6.627-5.373-12-12-12H134.059v-46.059c0-21.382-25.851-32.09-40.971-16.971L7.029 239.029c-9.373 9.373-9.373 24.569 0 33.941l86.059 86.059c15.119 15.119 40.971 4.411 40.971-16.971V296z\"><\/path><\/svg>\t\t\t<\/a>\n\t\t<\/div>\n\t\t\t\t\t\t<\/div>\n\t\t\t\t<\/div>\n\t\t\t\t<section class=\"elementor-section elementor-inner-section elementor-element elementor-element-77c2bf8 elementor-section-boxed elementor-section-height-default elementor-section-height-default\" data-id=\"77c2bf8\" data-element_type=\"section\">\n\t\t\t\t\t\t<div class=\"elementor-container elementor-column-gap-default\">\n\t\t\t\t\t<div class=\"elementor-column elementor-col-50 elementor-inner-column elementor-element elementor-element-e0ea738 elementor-invisible\" data-id=\"e0ea738\" data-element_type=\"column\" data-settings=\"{&quot;animation&quot;:&quot;fadeIn&quot;}\">\n\t\t\t<div class=\"elementor-widget-wrap elementor-element-populated\">\n\t\t\t\t\t\t<div class=\"elementor-element elementor-element-5122998 elementor-widget elementor-widget-heading\" data-id=\"5122998\" data-element_type=\"widget\" data-widget_type=\"heading.default\">\n\t\t\t\t<div class=\"elementor-widget-container\">\n\t\t\t\t\t<h2 class=\"elementor-heading-title elementor-size-default\">EDM \u00e0 fil<\/h2>\t\t\t\t<\/div>\n\t\t\t\t<\/div>\n\t\t\t\t<div class=\"elementor-element elementor-element-c5322ee elementor-widget elementor-widget-text-editor\" data-id=\"c5322ee\" data-element_type=\"widget\" data-widget_type=\"text-editor.default\">\n\t\t\t\t<div class=\"elementor-widget-container\">\n\t\t\t\t\t\t\t\t\t<p>\u00a0<\/p><ul><li>Dimensions maximales attaque : 650 x 400 MM<\/li><li>Hauteur maximale pi\u00e8ce: 400 mm<\/li><li>Poids maximum pi\u00e8ce: 500 Kg<\/li><li>Dimensions maximales pi\u00e8ce: 700 x 1000 mm<\/li><li>Diam\u00e8tre de l&#039;\u00e9lectrode : \u00d8 0,3 \u00e0 \u00d8 3 mm<\/li><\/ul>\t\t\t\t\t\t\t\t<\/div>\n\t\t\t\t<\/div>\n\t\t\t\t\t<\/div>\n\t\t<\/div>\n\t\t\t\t<div class=\"elementor-column elementor-col-50 elementor-inner-column elementor-element elementor-element-537c2d8\" data-id=\"537c2d8\" data-element_type=\"column\">\n\t\t\t<div class=\"elementor-widget-wrap elementor-element-populated\">\n\t\t\t\t\t\t<div class=\"elementor-element elementor-element-9bc0d41 elementor-invisible elementor-widget elementor-widget-image\" data-id=\"9bc0d41\" data-element_type=\"widget\" data-settings=\"{&quot;_animation&quot;:&quot;fadeIn&quot;}\" data-widget_type=\"image.default\">\n\t\t\t\t<div class=\"elementor-widget-container\">\n\t\t\t\t\t\t\t\t\t\t\t\t\t\t\t<img fetchpriority=\"high\" decoding=\"async\" width=\"1050\" height=\"994\" src=\"https:\/\/elnasl.eu\/wp-content\/uploads\/2024\/04\/FI510P_RVB_HR-1.webp\" class=\"attachment-full size-full wp-image-1210\" alt=\"ROBOFIL 510P\u200b\" srcset=\"https:\/\/elnasl.eu\/wp-content\/uploads\/2024\/04\/FI510P_RVB_HR-1.webp 1050w, https:\/\/elnasl.eu\/wp-content\/uploads\/2024\/04\/FI510P_RVB_HR-1-300x284.webp 300w, https:\/\/elnasl.eu\/wp-content\/uploads\/2024\/04\/FI510P_RVB_HR-1-1024x969.webp 1024w, https:\/\/elnasl.eu\/wp-content\/uploads\/2024\/04\/FI510P_RVB_HR-1-768x727.webp 768w\" sizes=\"(max-width: 1050px) 100vw, 1050px\" \/>\t\t\t\t\t\t\t\t\t\t\t\t\t\t\t<\/div>\n\t\t\t\t<\/div>\n\t\t\t\t\t<\/div>\n\t\t<\/div>\n\t\t\t\t\t<\/div>\n\t\t<\/section>\n\t\t\t\t\t<\/div>\n\t\t<\/div>\n\t\t\t\t\t<\/div>\n\t\t<\/section>\n\t\t<div class=\"elementor-element elementor-element-364e25c e-con-full e-flex e-con e-parent\" data-id=\"364e25c\" data-element_type=\"container\" data-settings=\"{&quot;background_background&quot;:&quot;classic&quot;}\">\n\t\t\t\t<div class=\"elementor-element elementor-element-46911da elementor-invisible elementor-widget elementor-widget-heading\" data-id=\"46911da\" data-element_type=\"widget\" data-settings=\"{&quot;_animation&quot;:&quot;fadeInDown&quot;}\" data-widget_type=\"heading.default\">\n\t\t\t\t<div class=\"elementor-widget-container\">\n\t\t\t\t\t<h2 class=\"elementor-heading-title elementor-size-default\">Contactez-nous d\u00e8s aujourd&#039;hui pour planifier une consultation et commencer \u00e0 travailler ensemble pour donner vie \u00e0 vos id\u00e9es ! <br>Nous sommes l\u00e0 pour vous aider \u00e0 chaque \u00e9tape du processus.<\/h2>\t\t\t\t<\/div>\n\t\t\t\t<\/div>\n\t\t\t\t<div class=\"elementor-element elementor-element-4d70e3b elementor-align-center elementor-invisible elementor-widget elementor-widget-button\" data-id=\"4d70e3b\" data-element_type=\"widget\" data-settings=\"{&quot;_animation&quot;:&quot;fadeIn&quot;}\" data-widget_type=\"button.default\">\n\t\t\t\t<div class=\"elementor-widget-container\">\n\t\t\t\t\t\t\t\t\t<div class=\"elementor-button-wrapper\">\n\t\t\t\t\t<a class=\"elementor-button elementor-button-link elementor-size-sm\" href=\"https:\/\/elnasl.eu\/fr\/contacto\">\n\t\t\t\t\t\t<span class=\"elementor-button-content-wrapper\">\n\t\t\t\t\t\t\t\t\t<span class=\"elementor-button-text\">CONTACT<\/span>\n\t\t\t\t\t<\/span>\n\t\t\t\t\t<\/a>\n\t\t\t\t<\/div>\n\t\t\t\t\t\t\t\t<\/div>\n\t\t\t\t<\/div>\n\t\t\t\t<\/div>\n\t\t\t\t<\/div>","protected":false},"excerpt":{"rendered":"<p>ROBOFIL 510P\u200b Electroerosi\u00f3n por hilo (EDM) \u00a0 Dimensiones m\u00e1x. de ataque: 650 x 400 MM Altura m\u00e1x. pieza: 400 mm Peso m\u00e1x. pieza: 500 Kg Dimensiones m\u00e1x. pieza: 700 x 1000 mm Di\u00e1metro del electrodo: \u00d8 0,3 a \u00d8 3 mm \u00a1Cont\u00e1ctanos hoy mismo para programar una consulta y comenzar a trabajar juntos en la [&hellip;]<\/p>","protected":false},"author":1,"featured_media":0,"parent":0,"menu_order":0,"comment_status":"closed","ping_status":"closed","template":"","meta":{"footnotes":""},"class_list":["post-1209","page","type-page","status-publish","hentry"],"yoast_head":"<!-- This site is optimized with the Yoast SEO plugin v25.2 - https:\/\/yoast.com\/wordpress\/plugins\/seo\/ -->\n<title>ROBOFIL 510P\u200b - Electroerosiones Navarra<\/title>\n<meta name=\"robots\" content=\"index, follow, max-snippet:-1, max-image-preview:large, max-video-preview:-1\" \/>\n<link rel=\"canonical\" href=\"https:\/\/elnasl.eu\/fr\/robofil-510p\/\" \/>\n<meta property=\"og:locale\" content=\"fr_FR\" \/>\n<meta property=\"og:type\" content=\"article\" \/>\n<meta property=\"og:title\" content=\"ROBOFIL 510P\u200b - Electroerosiones Navarra\" \/>\n<meta property=\"og:description\" content=\"ROBOFIL 510P\u200b Electroerosi\u00f3n por hilo (EDM) \u00a0 Dimensiones m\u00e1x. de ataque: 650 x 400 MM Altura m\u00e1x. pieza: 400 mm Peso m\u00e1x. pieza: 500 Kg Dimensiones m\u00e1x. pieza: 700 x 1000 mm Di\u00e1metro del electrodo: \u00d8 0,3 a \u00d8 3 mm \u00a1Cont\u00e1ctanos hoy mismo para programar una consulta y comenzar a trabajar juntos en la [&hellip;]\" \/>\n<meta property=\"og:url\" content=\"https:\/\/elnasl.eu\/fr\/robofil-510p\/\" \/>\n<meta property=\"og:site_name\" content=\"Electroerosiones Navarra\" \/>\n<meta property=\"article:modified_time\" content=\"2025-01-14T10:31:46+00:00\" \/>\n<meta property=\"og:image\" content=\"https:\/\/elnasl.eu\/wp-content\/uploads\/2024\/04\/FI510P_RVB_HR-1.webp\" \/>\n<meta name=\"twitter:card\" content=\"summary_large_image\" \/>\n<meta name=\"twitter:label1\" content=\"Dur\u00e9e de lecture estim\u00e9e\" \/>\n\t<meta name=\"twitter:data1\" content=\"1 minute\" \/>\n<script type=\"application\/ld+json\" class=\"yoast-schema-graph\">{\"@context\":\"https:\/\/schema.org\",\"@graph\":[{\"@type\":\"WebPage\",\"@id\":\"https:\/\/elnasl.eu\/robofil-510p\",\"url\":\"https:\/\/elnasl.eu\/robofil-510p\",\"name\":\"ROBOFIL 510P\u200b - Electroerosiones Navarra\",\"isPartOf\":{\"@id\":\"https:\/\/elnasl.eu\/#website\"},\"primaryImageOfPage\":{\"@id\":\"https:\/\/elnasl.eu\/robofil-510p#primaryimage\"},\"image\":{\"@id\":\"https:\/\/elnasl.eu\/robofil-510p#primaryimage\"},\"thumbnailUrl\":\"https:\/\/elnasl.eu\/wp-content\/uploads\/2024\/04\/FI510P_RVB_HR-1.webp\",\"datePublished\":\"2024-04-08T16:04:31+00:00\",\"dateModified\":\"2025-01-14T10:31:46+00:00\",\"breadcrumb\":{\"@id\":\"https:\/\/elnasl.eu\/robofil-510p#breadcrumb\"},\"inLanguage\":\"fr-FR\",\"potentialAction\":[{\"@type\":\"ReadAction\",\"target\":[\"https:\/\/elnasl.eu\/robofil-510p\"]}]},{\"@type\":\"ImageObject\",\"inLanguage\":\"fr-FR\",\"@id\":\"https:\/\/elnasl.eu\/robofil-510p#primaryimage\",\"url\":\"https:\/\/elnasl.eu\/wp-content\/uploads\/2024\/04\/FI510P_RVB_HR-1.webp\",\"contentUrl\":\"https:\/\/elnasl.eu\/wp-content\/uploads\/2024\/04\/FI510P_RVB_HR-1.webp\"},{\"@type\":\"BreadcrumbList\",\"@id\":\"https:\/\/elnasl.eu\/robofil-510p#breadcrumb\",\"itemListElement\":[{\"@type\":\"ListItem\",\"position\":1,\"name\":\"Portada\",\"item\":\"https:\/\/elnasl.eu\/\"},{\"@type\":\"ListItem\",\"position\":2,\"name\":\"ROBOFIL 510P\u200b\"}]},{\"@type\":\"WebSite\",\"@id\":\"https:\/\/elnasl.eu\/#website\",\"url\":\"https:\/\/elnasl.eu\/\",\"name\":\"Electroerosiones Navarra\",\"description\":\"25 a\u00f1os de experiencia en mecanizados por electroerosi\u00f3n.\",\"publisher\":{\"@id\":\"https:\/\/elnasl.eu\/#organization\"},\"potentialAction\":[{\"@type\":\"SearchAction\",\"target\":{\"@type\":\"EntryPoint\",\"urlTemplate\":\"https:\/\/elnasl.eu\/?s={search_term_string}\"},\"query-input\":{\"@type\":\"PropertyValueSpecification\",\"valueRequired\":true,\"valueName\":\"search_term_string\"}}],\"inLanguage\":\"fr-FR\"},{\"@type\":\"Organization\",\"@id\":\"https:\/\/elnasl.eu\/#organization\",\"name\":\"Electroerosiones Navarra\",\"url\":\"https:\/\/elnasl.eu\/\",\"logo\":{\"@type\":\"ImageObject\",\"inLanguage\":\"fr-FR\",\"@id\":\"https:\/\/elnasl.eu\/#\/schema\/logo\/image\/\",\"url\":\"https:\/\/elnasl.eu\/wp-content\/uploads\/2024\/04\/elna-Recuperado-03-1.png\",\"contentUrl\":\"https:\/\/elnasl.eu\/wp-content\/uploads\/2024\/04\/elna-Recuperado-03-1.png\",\"width\":3997,\"height\":3171,\"caption\":\"Electroerosiones Navarra\"},\"image\":{\"@id\":\"https:\/\/elnasl.eu\/#\/schema\/logo\/image\/\"}}]}<\/script>\n<!-- \/ Yoast SEO plugin. -->","yoast_head_json":{"title":"ROBOFIL 510P\u200b - Electroerosiones Navarra","robots":{"index":"index","follow":"follow","max-snippet":"max-snippet:-1","max-image-preview":"max-image-preview:large","max-video-preview":"max-video-preview:-1"},"canonical":"https:\/\/elnasl.eu\/fr\/robofil-510p\/","og_locale":"fr_FR","og_type":"article","og_title":"ROBOFIL 510P\u200b - Electroerosiones Navarra","og_description":"ROBOFIL 510P\u200b Electroerosi\u00f3n por hilo (EDM) \u00a0 Dimensiones m\u00e1x. de ataque: 650 x 400 MM Altura m\u00e1x. pieza: 400 mm Peso m\u00e1x. pieza: 500 Kg Dimensiones m\u00e1x. pieza: 700 x 1000 mm Di\u00e1metro del electrodo: \u00d8 0,3 a \u00d8 3 mm \u00a1Cont\u00e1ctanos hoy mismo para programar una consulta y comenzar a trabajar juntos en la [&hellip;]","og_url":"https:\/\/elnasl.eu\/fr\/robofil-510p\/","og_site_name":"Electroerosiones Navarra","article_modified_time":"2025-01-14T10:31:46+00:00","og_image":[{"url":"https:\/\/elnasl.eu\/wp-content\/uploads\/2024\/04\/FI510P_RVB_HR-1.webp","type":"","width":"","height":""}],"twitter_card":"summary_large_image","twitter_misc":{"Dur\u00e9e de lecture estim\u00e9e":"1 minute"},"schema":{"@context":"https:\/\/schema.org","@graph":[{"@type":"WebPage","@id":"https:\/\/elnasl.eu\/robofil-510p","url":"https:\/\/elnasl.eu\/robofil-510p","name":"ROBOFIL 510P\u200b - Electroerosiones Navarra","isPartOf":{"@id":"https:\/\/elnasl.eu\/#website"},"primaryImageOfPage":{"@id":"https:\/\/elnasl.eu\/robofil-510p#primaryimage"},"image":{"@id":"https:\/\/elnasl.eu\/robofil-510p#primaryimage"},"thumbnailUrl":"https:\/\/elnasl.eu\/wp-content\/uploads\/2024\/04\/FI510P_RVB_HR-1.webp","datePublished":"2024-04-08T16:04:31+00:00","dateModified":"2025-01-14T10:31:46+00:00","breadcrumb":{"@id":"https:\/\/elnasl.eu\/robofil-510p#breadcrumb"},"inLanguage":"fr-FR","potentialAction":[{"@type":"ReadAction","target":["https:\/\/elnasl.eu\/robofil-510p"]}]},{"@type":"ImageObject","inLanguage":"fr-FR","@id":"https:\/\/elnasl.eu\/robofil-510p#primaryimage","url":"https:\/\/elnasl.eu\/wp-content\/uploads\/2024\/04\/FI510P_RVB_HR-1.webp","contentUrl":"https:\/\/elnasl.eu\/wp-content\/uploads\/2024\/04\/FI510P_RVB_HR-1.webp"},{"@type":"BreadcrumbList","@id":"https:\/\/elnasl.eu\/robofil-510p#breadcrumb","itemListElement":[{"@type":"ListItem","position":1,"name":"Portada","item":"https:\/\/elnasl.eu\/"},{"@type":"ListItem","position":2,"name":"ROBOFIL 510P\u200b"}]},{"@type":"WebSite","@id":"https:\/\/elnasl.eu\/#website","url":"https:\/\/elnasl.eu\/","name":"Electroerosiones Navarra","description":"25 a\u00f1os de experiencia en mecanizados por electroerosi\u00f3n.","publisher":{"@id":"https:\/\/elnasl.eu\/#organization"},"potentialAction":[{"@type":"SearchAction","target":{"@type":"EntryPoint","urlTemplate":"https:\/\/elnasl.eu\/?s={search_term_string}"},"query-input":{"@type":"PropertyValueSpecification","valueRequired":true,"valueName":"search_term_string"}}],"inLanguage":"fr-FR"},{"@type":"Organization","@id":"https:\/\/elnasl.eu\/#organization","name":"Electroerosiones Navarra","url":"https:\/\/elnasl.eu\/","logo":{"@type":"ImageObject","inLanguage":"fr-FR","@id":"https:\/\/elnasl.eu\/#\/schema\/logo\/image\/","url":"https:\/\/elnasl.eu\/wp-content\/uploads\/2024\/04\/elna-Recuperado-03-1.png","contentUrl":"https:\/\/elnasl.eu\/wp-content\/uploads\/2024\/04\/elna-Recuperado-03-1.png","width":3997,"height":3171,"caption":"Electroerosiones Navarra"},"image":{"@id":"https:\/\/elnasl.eu\/#\/schema\/logo\/image\/"}}]}},"_links":{"self":[{"href":"https:\/\/elnasl.eu\/fr\/wp-json\/wp\/v2\/pages\/1209","targetHints":{"allow":["GET"]}}],"collection":[{"href":"https:\/\/elnasl.eu\/fr\/wp-json\/wp\/v2\/pages"}],"about":[{"href":"https:\/\/elnasl.eu\/fr\/wp-json\/wp\/v2\/types\/page"}],"author":[{"embeddable":true,"href":"https:\/\/elnasl.eu\/fr\/wp-json\/wp\/v2\/users\/1"}],"replies":[{"embeddable":true,"href":"https:\/\/elnasl.eu\/fr\/wp-json\/wp\/v2\/comments?post=1209"}],"version-history":[{"count":82,"href":"https:\/\/elnasl.eu\/fr\/wp-json\/wp\/v2\/pages\/1209\/revisions"}],"predecessor-version":[{"id":3969,"href":"https:\/\/elnasl.eu\/fr\/wp-json\/wp\/v2\/pages\/1209\/revisions\/3969"}],"wp:attachment":[{"href":"https:\/\/elnasl.eu\/fr\/wp-json\/wp\/v2\/media?parent=1209"}],"curies":[{"name":"wp","href":"https:\/\/api.w.org\/{rel}","templated":true}]}}