{"id":1296,"date":"2024-04-08T18:29:45","date_gmt":"2024-04-08T16:29:45","guid":{"rendered":"https:\/\/elnasl.eu\/?page_id=1296"},"modified":"2025-01-14T11:32:03","modified_gmt":"2025-01-14T10:32:03","slug":"cut-300-ms","status":"publish","type":"page","link":"https:\/\/elnasl.eu\/fr\/cut-300-ms","title":{"rendered":"COUPE 300 MS"},"content":{"rendered":"<div data-elementor-type=\"wp-page\" data-elementor-id=\"1296\" class=\"elementor elementor-1296\" data-elementor-post-type=\"page\">\n\t\t\t\t\t\t<section class=\"elementor-section elementor-top-section elementor-element elementor-element-a018996 elementor-section-boxed elementor-section-height-default elementor-section-height-default\" data-id=\"a018996\" data-element_type=\"section\" data-settings=\"{&quot;background_background&quot;:&quot;classic&quot;}\">\n\t\t\t\t\t\t\t<div class=\"elementor-background-overlay\"><\/div>\n\t\t\t\t\t\t\t<div class=\"elementor-container elementor-column-gap-no\">\n\t\t\t\t\t<div class=\"elementor-column elementor-col-100 elementor-top-column elementor-element elementor-element-5b9705f\" data-id=\"5b9705f\" data-element_type=\"column\">\n\t\t\t<div class=\"elementor-widget-wrap elementor-element-populated\">\n\t\t\t\t\t\t<div class=\"elementor-element elementor-element-081787e elementor-invisible elementor-widget elementor-widget-heading\" data-id=\"081787e\" data-element_type=\"widget\" data-settings=\"{&quot;_animation&quot;:&quot;fadeIn&quot;}\" data-widget_type=\"heading.default\">\n\t\t\t\t<div class=\"elementor-widget-container\">\n\t\t\t\t\t<h1 class=\"elementor-heading-title elementor-size-default\">COUPE 300 MS\n<\/h1>\t\t\t\t<\/div>\n\t\t\t\t<\/div>\n\t\t\t\t\t<\/div>\n\t\t<\/div>\n\t\t\t\t\t<\/div>\n\t\t<\/section>\n\t\t\t\t<section class=\"elementor-section elementor-top-section elementor-element elementor-element-4b82192 elementor-section-boxed elementor-section-height-default elementor-section-height-default\" data-id=\"4b82192\" data-element_type=\"section\">\n\t\t\t\t\t\t<div class=\"elementor-container elementor-column-gap-default\">\n\t\t\t\t\t<div class=\"elementor-column elementor-col-100 elementor-top-column elementor-element elementor-element-f3975ad\" data-id=\"f3975ad\" data-element_type=\"column\">\n\t\t\t<div class=\"elementor-widget-wrap elementor-element-populated\">\n\t\t\t\t\t\t<div class=\"elementor-element elementor-element-2493571 elementor-view-default elementor-invisible elementor-widget elementor-widget-icon\" data-id=\"2493571\" data-element_type=\"widget\" data-settings=\"{&quot;_animation&quot;:&quot;fadeIn&quot;}\" data-widget_type=\"icon.default\">\n\t\t\t\t<div class=\"elementor-widget-container\">\n\t\t\t\t\t\t\t<div class=\"elementor-icon-wrapper\">\n\t\t\t<a class=\"elementor-icon\" href=\"\/fr\/maquinaria\/\">\n\t\t\t<svg aria-hidden=\"true\" class=\"e-font-icon-svg e-fas-long-arrow-alt-left\" viewbox=\"0 0 448 512\" xmlns=\"http:\/\/www.w3.org\/2000\/svg\"><path d=\"M134.059 296H436c6.627 0 12-5.373 12-12v-56c0-6.627-5.373-12-12-12H134.059v-46.059c0-21.382-25.851-32.09-40.971-16.971L7.029 239.029c-9.373 9.373-9.373 24.569 0 33.941l86.059 86.059c15.119 15.119 40.971 4.411 40.971-16.971V296z\"><\/path><\/svg>\t\t\t<\/a>\n\t\t<\/div>\n\t\t\t\t\t\t<\/div>\n\t\t\t\t<\/div>\n\t\t\t\t<section class=\"elementor-section elementor-inner-section elementor-element elementor-element-b1f7b81 elementor-section-boxed elementor-section-height-default elementor-section-height-default\" data-id=\"b1f7b81\" data-element_type=\"section\">\n\t\t\t\t\t\t<div class=\"elementor-container elementor-column-gap-default\">\n\t\t\t\t\t<div class=\"elementor-column elementor-col-50 elementor-inner-column elementor-element elementor-element-aa7d95d elementor-invisible\" data-id=\"aa7d95d\" data-element_type=\"column\" data-settings=\"{&quot;animation&quot;:&quot;fadeIn&quot;}\">\n\t\t\t<div class=\"elementor-widget-wrap elementor-element-populated\">\n\t\t\t\t\t\t<div class=\"elementor-element elementor-element-34aea85 elementor-widget elementor-widget-heading\" data-id=\"34aea85\" data-element_type=\"widget\" data-widget_type=\"heading.default\">\n\t\t\t\t<div class=\"elementor-widget-container\">\n\t\t\t\t\t<h2 class=\"elementor-heading-title elementor-size-default\">EDM \u00e0 fil<\/h2>\t\t\t\t<\/div>\n\t\t\t\t<\/div>\n\t\t\t\t<div class=\"elementor-element elementor-element-082dc32 elementor-widget elementor-widget-text-editor\" data-id=\"082dc32\" data-element_type=\"widget\" data-widget_type=\"text-editor.default\">\n\t\t\t\t<div class=\"elementor-widget-container\">\n\t\t\t\t\t\t\t\t\t<p>\u00a0<\/p><ul><li>M\u00e9thode de coupe : Immersion<\/li><li>Dimensions maximales attaque : 550 x 350 mm<\/li><li>Angle maximal attaque: +\/- 45\u00ba<\/li><li>Hauteur maximale pi\u00e8ce: 400 mm<\/li><li>Poids maximum pi\u00e8ce: 1 500 kg<\/li><li>Dimensions maximales pi\u00e8ce : 1 200 x 700 x 400 mm<\/li><li>Une plus grande pr\u00e9cision de coupe et des finitions de qualit\u00e9 maximale<\/li><\/ul>\t\t\t\t\t\t\t\t<\/div>\n\t\t\t\t<\/div>\n\t\t\t\t\t<\/div>\n\t\t<\/div>\n\t\t\t\t<div class=\"elementor-column elementor-col-50 elementor-inner-column elementor-element elementor-element-4c7ff8e\" data-id=\"4c7ff8e\" data-element_type=\"column\">\n\t\t\t<div class=\"elementor-widget-wrap elementor-element-populated\">\n\t\t\t\t\t\t<div class=\"elementor-element elementor-element-f8d9e77 elementor-invisible elementor-widget elementor-widget-image\" data-id=\"f8d9e77\" data-element_type=\"widget\" data-settings=\"{&quot;_animation&quot;:&quot;fadeIn&quot;}\" data-widget_type=\"image.default\">\n\t\t\t\t<div class=\"elementor-widget-container\">\n\t\t\t\t\t\t\t\t\t\t\t\t\t\t\t<img fetchpriority=\"high\" decoding=\"async\" width=\"1050\" height=\"994\" src=\"https:\/\/elnasl.eu\/wp-content\/uploads\/2024\/04\/CUT-300-2.webp.webp\" class=\"attachment-full size-full wp-image-1228\" alt=\"\" srcset=\"https:\/\/elnasl.eu\/wp-content\/uploads\/2024\/04\/CUT-300-2.webp.webp 1050w, https:\/\/elnasl.eu\/wp-content\/uploads\/2024\/04\/CUT-300-2.webp-300x284.webp 300w, https:\/\/elnasl.eu\/wp-content\/uploads\/2024\/04\/CUT-300-2.webp-1024x969.webp 1024w, https:\/\/elnasl.eu\/wp-content\/uploads\/2024\/04\/CUT-300-2.webp-768x727.webp 768w\" sizes=\"(max-width: 1050px) 100vw, 1050px\" \/>\t\t\t\t\t\t\t\t\t\t\t\t\t\t\t<\/div>\n\t\t\t\t<\/div>\n\t\t\t\t\t<\/div>\n\t\t<\/div>\n\t\t\t\t\t<\/div>\n\t\t<\/section>\n\t\t\t\t\t<\/div>\n\t\t<\/div>\n\t\t\t\t\t<\/div>\n\t\t<\/section>\n\t\t<div class=\"elementor-element elementor-element-ad2fd57 e-con-full e-flex e-con e-parent\" data-id=\"ad2fd57\" data-element_type=\"container\" data-settings=\"{&quot;background_background&quot;:&quot;classic&quot;}\">\n\t\t\t\t<div class=\"elementor-element elementor-element-9632f98 elementor-invisible elementor-widget elementor-widget-heading\" data-id=\"9632f98\" data-element_type=\"widget\" data-settings=\"{&quot;_animation&quot;:&quot;fadeInDown&quot;}\" data-widget_type=\"heading.default\">\n\t\t\t\t<div class=\"elementor-widget-container\">\n\t\t\t\t\t<h2 class=\"elementor-heading-title elementor-size-default\">Contactez-nous d\u00e8s aujourd&#039;hui pour planifier une consultation et commencer \u00e0 travailler ensemble pour donner vie \u00e0 vos id\u00e9es ! <br>Nous sommes l\u00e0 pour vous aider \u00e0 chaque \u00e9tape du processus.<\/h2>\t\t\t\t<\/div>\n\t\t\t\t<\/div>\n\t\t\t\t<div class=\"elementor-element elementor-element-cac98fe elementor-align-center elementor-invisible elementor-widget elementor-widget-button\" data-id=\"cac98fe\" data-element_type=\"widget\" data-settings=\"{&quot;_animation&quot;:&quot;fadeIn&quot;}\" data-widget_type=\"button.default\">\n\t\t\t\t<div class=\"elementor-widget-container\">\n\t\t\t\t\t\t\t\t\t<div class=\"elementor-button-wrapper\">\n\t\t\t\t\t<a class=\"elementor-button elementor-button-link elementor-size-sm\" href=\"https:\/\/elnasl.eu\/fr\/contacto\">\n\t\t\t\t\t\t<span class=\"elementor-button-content-wrapper\">\n\t\t\t\t\t\t\t\t\t<span class=\"elementor-button-text\">CONTACT<\/span>\n\t\t\t\t\t<\/span>\n\t\t\t\t\t<\/a>\n\t\t\t\t<\/div>\n\t\t\t\t\t\t\t\t<\/div>\n\t\t\t\t<\/div>\n\t\t\t\t<\/div>\n\t\t\t\t<\/div>","protected":false},"excerpt":{"rendered":"<p>CUT 300 MS Electroerosi\u00f3n por hilo (EDM) \u00a0 M\u00e9todo de corte: Inmersi\u00f3n Dimensiones m\u00e1x. de ataque: 550 x 350 mm \u00c1ngulo m\u00e1x. ataque: +\/- 45\u00ba Altura m\u00e1x. pieza: 400 mm Peso m\u00e1x. pieza: 1.500 Kg Dimensiones m\u00e1x. pieza: 1.200 x 700 x 400 mm Mayor precisi\u00f3n en corte y m\u00e1xima calidad en acabados \u00a1Cont\u00e1ctanos hoy [&hellip;]<\/p>","protected":false},"author":1,"featured_media":0,"parent":0,"menu_order":0,"comment_status":"closed","ping_status":"closed","template":"","meta":{"footnotes":""},"class_list":["post-1296","page","type-page","status-publish","hentry"],"yoast_head":"<!-- This site is optimized with the Yoast SEO plugin v25.2 - https:\/\/yoast.com\/wordpress\/plugins\/seo\/ -->\n<title>CUT 300 MS - Electroerosiones Navarra<\/title>\n<meta name=\"robots\" content=\"index, follow, max-snippet:-1, max-image-preview:large, max-video-preview:-1\" \/>\n<link rel=\"canonical\" href=\"https:\/\/elnasl.eu\/fr\/cut-300-ms\/\" \/>\n<meta property=\"og:locale\" content=\"fr_FR\" \/>\n<meta property=\"og:type\" content=\"article\" \/>\n<meta property=\"og:title\" content=\"CUT 300 MS - Electroerosiones Navarra\" \/>\n<meta property=\"og:description\" content=\"CUT 300 MS Electroerosi\u00f3n por hilo (EDM) \u00a0 M\u00e9todo de corte: Inmersi\u00f3n Dimensiones m\u00e1x. de ataque: 550 x 350 mm \u00c1ngulo m\u00e1x. ataque: +\/- 45\u00ba Altura m\u00e1x. pieza: 400 mm Peso m\u00e1x. pieza: 1.500 Kg Dimensiones m\u00e1x. pieza: 1.200 x 700 x 400 mm Mayor precisi\u00f3n en corte y m\u00e1xima calidad en acabados \u00a1Cont\u00e1ctanos hoy [&hellip;]\" \/>\n<meta property=\"og:url\" content=\"https:\/\/elnasl.eu\/fr\/cut-300-ms\/\" \/>\n<meta property=\"og:site_name\" content=\"Electroerosiones Navarra\" \/>\n<meta property=\"article:modified_time\" content=\"2025-01-14T10:32:03+00:00\" \/>\n<meta property=\"og:image\" content=\"https:\/\/elnasl.eu\/wp-content\/uploads\/2024\/04\/CUT-300-2.webp.webp\" \/>\n<meta name=\"twitter:card\" content=\"summary_large_image\" \/>\n<meta name=\"twitter:label1\" content=\"Dur\u00e9e de lecture estim\u00e9e\" \/>\n\t<meta name=\"twitter:data1\" content=\"1 minute\" \/>\n<script type=\"application\/ld+json\" class=\"yoast-schema-graph\">{\"@context\":\"https:\/\/schema.org\",\"@graph\":[{\"@type\":\"WebPage\",\"@id\":\"https:\/\/elnasl.eu\/cut-300-ms\",\"url\":\"https:\/\/elnasl.eu\/cut-300-ms\",\"name\":\"CUT 300 MS - Electroerosiones Navarra\",\"isPartOf\":{\"@id\":\"https:\/\/elnasl.eu\/#website\"},\"primaryImageOfPage\":{\"@id\":\"https:\/\/elnasl.eu\/cut-300-ms#primaryimage\"},\"image\":{\"@id\":\"https:\/\/elnasl.eu\/cut-300-ms#primaryimage\"},\"thumbnailUrl\":\"https:\/\/elnasl.eu\/wp-content\/uploads\/2024\/04\/CUT-300-2.webp.webp\",\"datePublished\":\"2024-04-08T16:29:45+00:00\",\"dateModified\":\"2025-01-14T10:32:03+00:00\",\"breadcrumb\":{\"@id\":\"https:\/\/elnasl.eu\/cut-300-ms#breadcrumb\"},\"inLanguage\":\"fr-FR\",\"potentialAction\":[{\"@type\":\"ReadAction\",\"target\":[\"https:\/\/elnasl.eu\/cut-300-ms\"]}]},{\"@type\":\"ImageObject\",\"inLanguage\":\"fr-FR\",\"@id\":\"https:\/\/elnasl.eu\/cut-300-ms#primaryimage\",\"url\":\"https:\/\/elnasl.eu\/wp-content\/uploads\/2024\/04\/CUT-300-2.webp.webp\",\"contentUrl\":\"https:\/\/elnasl.eu\/wp-content\/uploads\/2024\/04\/CUT-300-2.webp.webp\"},{\"@type\":\"BreadcrumbList\",\"@id\":\"https:\/\/elnasl.eu\/cut-300-ms#breadcrumb\",\"itemListElement\":[{\"@type\":\"ListItem\",\"position\":1,\"name\":\"Portada\",\"item\":\"https:\/\/elnasl.eu\/\"},{\"@type\":\"ListItem\",\"position\":2,\"name\":\"CUT 300 MS\"}]},{\"@type\":\"WebSite\",\"@id\":\"https:\/\/elnasl.eu\/#website\",\"url\":\"https:\/\/elnasl.eu\/\",\"name\":\"Electroerosiones Navarra\",\"description\":\"25 a\u00f1os de experiencia en mecanizados por electroerosi\u00f3n.\",\"publisher\":{\"@id\":\"https:\/\/elnasl.eu\/#organization\"},\"potentialAction\":[{\"@type\":\"SearchAction\",\"target\":{\"@type\":\"EntryPoint\",\"urlTemplate\":\"https:\/\/elnasl.eu\/?s={search_term_string}\"},\"query-input\":{\"@type\":\"PropertyValueSpecification\",\"valueRequired\":true,\"valueName\":\"search_term_string\"}}],\"inLanguage\":\"fr-FR\"},{\"@type\":\"Organization\",\"@id\":\"https:\/\/elnasl.eu\/#organization\",\"name\":\"Electroerosiones Navarra\",\"url\":\"https:\/\/elnasl.eu\/\",\"logo\":{\"@type\":\"ImageObject\",\"inLanguage\":\"fr-FR\",\"@id\":\"https:\/\/elnasl.eu\/#\/schema\/logo\/image\/\",\"url\":\"https:\/\/elnasl.eu\/wp-content\/uploads\/2024\/04\/elna-Recuperado-03-1.png\",\"contentUrl\":\"https:\/\/elnasl.eu\/wp-content\/uploads\/2024\/04\/elna-Recuperado-03-1.png\",\"width\":3997,\"height\":3171,\"caption\":\"Electroerosiones Navarra\"},\"image\":{\"@id\":\"https:\/\/elnasl.eu\/#\/schema\/logo\/image\/\"}}]}<\/script>\n<!-- \/ Yoast SEO plugin. -->","yoast_head_json":{"title":"CUT 300 MS - Electroerosiones Navarra","robots":{"index":"index","follow":"follow","max-snippet":"max-snippet:-1","max-image-preview":"max-image-preview:large","max-video-preview":"max-video-preview:-1"},"canonical":"https:\/\/elnasl.eu\/fr\/cut-300-ms\/","og_locale":"fr_FR","og_type":"article","og_title":"CUT 300 MS - Electroerosiones Navarra","og_description":"CUT 300 MS Electroerosi\u00f3n por hilo (EDM) \u00a0 M\u00e9todo de corte: Inmersi\u00f3n Dimensiones m\u00e1x. de ataque: 550 x 350 mm \u00c1ngulo m\u00e1x. ataque: +\/- 45\u00ba Altura m\u00e1x. pieza: 400 mm Peso m\u00e1x. pieza: 1.500 Kg Dimensiones m\u00e1x. pieza: 1.200 x 700 x 400 mm Mayor precisi\u00f3n en corte y m\u00e1xima calidad en acabados \u00a1Cont\u00e1ctanos hoy [&hellip;]","og_url":"https:\/\/elnasl.eu\/fr\/cut-300-ms\/","og_site_name":"Electroerosiones Navarra","article_modified_time":"2025-01-14T10:32:03+00:00","og_image":[{"url":"https:\/\/elnasl.eu\/wp-content\/uploads\/2024\/04\/CUT-300-2.webp.webp","type":"","width":"","height":""}],"twitter_card":"summary_large_image","twitter_misc":{"Dur\u00e9e de lecture estim\u00e9e":"1 minute"},"schema":{"@context":"https:\/\/schema.org","@graph":[{"@type":"WebPage","@id":"https:\/\/elnasl.eu\/cut-300-ms","url":"https:\/\/elnasl.eu\/cut-300-ms","name":"CUT 300 MS - Electroerosiones Navarra","isPartOf":{"@id":"https:\/\/elnasl.eu\/#website"},"primaryImageOfPage":{"@id":"https:\/\/elnasl.eu\/cut-300-ms#primaryimage"},"image":{"@id":"https:\/\/elnasl.eu\/cut-300-ms#primaryimage"},"thumbnailUrl":"https:\/\/elnasl.eu\/wp-content\/uploads\/2024\/04\/CUT-300-2.webp.webp","datePublished":"2024-04-08T16:29:45+00:00","dateModified":"2025-01-14T10:32:03+00:00","breadcrumb":{"@id":"https:\/\/elnasl.eu\/cut-300-ms#breadcrumb"},"inLanguage":"fr-FR","potentialAction":[{"@type":"ReadAction","target":["https:\/\/elnasl.eu\/cut-300-ms"]}]},{"@type":"ImageObject","inLanguage":"fr-FR","@id":"https:\/\/elnasl.eu\/cut-300-ms#primaryimage","url":"https:\/\/elnasl.eu\/wp-content\/uploads\/2024\/04\/CUT-300-2.webp.webp","contentUrl":"https:\/\/elnasl.eu\/wp-content\/uploads\/2024\/04\/CUT-300-2.webp.webp"},{"@type":"BreadcrumbList","@id":"https:\/\/elnasl.eu\/cut-300-ms#breadcrumb","itemListElement":[{"@type":"ListItem","position":1,"name":"Portada","item":"https:\/\/elnasl.eu\/"},{"@type":"ListItem","position":2,"name":"CUT 300 MS"}]},{"@type":"WebSite","@id":"https:\/\/elnasl.eu\/#website","url":"https:\/\/elnasl.eu\/","name":"Electroerosiones Navarra","description":"25 a\u00f1os de experiencia en mecanizados por electroerosi\u00f3n.","publisher":{"@id":"https:\/\/elnasl.eu\/#organization"},"potentialAction":[{"@type":"SearchAction","target":{"@type":"EntryPoint","urlTemplate":"https:\/\/elnasl.eu\/?s={search_term_string}"},"query-input":{"@type":"PropertyValueSpecification","valueRequired":true,"valueName":"search_term_string"}}],"inLanguage":"fr-FR"},{"@type":"Organization","@id":"https:\/\/elnasl.eu\/#organization","name":"Electroerosiones Navarra","url":"https:\/\/elnasl.eu\/","logo":{"@type":"ImageObject","inLanguage":"fr-FR","@id":"https:\/\/elnasl.eu\/#\/schema\/logo\/image\/","url":"https:\/\/elnasl.eu\/wp-content\/uploads\/2024\/04\/elna-Recuperado-03-1.png","contentUrl":"https:\/\/elnasl.eu\/wp-content\/uploads\/2024\/04\/elna-Recuperado-03-1.png","width":3997,"height":3171,"caption":"Electroerosiones Navarra"},"image":{"@id":"https:\/\/elnasl.eu\/#\/schema\/logo\/image\/"}}]}},"_links":{"self":[{"href":"https:\/\/elnasl.eu\/fr\/wp-json\/wp\/v2\/pages\/1296","targetHints":{"allow":["GET"]}}],"collection":[{"href":"https:\/\/elnasl.eu\/fr\/wp-json\/wp\/v2\/pages"}],"about":[{"href":"https:\/\/elnasl.eu\/fr\/wp-json\/wp\/v2\/types\/page"}],"author":[{"embeddable":true,"href":"https:\/\/elnasl.eu\/fr\/wp-json\/wp\/v2\/users\/1"}],"replies":[{"embeddable":true,"href":"https:\/\/elnasl.eu\/fr\/wp-json\/wp\/v2\/comments?post=1296"}],"version-history":[{"count":43,"href":"https:\/\/elnasl.eu\/fr\/wp-json\/wp\/v2\/pages\/1296\/revisions"}],"predecessor-version":[{"id":3975,"href":"https:\/\/elnasl.eu\/fr\/wp-json\/wp\/v2\/pages\/1296\/revisions\/3975"}],"wp:attachment":[{"href":"https:\/\/elnasl.eu\/fr\/wp-json\/wp\/v2\/media?parent=1296"}],"curies":[{"name":"wp","href":"https:\/\/api.w.org\/{rel}","templated":true}]}}