{"id":1320,"date":"2024-04-08T18:35:06","date_gmt":"2024-04-08T16:35:06","guid":{"rendered":"https:\/\/elnasl.eu\/?page_id=1320"},"modified":"2025-01-14T11:32:18","modified_gmt":"2025-01-14T10:32:18","slug":"cut-e350","status":"publish","type":"page","link":"https:\/\/elnasl.eu\/fr\/cut-e350","title":{"rendered":"COUPE E350"},"content":{"rendered":"<div data-elementor-type=\"wp-page\" data-elementor-id=\"1320\" class=\"elementor elementor-1320\" data-elementor-post-type=\"page\">\n\t\t\t\t\t\t<section class=\"elementor-section elementor-top-section elementor-element elementor-element-ac1424e elementor-section-boxed elementor-section-height-default elementor-section-height-default\" data-id=\"ac1424e\" data-element_type=\"section\" data-settings=\"{&quot;background_background&quot;:&quot;classic&quot;}\">\n\t\t\t\t\t\t\t<div class=\"elementor-background-overlay\"><\/div>\n\t\t\t\t\t\t\t<div class=\"elementor-container elementor-column-gap-no\">\n\t\t\t\t\t<div class=\"elementor-column elementor-col-100 elementor-top-column elementor-element elementor-element-e74ea79\" data-id=\"e74ea79\" data-element_type=\"column\">\n\t\t\t<div class=\"elementor-widget-wrap elementor-element-populated\">\n\t\t\t\t\t\t<div class=\"elementor-element elementor-element-d931552 elementor-invisible elementor-widget elementor-widget-heading\" data-id=\"d931552\" data-element_type=\"widget\" data-settings=\"{&quot;_animation&quot;:&quot;fadeIn&quot;}\" data-widget_type=\"heading.default\">\n\t\t\t\t<div class=\"elementor-widget-container\">\n\t\t\t\t\t<h1 class=\"elementor-heading-title elementor-size-default\">COUPE E350<\/h1>\t\t\t\t<\/div>\n\t\t\t\t<\/div>\n\t\t\t\t\t<\/div>\n\t\t<\/div>\n\t\t\t\t\t<\/div>\n\t\t<\/section>\n\t\t\t\t<section class=\"elementor-section elementor-top-section elementor-element elementor-element-c1a6725 elementor-section-boxed elementor-section-height-default elementor-section-height-default\" data-id=\"c1a6725\" data-element_type=\"section\">\n\t\t\t\t\t\t<div class=\"elementor-container elementor-column-gap-default\">\n\t\t\t\t\t<div class=\"elementor-column elementor-col-100 elementor-top-column elementor-element elementor-element-e526742\" data-id=\"e526742\" data-element_type=\"column\">\n\t\t\t<div class=\"elementor-widget-wrap elementor-element-populated\">\n\t\t\t\t\t\t<section class=\"elementor-section elementor-inner-section elementor-element elementor-element-f6c277a elementor-section-boxed elementor-section-height-default elementor-section-height-default\" data-id=\"f6c277a\" data-element_type=\"section\">\n\t\t\t\t\t\t<div class=\"elementor-container elementor-column-gap-default\">\n\t\t\t\t\t<div class=\"elementor-column elementor-col-50 elementor-inner-column elementor-element elementor-element-9fae751 elementor-invisible\" data-id=\"9fae751\" data-element_type=\"column\" data-settings=\"{&quot;animation&quot;:&quot;fadeIn&quot;}\">\n\t\t\t<div class=\"elementor-widget-wrap elementor-element-populated\">\n\t\t\t\t\t\t<div class=\"elementor-element elementor-element-ed6caf0 elementor-widget elementor-widget-heading\" data-id=\"ed6caf0\" data-element_type=\"widget\" data-widget_type=\"heading.default\">\n\t\t\t\t<div class=\"elementor-widget-container\">\n\t\t\t\t\t<h2 class=\"elementor-heading-title elementor-size-default\"><span style=\"color: var( --e-global-color-primary );font-size: 2rem\">EDM \u00e0 fil<\/span><\/h2>\t\t\t\t<\/div>\n\t\t\t\t<\/div>\n\t\t\t\t<div class=\"elementor-element elementor-element-4f9e827 elementor-widget elementor-widget-text-editor\" data-id=\"4f9e827\" data-element_type=\"widget\" data-widget_type=\"text-editor.default\">\n\t\t\t\t<div class=\"elementor-widget-container\">\n\t\t\t\t\t\t\t\t\t<p>\u00a0<\/p><ul><li>Dimensions maximales attaque : 350 x 220 mm<\/li><li>Angle maximal attaque: +\/- 30\u00ba<\/li><li>Hauteur maximale pi\u00e8ce: 220 mm<\/li><li>Poids maximum pi\u00e8ce: 750 Kg<\/li><li>Dimensions maximales pi\u00e8ce: 800 x 550 x 220 mm<\/li><li>Pr\u00e9cision de coupe sup\u00e9rieure (&lt; \u00b1 2\u00b5m) et finitions de qualit\u00e9 maximale<\/li><\/ul>\t\t\t\t\t\t\t\t<\/div>\n\t\t\t\t<\/div>\n\t\t\t\t\t<\/div>\n\t\t<\/div>\n\t\t\t\t<div class=\"elementor-column elementor-col-50 elementor-inner-column elementor-element elementor-element-8f91525\" data-id=\"8f91525\" data-element_type=\"column\">\n\t\t\t<div class=\"elementor-widget-wrap elementor-element-populated\">\n\t\t\t\t\t\t<div class=\"elementor-element elementor-element-d68b542 elementor-invisible elementor-widget elementor-widget-image\" data-id=\"d68b542\" data-element_type=\"widget\" data-settings=\"{&quot;_animation&quot;:&quot;fadeIn&quot;}\" data-widget_type=\"image.default\">\n\t\t\t\t<div class=\"elementor-widget-container\">\n\t\t\t\t\t\t\t\t\t\t\t\t\t\t\t<img fetchpriority=\"high\" decoding=\"async\" width=\"1050\" height=\"994\" src=\"https:\/\/elnasl.eu\/wp-content\/uploads\/2024\/04\/CUT-E350-1.jpg.png\" class=\"attachment-full size-full wp-image-1232\" alt=\"CUT E350\u200b\u200b\" srcset=\"https:\/\/elnasl.eu\/wp-content\/uploads\/2024\/04\/CUT-E350-1.jpg.png 1050w, https:\/\/elnasl.eu\/wp-content\/uploads\/2024\/04\/CUT-E350-1.jpg-300x284.png 300w, https:\/\/elnasl.eu\/wp-content\/uploads\/2024\/04\/CUT-E350-1.jpg-1024x969.png 1024w, https:\/\/elnasl.eu\/wp-content\/uploads\/2024\/04\/CUT-E350-1.jpg-768x727.png 768w\" sizes=\"(max-width: 1050px) 100vw, 1050px\" \/>\t\t\t\t\t\t\t\t\t\t\t\t\t\t\t<\/div>\n\t\t\t\t<\/div>\n\t\t\t\t\t<\/div>\n\t\t<\/div>\n\t\t\t\t\t<\/div>\n\t\t<\/section>\n\t\t\t\t\t<\/div>\n\t\t<\/div>\n\t\t\t\t\t<\/div>\n\t\t<\/section>\n\t\t<div class=\"elementor-element elementor-element-16a102c e-con-full e-flex e-con e-parent\" data-id=\"16a102c\" data-element_type=\"container\" data-settings=\"{&quot;background_background&quot;:&quot;classic&quot;}\">\n\t\t\t\t<div class=\"elementor-element elementor-element-adf40e3 elementor-invisible elementor-widget elementor-widget-heading\" data-id=\"adf40e3\" data-element_type=\"widget\" data-settings=\"{&quot;_animation&quot;:&quot;fadeInDown&quot;}\" data-widget_type=\"heading.default\">\n\t\t\t\t<div class=\"elementor-widget-container\">\n\t\t\t\t\t<h2 class=\"elementor-heading-title elementor-size-default\">Contactez-nous d\u00e8s aujourd&#039;hui pour planifier une consultation et commencer \u00e0 travailler ensemble pour donner vie \u00e0 vos id\u00e9es !<br> Nous sommes l\u00e0 pour vous aider \u00e0 chaque \u00e9tape du processus.<\/h2>\t\t\t\t<\/div>\n\t\t\t\t<\/div>\n\t\t\t\t<div class=\"elementor-element elementor-element-11df775 elementor-align-center elementor-invisible elementor-widget elementor-widget-button\" data-id=\"11df775\" data-element_type=\"widget\" data-settings=\"{&quot;_animation&quot;:&quot;fadeIn&quot;}\" data-widget_type=\"button.default\">\n\t\t\t\t<div class=\"elementor-widget-container\">\n\t\t\t\t\t\t\t\t\t<div class=\"elementor-button-wrapper\">\n\t\t\t\t\t<a class=\"elementor-button elementor-button-link elementor-size-sm\" href=\"https:\/\/elnasl.eu\/fr\/contacto\">\n\t\t\t\t\t\t<span class=\"elementor-button-content-wrapper\">\n\t\t\t\t\t\t\t\t\t<span class=\"elementor-button-text\">CONTACT<\/span>\n\t\t\t\t\t<\/span>\n\t\t\t\t\t<\/a>\n\t\t\t\t<\/div>\n\t\t\t\t\t\t\t\t<\/div>\n\t\t\t\t<\/div>\n\t\t\t\t<\/div>\n\t\t\t\t<\/div>","protected":false},"excerpt":{"rendered":"<p>CUT E350\u200b Electroerosi\u00f3n por hilo (EDM) \u00a0 Dimensiones m\u00e1x. de ataque: 350 x 220 mm \u00c1ngulo m\u00e1x. ataque: +\/- 30\u00ba Altura m\u00e1x. pieza: 220 mm Peso m\u00e1x. pieza: 750 Kg Dimensiones m\u00e1x. pieza: 800 x 550 x 220 mm Mayor precisi\u00f3n en corte (&lt; \u00b1 2\u00b5m) y m\u00e1xima calidad en acabados \u00a1Cont\u00e1ctanos hoy mismo para [&hellip;]<\/p>","protected":false},"author":1,"featured_media":0,"parent":0,"menu_order":0,"comment_status":"closed","ping_status":"closed","template":"","meta":{"footnotes":""},"class_list":["post-1320","page","type-page","status-publish","hentry"],"yoast_head":"<!-- This site is optimized with the Yoast SEO plugin v25.2 - https:\/\/yoast.com\/wordpress\/plugins\/seo\/ -->\n<title>CUT E350\u200b - Electroerosiones Navarra<\/title>\n<meta name=\"robots\" content=\"index, follow, max-snippet:-1, max-image-preview:large, max-video-preview:-1\" \/>\n<link rel=\"canonical\" href=\"https:\/\/elnasl.eu\/fr\/cut-e350\/\" \/>\n<meta property=\"og:locale\" content=\"fr_FR\" \/>\n<meta property=\"og:type\" content=\"article\" \/>\n<meta property=\"og:title\" content=\"CUT E350\u200b - Electroerosiones Navarra\" \/>\n<meta property=\"og:description\" content=\"CUT E350\u200b Electroerosi\u00f3n por hilo (EDM) \u00a0 Dimensiones m\u00e1x. de ataque: 350 x 220 mm \u00c1ngulo m\u00e1x. ataque: +\/- 30\u00ba Altura m\u00e1x. pieza: 220 mm Peso m\u00e1x. pieza: 750 Kg Dimensiones m\u00e1x. pieza: 800 x 550 x 220 mm Mayor precisi\u00f3n en corte (&lt; \u00b1 2\u00b5m) y m\u00e1xima calidad en acabados \u00a1Cont\u00e1ctanos hoy mismo para [&hellip;]\" \/>\n<meta property=\"og:url\" content=\"https:\/\/elnasl.eu\/fr\/cut-e350\/\" \/>\n<meta property=\"og:site_name\" content=\"Electroerosiones Navarra\" \/>\n<meta property=\"article:modified_time\" content=\"2025-01-14T10:32:18+00:00\" \/>\n<meta property=\"og:image\" content=\"https:\/\/elnasl.eu\/wp-content\/uploads\/2024\/04\/CUT-E350-1.jpg.png\" \/>\n<meta name=\"twitter:card\" content=\"summary_large_image\" \/>\n<meta name=\"twitter:label1\" content=\"Dur\u00e9e de lecture estim\u00e9e\" \/>\n\t<meta name=\"twitter:data1\" content=\"1 minute\" \/>\n<script type=\"application\/ld+json\" class=\"yoast-schema-graph\">{\"@context\":\"https:\/\/schema.org\",\"@graph\":[{\"@type\":\"WebPage\",\"@id\":\"https:\/\/elnasl.eu\/cut-e350\",\"url\":\"https:\/\/elnasl.eu\/cut-e350\",\"name\":\"CUT E350\u200b - Electroerosiones Navarra\",\"isPartOf\":{\"@id\":\"https:\/\/elnasl.eu\/#website\"},\"primaryImageOfPage\":{\"@id\":\"https:\/\/elnasl.eu\/cut-e350#primaryimage\"},\"image\":{\"@id\":\"https:\/\/elnasl.eu\/cut-e350#primaryimage\"},\"thumbnailUrl\":\"https:\/\/elnasl.eu\/wp-content\/uploads\/2024\/04\/CUT-E350-1.jpg.png\",\"datePublished\":\"2024-04-08T16:35:06+00:00\",\"dateModified\":\"2025-01-14T10:32:18+00:00\",\"breadcrumb\":{\"@id\":\"https:\/\/elnasl.eu\/cut-e350#breadcrumb\"},\"inLanguage\":\"fr-FR\",\"potentialAction\":[{\"@type\":\"ReadAction\",\"target\":[\"https:\/\/elnasl.eu\/cut-e350\"]}]},{\"@type\":\"ImageObject\",\"inLanguage\":\"fr-FR\",\"@id\":\"https:\/\/elnasl.eu\/cut-e350#primaryimage\",\"url\":\"https:\/\/elnasl.eu\/wp-content\/uploads\/2024\/04\/CUT-E350-1.jpg.png\",\"contentUrl\":\"https:\/\/elnasl.eu\/wp-content\/uploads\/2024\/04\/CUT-E350-1.jpg.png\"},{\"@type\":\"BreadcrumbList\",\"@id\":\"https:\/\/elnasl.eu\/cut-e350#breadcrumb\",\"itemListElement\":[{\"@type\":\"ListItem\",\"position\":1,\"name\":\"Portada\",\"item\":\"https:\/\/elnasl.eu\/\"},{\"@type\":\"ListItem\",\"position\":2,\"name\":\"CUT E350\u200b\"}]},{\"@type\":\"WebSite\",\"@id\":\"https:\/\/elnasl.eu\/#website\",\"url\":\"https:\/\/elnasl.eu\/\",\"name\":\"Electroerosiones Navarra\",\"description\":\"25 a\u00f1os de experiencia en mecanizados por electroerosi\u00f3n.\",\"publisher\":{\"@id\":\"https:\/\/elnasl.eu\/#organization\"},\"potentialAction\":[{\"@type\":\"SearchAction\",\"target\":{\"@type\":\"EntryPoint\",\"urlTemplate\":\"https:\/\/elnasl.eu\/?s={search_term_string}\"},\"query-input\":{\"@type\":\"PropertyValueSpecification\",\"valueRequired\":true,\"valueName\":\"search_term_string\"}}],\"inLanguage\":\"fr-FR\"},{\"@type\":\"Organization\",\"@id\":\"https:\/\/elnasl.eu\/#organization\",\"name\":\"Electroerosiones Navarra\",\"url\":\"https:\/\/elnasl.eu\/\",\"logo\":{\"@type\":\"ImageObject\",\"inLanguage\":\"fr-FR\",\"@id\":\"https:\/\/elnasl.eu\/#\/schema\/logo\/image\/\",\"url\":\"https:\/\/elnasl.eu\/wp-content\/uploads\/2024\/04\/elna-Recuperado-03-1.png\",\"contentUrl\":\"https:\/\/elnasl.eu\/wp-content\/uploads\/2024\/04\/elna-Recuperado-03-1.png\",\"width\":3997,\"height\":3171,\"caption\":\"Electroerosiones Navarra\"},\"image\":{\"@id\":\"https:\/\/elnasl.eu\/#\/schema\/logo\/image\/\"}}]}<\/script>\n<!-- \/ Yoast SEO plugin. -->","yoast_head_json":{"title":"CUT E350\u200b - Electroerosiones Navarra","robots":{"index":"index","follow":"follow","max-snippet":"max-snippet:-1","max-image-preview":"max-image-preview:large","max-video-preview":"max-video-preview:-1"},"canonical":"https:\/\/elnasl.eu\/fr\/cut-e350\/","og_locale":"fr_FR","og_type":"article","og_title":"CUT E350\u200b - Electroerosiones Navarra","og_description":"CUT E350\u200b Electroerosi\u00f3n por hilo (EDM) \u00a0 Dimensiones m\u00e1x. de ataque: 350 x 220 mm \u00c1ngulo m\u00e1x. ataque: +\/- 30\u00ba Altura m\u00e1x. pieza: 220 mm Peso m\u00e1x. pieza: 750 Kg Dimensiones m\u00e1x. pieza: 800 x 550 x 220 mm Mayor precisi\u00f3n en corte (&lt; \u00b1 2\u00b5m) y m\u00e1xima calidad en acabados \u00a1Cont\u00e1ctanos hoy mismo para [&hellip;]","og_url":"https:\/\/elnasl.eu\/fr\/cut-e350\/","og_site_name":"Electroerosiones Navarra","article_modified_time":"2025-01-14T10:32:18+00:00","og_image":[{"url":"https:\/\/elnasl.eu\/wp-content\/uploads\/2024\/04\/CUT-E350-1.jpg.png","type":"","width":"","height":""}],"twitter_card":"summary_large_image","twitter_misc":{"Dur\u00e9e de lecture estim\u00e9e":"1 minute"},"schema":{"@context":"https:\/\/schema.org","@graph":[{"@type":"WebPage","@id":"https:\/\/elnasl.eu\/cut-e350","url":"https:\/\/elnasl.eu\/cut-e350","name":"CUT E350\u200b - Electroerosiones Navarra","isPartOf":{"@id":"https:\/\/elnasl.eu\/#website"},"primaryImageOfPage":{"@id":"https:\/\/elnasl.eu\/cut-e350#primaryimage"},"image":{"@id":"https:\/\/elnasl.eu\/cut-e350#primaryimage"},"thumbnailUrl":"https:\/\/elnasl.eu\/wp-content\/uploads\/2024\/04\/CUT-E350-1.jpg.png","datePublished":"2024-04-08T16:35:06+00:00","dateModified":"2025-01-14T10:32:18+00:00","breadcrumb":{"@id":"https:\/\/elnasl.eu\/cut-e350#breadcrumb"},"inLanguage":"fr-FR","potentialAction":[{"@type":"ReadAction","target":["https:\/\/elnasl.eu\/cut-e350"]}]},{"@type":"ImageObject","inLanguage":"fr-FR","@id":"https:\/\/elnasl.eu\/cut-e350#primaryimage","url":"https:\/\/elnasl.eu\/wp-content\/uploads\/2024\/04\/CUT-E350-1.jpg.png","contentUrl":"https:\/\/elnasl.eu\/wp-content\/uploads\/2024\/04\/CUT-E350-1.jpg.png"},{"@type":"BreadcrumbList","@id":"https:\/\/elnasl.eu\/cut-e350#breadcrumb","itemListElement":[{"@type":"ListItem","position":1,"name":"Portada","item":"https:\/\/elnasl.eu\/"},{"@type":"ListItem","position":2,"name":"CUT E350\u200b"}]},{"@type":"WebSite","@id":"https:\/\/elnasl.eu\/#website","url":"https:\/\/elnasl.eu\/","name":"Electroerosiones Navarra","description":"25 a\u00f1os de experiencia en mecanizados por electroerosi\u00f3n.","publisher":{"@id":"https:\/\/elnasl.eu\/#organization"},"potentialAction":[{"@type":"SearchAction","target":{"@type":"EntryPoint","urlTemplate":"https:\/\/elnasl.eu\/?s={search_term_string}"},"query-input":{"@type":"PropertyValueSpecification","valueRequired":true,"valueName":"search_term_string"}}],"inLanguage":"fr-FR"},{"@type":"Organization","@id":"https:\/\/elnasl.eu\/#organization","name":"Electroerosiones Navarra","url":"https:\/\/elnasl.eu\/","logo":{"@type":"ImageObject","inLanguage":"fr-FR","@id":"https:\/\/elnasl.eu\/#\/schema\/logo\/image\/","url":"https:\/\/elnasl.eu\/wp-content\/uploads\/2024\/04\/elna-Recuperado-03-1.png","contentUrl":"https:\/\/elnasl.eu\/wp-content\/uploads\/2024\/04\/elna-Recuperado-03-1.png","width":3997,"height":3171,"caption":"Electroerosiones Navarra"},"image":{"@id":"https:\/\/elnasl.eu\/#\/schema\/logo\/image\/"}}]}},"_links":{"self":[{"href":"https:\/\/elnasl.eu\/fr\/wp-json\/wp\/v2\/pages\/1320","targetHints":{"allow":["GET"]}}],"collection":[{"href":"https:\/\/elnasl.eu\/fr\/wp-json\/wp\/v2\/pages"}],"about":[{"href":"https:\/\/elnasl.eu\/fr\/wp-json\/wp\/v2\/types\/page"}],"author":[{"embeddable":true,"href":"https:\/\/elnasl.eu\/fr\/wp-json\/wp\/v2\/users\/1"}],"replies":[{"embeddable":true,"href":"https:\/\/elnasl.eu\/fr\/wp-json\/wp\/v2\/comments?post=1320"}],"version-history":[{"count":34,"href":"https:\/\/elnasl.eu\/fr\/wp-json\/wp\/v2\/pages\/1320\/revisions"}],"predecessor-version":[{"id":3978,"href":"https:\/\/elnasl.eu\/fr\/wp-json\/wp\/v2\/pages\/1320\/revisions\/3978"}],"wp:attachment":[{"href":"https:\/\/elnasl.eu\/fr\/wp-json\/wp\/v2\/media?parent=1320"}],"curies":[{"name":"wp","href":"https:\/\/api.w.org\/{rel}","templated":true}]}}