{"id":3255,"date":"2024-07-02T11:47:27","date_gmt":"2024-07-02T09:47:27","guid":{"rendered":"https:\/\/elnasl.eu\/?page_id=3255"},"modified":"2024-07-02T11:51:40","modified_gmt":"2024-07-02T09:51:40","slug":"electroerosion-por-hilo","status":"publish","type":"page","link":"https:\/\/elnasl.eu\/fr\/electroerosion-por-hilo","title":{"rendered":"EDM \u00e0 fil"},"content":{"rendered":"<div data-elementor-type=\"wp-page\" data-elementor-id=\"3255\" class=\"elementor elementor-3255\" data-elementor-post-type=\"page\">\n\t\t\t\t\t\t<section class=\"elementor-section elementor-top-section elementor-element elementor-element-dbe8615 elementor-section-boxed elementor-section-height-default elementor-section-height-default\" data-id=\"dbe8615\" data-element_type=\"section\" data-settings=\"{&quot;background_background&quot;:&quot;classic&quot;}\">\n\t\t\t\t\t\t\t<div class=\"elementor-background-overlay\"><\/div>\n\t\t\t\t\t\t\t<div class=\"elementor-container elementor-column-gap-no\">\n\t\t\t\t\t<div class=\"elementor-column elementor-col-100 elementor-top-column elementor-element elementor-element-fd4ec77\" data-id=\"fd4ec77\" data-element_type=\"column\">\n\t\t\t<div class=\"elementor-widget-wrap elementor-element-populated\">\n\t\t\t\t\t\t<div class=\"elementor-element elementor-element-9e24e97 elementor-invisible elementor-widget elementor-widget-heading\" data-id=\"9e24e97\" data-element_type=\"widget\" data-settings=\"{&quot;_animation&quot;:&quot;fadeIn&quot;}\" data-widget_type=\"heading.default\">\n\t\t\t\t<div class=\"elementor-widget-container\">\n\t\t\t\t\t<h1 class=\"elementor-heading-title elementor-size-default\">EDM \u00e0 fil<\/h1>\t\t\t\t<\/div>\n\t\t\t\t<\/div>\n\t\t\t\t\t<\/div>\n\t\t<\/div>\n\t\t\t\t\t<\/div>\n\t\t<\/section>\n\t\t\t\t<section class=\"elementor-section elementor-top-section elementor-element elementor-element-8536501 elementor-section-boxed elementor-section-height-default elementor-section-height-default\" data-id=\"8536501\" data-element_type=\"section\">\n\t\t\t\t\t\t<div class=\"elementor-container elementor-column-gap-default\">\n\t\t\t\t\t<div class=\"elementor-column elementor-col-100 elementor-top-column elementor-element elementor-element-ebcf20f\" data-id=\"ebcf20f\" data-element_type=\"column\">\n\t\t\t<div class=\"elementor-widget-wrap elementor-element-populated\">\n\t\t\t\t\t\t<section class=\"elementor-section elementor-inner-section elementor-element elementor-element-16680cf elementor-section-content-middle elementor-section-boxed elementor-section-height-default elementor-section-height-default\" data-id=\"16680cf\" data-element_type=\"section\">\n\t\t\t\t\t\t<div class=\"elementor-container elementor-column-gap-default\">\n\t\t\t\t\t<div class=\"elementor-column elementor-col-50 elementor-inner-column elementor-element elementor-element-f646361 elementor-invisible\" data-id=\"f646361\" data-element_type=\"column\" data-settings=\"{&quot;animation&quot;:&quot;fadeIn&quot;}\">\n\t\t\t<div class=\"elementor-widget-wrap elementor-element-populated\">\n\t\t\t\t\t\t<div class=\"elementor-element elementor-element-539a7a0 elementor-widget__width-initial elementor-widget elementor-widget-text-editor\" data-id=\"539a7a0\" data-element_type=\"widget\" data-widget_type=\"text-editor.default\">\n\t\t\t\t<div class=\"elementor-widget-container\">\n\t\t\t\t\t\t\t\t\t<h2>C\u00e9l\u00e9bration de 25 ans d&#039;excellence dans l&#039;\u00e9lectro\u00e9rosion \u00e0 fil<\/h2><p>Chez Electroerosiones Navarra, nous c\u00e9l\u00e9brons 25 ans d&#039;exp\u00e9rience dans la technique sp\u00e9cialis\u00e9e de <strong>EDM \u00e0 fil<\/strong>. Si vous recherchez une solution de pr\u00e9cision millim\u00e9trique pour vos besoins de fabrication et de r\u00e9paration de m\u00e9taux, nous sommes le choix id\u00e9al.\u00a0<\/p><p>Avec un quart de si\u00e8cle sur le march\u00e9, notre exp\u00e9rience en <strong>EDM \u00e0 fil<\/strong> est in\u00e9gal\u00e9. Nous avons perfectionn\u00e9 cette technique, qui utilise un fil conducteur et des courants \u00e9lectriques contr\u00f4l\u00e9s, pour fournir des r\u00e9sultats d&#039;une grande pr\u00e9cision. Cette exp\u00e9rience nous permet de relever les d\u00e9fis les plus complexes et de proposer des solutions personnalis\u00e9es adapt\u00e9es aux besoins sp\u00e9cifiques de chaque client.<\/p>\t\t\t\t\t\t\t\t<\/div>\n\t\t\t\t<\/div>\n\t\t\t\t\t<\/div>\n\t\t<\/div>\n\t\t\t\t<div class=\"elementor-column elementor-col-50 elementor-inner-column elementor-element elementor-element-62fc212\" data-id=\"62fc212\" data-element_type=\"column\" data-settings=\"{&quot;background_background&quot;:&quot;classic&quot;}\">\n\t\t\t<div class=\"elementor-widget-wrap elementor-element-populated\">\n\t\t\t\t\t\t<div class=\"elementor-element elementor-element-99fda31 elementor-widget elementor-widget-spacer\" data-id=\"99fda31\" data-element_type=\"widget\" data-widget_type=\"spacer.default\">\n\t\t\t\t<div class=\"elementor-widget-container\">\n\t\t\t\t\t\t\t<div class=\"elementor-spacer\">\n\t\t\t<div class=\"elementor-spacer-inner\"><\/div>\n\t\t<\/div>\n\t\t\t\t\t\t<\/div>\n\t\t\t\t<\/div>\n\t\t\t\t\t<\/div>\n\t\t<\/div>\n\t\t\t\t\t<\/div>\n\t\t<\/section>\n\t\t\t\t<section class=\"elementor-section elementor-inner-section elementor-element elementor-element-a95f8c7 elementor-section-content-middle elementor-reverse-mobile elementor-section-boxed elementor-section-height-default elementor-section-height-default\" data-id=\"a95f8c7\" data-element_type=\"section\">\n\t\t\t\t\t\t<div class=\"elementor-container elementor-column-gap-default\">\n\t\t\t\t\t<div class=\"elementor-column elementor-col-50 elementor-inner-column elementor-element elementor-element-8979e96\" data-id=\"8979e96\" data-element_type=\"column\" data-settings=\"{&quot;background_background&quot;:&quot;classic&quot;}\">\n\t\t\t<div class=\"elementor-widget-wrap elementor-element-populated\">\n\t\t\t\t\t\t<div class=\"elementor-element elementor-element-52ccc9c elementor-widget elementor-widget-spacer\" data-id=\"52ccc9c\" data-element_type=\"widget\" data-widget_type=\"spacer.default\">\n\t\t\t\t<div class=\"elementor-widget-container\">\n\t\t\t\t\t\t\t<div class=\"elementor-spacer\">\n\t\t\t<div class=\"elementor-spacer-inner\"><\/div>\n\t\t<\/div>\n\t\t\t\t\t\t<\/div>\n\t\t\t\t<\/div>\n\t\t\t\t\t<\/div>\n\t\t<\/div>\n\t\t\t\t<div class=\"elementor-column elementor-col-50 elementor-inner-column elementor-element elementor-element-f23d0cb elementor-invisible\" data-id=\"f23d0cb\" data-element_type=\"column\" data-settings=\"{&quot;animation&quot;:&quot;fadeIn&quot;}\">\n\t\t\t<div class=\"elementor-widget-wrap elementor-element-populated\">\n\t\t\t\t\t\t<div class=\"elementor-element elementor-element-121d976 elementor-widget elementor-widget-text-editor\" data-id=\"121d976\" data-element_type=\"widget\" data-widget_type=\"text-editor.default\">\n\t\t\t\t<div class=\"elementor-widget-container\">\n\t\t\t\t\t\t\t\t\t<h2>Innovation et engagement dans l&#039;\u00e9lectro\u00e9rosion \u00e0 fil<\/h2><p><span style=\"font-weight: 400;\">Le <\/span><b>EDM \u00e0 fil<\/b><span style=\"font-weight: 400;\"> Il se distingue par sa capacit\u00e9 \u00e0 couper les m\u00e9taux avec une pr\u00e9cision millim\u00e9trique. Chez Electroerosiones Navarra, nous comprenons que la pr\u00e9cision est cruciale dans la fabrication de composants m\u00e9talliques. Notre technologie de pointe et notre \u00e9quipe d&#039;experts garantissent que chaque pi\u00e8ce que nous produisons r\u00e9pond aux normes de pr\u00e9cision les plus \u00e9lev\u00e9es, minimisant la marge d&#039;erreur et garantissant la qualit\u00e9 du produit final.<\/span><\/p><p><span style=\"font-weight: 400;\">Dans un monde en constante \u00e9volution, l\u2019innovation est essentielle pour rester comp\u00e9titif. Chez Electroerosiones Navarra, nous investissons continuellement dans la recherche et le d\u00e9veloppement pour am\u00e9liorer nos techniques d&#039;usinage. <\/span><b>EDM \u00e0 fil<\/b><span style=\"font-weight: 400;\">.\u00a0<\/span><\/p><p><span style=\"font-weight: 400;\">Nous nous engageons \u00e0 adopter de nouvelles technologies et m\u00e9thodologies qui nous permettent d\u2019offrir des solutions plus efficaces et avanc\u00e9es. Cet engagement envers l\u2019innovation nous maintient \u00e0 l\u2019avant-garde de l\u2019industrie et nous permet de r\u00e9pondre aux demandes \u00e9volutives de nos clients.<\/span><\/p><p><span style=\"font-weight: 400;\">Nous comprenons que chaque projet est unique et n\u00e9cessite une approche personnalis\u00e9e. Chez Electroerosiones Navarra, nous travaillons en \u00e9troite collaboration avec nos clients pour comprendre leurs besoins sp\u00e9cifiques et d\u00e9velopper des solutions personnalis\u00e9es.\u00a0<\/span><\/p><h2>Collaboration et prestige dans l&#039;\u00e9lectro\u00e9rosion \u00e0 fil<\/h2><p><span style=\"font-weight: 400;\">Notre capacit\u00e9 \u00e0 offrir <\/span><strong>EDM \u00e0 fil<\/strong><span style=\"font-weight: 400;\"> Notre conception personnalis\u00e9e nous permet de nous adapter \u00e0 une large gamme d&#039;applications industrielles, de la fabrication d&#039;outils et de moules \u00e0 la production de composants de haute pr\u00e9cision pour les industries a\u00e9rospatiales et m\u00e9dicales.<\/span><\/p><p><span style=\"font-weight: 400;\">Succ\u00e8s dans le <\/span><b>EDM \u00e0 fil<\/b><span style=\"font-weight: 400;\"> on n&#039;y parvient pas seul. Chez Electroerosiones Navarra, nous croyons \u00e0 l&#039;importance d&#039;\u00e9tablir des alliances strat\u00e9giques avec des fournisseurs de confiance qui partagent nos valeurs de qualit\u00e9 et d&#039;engagement. Nous travaillons en \u00e9troite collaboration avec un r\u00e9seau s\u00e9lectionn\u00e9 de partenaires externes pour garantir un service complet qui d\u00e9passe les attentes de nos clients. Cette collaboration nous permet d\u2019offrir des solutions compl\u00e8tes et de maintenir des standards d\u2019excellence \u00e9lev\u00e9s dans chaque projet.<\/span><\/p><p><span style=\"font-weight: 400;\">Notre r\u00e9putation dans le domaine de <\/span><b>EDM \u00e0 fil<\/b><span style=\"font-weight: 400;\"> Elle est soutenue par nos affiliations avec des organisations prestigieuses telles que l&#039;Aranguren Valley Business Association, la Navarre Metal SME Association et la Navarre Industry Association. Ces partenariats refl\u00e8tent notre engagement envers la qualit\u00e9 et l\u2019excellence dans tous les aspects de notre travail.<\/span><\/p><p><span style=\"font-weight: 400;\">Si vous recherchez une entreprise fiable et exp\u00e9riment\u00e9e dans <\/span><b>EDM \u00e0 fil<\/b><span style=\"font-weight: 400;\">, ne cherchez pas plus loin. Electroerosion Navarra est l\u00e0 pour vous fournir des solutions pr\u00e9cises et personnalis\u00e9es qui propulseront votre projet vers le succ\u00e8s. Contactez-nous d\u00e8s aujourd&#039;hui pour demander votre devis et d\u00e9couvrir comment nous pouvons vous aider \u00e0 atteindre vos objectifs avec la technique de <\/span><b>EDM \u00e0 fil<\/b><span style=\"font-weight: 400;\">.<\/span><\/p><p style=\"line-height: 1.295; margin-top: 0pt; margin-bottom: 8pt;\"><span style=\"font-weight: 400;\">En bref, choisissez Electroerosiones Navarra pour vos besoins <\/span><b>EDM \u00e0 fil<\/b><span style=\"font-weight: 400;\"> c&#039;est opter pour l&#039;exp\u00e9rience, la pr\u00e9cision, l&#039;innovation, des solutions personnalis\u00e9es et une collaboration bas\u00e9e sur la confiance. Laissez-nous \u00eatre votre partenaire de confiance dans l&#039;industrie EDM et faites passer vos projets au niveau sup\u00e9rieur.<\/span><\/p>\t\t\t\t\t\t\t\t<\/div>\n\t\t\t\t<\/div>\n\t\t\t\t\t<\/div>\n\t\t<\/div>\n\t\t\t\t\t<\/div>\n\t\t<\/section>\n\t\t\t\t\t<\/div>\n\t\t<\/div>\n\t\t\t\t\t<\/div>\n\t\t<\/section>\n\t\t<div class=\"elementor-element elementor-element-c736d64 e-con-full e-flex e-con e-parent\" data-id=\"c736d64\" data-element_type=\"container\" data-settings=\"{&quot;background_background&quot;:&quot;classic&quot;}\">\n\t\t\t\t<div class=\"elementor-element elementor-element-8f6241a elementor-invisible elementor-widget elementor-widget-heading\" data-id=\"8f6241a\" data-element_type=\"widget\" data-settings=\"{&quot;_animation&quot;:&quot;fadeInDown&quot;}\" data-widget_type=\"heading.default\">\n\t\t\t\t<div class=\"elementor-widget-container\">\n\t\t\t\t\t<h2 class=\"elementor-heading-title elementor-size-default\">Si vous \u00eates int\u00e9ress\u00e9 par nos services dans le secteur alimentaire, n&#039;h\u00e9sitez pas \u00e0 nous contacter.<\/h2>\t\t\t\t<\/div>\n\t\t\t\t<\/div>\n\t\t\t\t<div class=\"elementor-element elementor-element-387b1ee elementor-widget elementor-widget-text-editor\" data-id=\"387b1ee\" data-element_type=\"widget\" data-widget_type=\"text-editor.default\">\n\t\t\t\t<div class=\"elementor-widget-container\">\n\t\t\t\t\t\t\t\t\tNous sommes l\u00e0 pour vous aider \u00e0 atteindre vos objectifs de fabrication avec une pr\u00e9cision et une efficacit\u00e9 maximales.\t\t\t\t\t\t\t\t<\/div>\n\t\t\t\t<\/div>\n\t\t\t\t<div class=\"elementor-element elementor-element-d0e5d2d elementor-button-align-end elementor-mobile-button-align-center elementor-widget elementor-widget-form\" data-id=\"d0e5d2d\" data-element_type=\"widget\" data-settings=\"{&quot;step_next_label&quot;:&quot;Next&quot;,&quot;step_previous_label&quot;:&quot;Previous&quot;,&quot;button_width&quot;:&quot;100&quot;,&quot;step_type&quot;:&quot;number_text&quot;,&quot;step_icon_shape&quot;:&quot;circle&quot;}\" data-widget_type=\"form.default\">\n\t\t\t\t<div class=\"elementor-widget-container\">\n\t\t\t\t\t\t\t<form class=\"elementor-form\" method=\"post\" name=\"New Form\" action=\"\">\n\t\t\t<input type=\"hidden\" name=\"post_id\" value=\"3255\"\/>\n\t\t\t<input type=\"hidden\" name=\"form_id\" value=\"d0e5d2d\"\/>\n\t\t\t<input type=\"hidden\" name=\"referer_title\" value=\"Electroerosiones Navarra\" \/>\n\n\t\t\t\n\t\t\t<div class=\"elementor-form-fields-wrapper elementor-labels-\">\n\t\t\t\t\t\t\t\t<div class=\"elementor-field-type-text elementor-field-group elementor-column elementor-field-group-name elementor-col-50\">\n\t\t\t\t\t\t\t\t\t\t\t\t<label for=\"form-field-name\" class=\"elementor-field-label elementor-screen-only\">\n\t\t\t\t\t\t\t\tNom\t\t\t\t\t\t\t<\/label>\n\t\t\t\t\t\t\t\t\t\t\t\t\t\t<input size=\"1\" type=\"text\" name=\"form_fields[name]\" id=\"form-field-name\" class=\"elementor-field elementor-size-sm  elementor-field-textual\" placeholder=\"Nom*\">\n\t\t\t\t\t\t\t\t\t\t\t<\/div>\n\t\t\t\t\t\t\t\t<div class=\"elementor-field-type-text elementor-field-group elementor-column elementor-field-group-field_5e63ec7 elementor-col-50\">\n\t\t\t\t\t\t\t\t\t\t\t\t<label for=\"form-field-field_5e63ec7\" class=\"elementor-field-label elementor-screen-only\">\n\t\t\t\t\t\t\t\tNoms de famille\t\t\t\t\t\t\t<\/label>\n\t\t\t\t\t\t\t\t\t\t\t\t\t\t<input size=\"1\" type=\"text\" name=\"form_fields[field_5e63ec7]\" id=\"form-field-field_5e63ec7\" class=\"elementor-field elementor-size-sm  elementor-field-textual\" placeholder=\"Nom de famille*\">\n\t\t\t\t\t\t\t\t\t\t\t<\/div>\n\t\t\t\t\t\t\t\t<div class=\"elementor-field-type-tel elementor-field-group elementor-column elementor-field-group-field_f5f1e1b elementor-col-50\">\n\t\t\t\t\t\t\t\t\t\t\t\t<label for=\"form-field-field_f5f1e1b\" class=\"elementor-field-label elementor-screen-only\">\n\t\t\t\t\t\t\t\tT\u00e9l\u00e9phone\t\t\t\t\t\t\t<\/label>\n\t\t\t\t\t\t\t\t<input size=\"1\" type=\"tel\" name=\"form_fields[field_f5f1e1b]\" id=\"form-field-field_f5f1e1b\" class=\"elementor-field elementor-size-sm  elementor-field-textual\" placeholder=\"T\u00e9l\u00e9phone*\" pattern=\"[0-9()#&amp;+*-=.]+\" title=\"Seuls les chiffres et les caract\u00e8res t\u00e9l\u00e9phoniques (#, -, *, etc) sont accept\u00e9s.\">\n\n\t\t\t\t\t\t<\/div>\n\t\t\t\t\t\t\t\t<div class=\"elementor-field-type-email elementor-field-group elementor-column elementor-field-group-email elementor-col-50 elementor-field-required\">\n\t\t\t\t\t\t\t\t\t\t\t\t<label for=\"form-field-email\" class=\"elementor-field-label elementor-screen-only\">\n\t\t\t\t\t\t\t\tE-mail*\t\t\t\t\t\t\t<\/label>\n\t\t\t\t\t\t\t\t\t\t\t\t\t\t<input size=\"1\" type=\"email\" name=\"form_fields[email]\" id=\"form-field-email\" class=\"elementor-field elementor-size-sm  elementor-field-textual\" placeholder=\"E-mail*\" required=\"required\">\n\t\t\t\t\t\t\t\t\t\t\t<\/div>\n\t\t\t\t\t\t\t\t<div class=\"elementor-field-type-textarea elementor-field-group elementor-column elementor-field-group-message elementor-col-100\">\n\t\t\t\t\t\t\t\t\t\t\t\t<label for=\"form-field-message\" class=\"elementor-field-label elementor-screen-only\">\n\t\t\t\t\t\t\t\tVeuillez inclure les d\u00e9tails de votre demande\t\t\t\t\t\t\t<\/label>\n\t\t\t\t\t\t<textarea class=\"elementor-field-textual elementor-field  elementor-size-sm\" name=\"form_fields[message]\" id=\"form-field-message\" rows=\"4\" placeholder=\"Veuillez inclure les d\u00e9tails de votre demande\"><\/textarea>\t\t\t\t<\/div>\n\t\t\t\t\t\t\t\t<div class=\"elementor-field-type-acceptance elementor-field-group elementor-column elementor-field-group-field_33c1f2d elementor-col-100 elementor-field-required\">\n\t\t\t\t\t\t\t<div class=\"elementor-field-subgroup\">\n\t\t\t<span class=\"elementor-field-option\">\n\t\t\t\t<input type=\"checkbox\" name=\"form_fields[field_33c1f2d]\" id=\"form-field-field_33c1f2d\" class=\"elementor-field elementor-size-sm  elementor-acceptance-field\" required=\"required\">\n\t\t\t\t<label for=\"form-field-field_33c1f2d\">J&#039;accepte la politique de confidentialit\u00e9 et l&#039;envoi de donn\u00e9es.<\/label>\t\t\t<\/span>\n\t\t<\/div>\n\t\t\t\t\t\t<\/div>\n\t\t\t\t\t\t\t\t<div class=\"elementor-field-type-text\">\n\t\t\t\t\t<input size=\"1\" type=\"text\" name=\"form_fields[field_b446347]\" id=\"form-field-field_b446347\" class=\"elementor-field elementor-size-sm\" style=\"display:none !important;\">\t\t\t\t<\/div>\n\t\t\t\t\t\t\t\t<div class=\"elementor-field-type-recaptcha_v3 elementor-field-group elementor-column elementor-field-group-field_8ef3480 elementor-col-100 recaptcha_v3-bottomleft\">\n\t\t\t\t\t<div class=\"elementor-field\" id=\"form-field-field_8ef3480\"><div class=\"elementor-g-recaptcha\" data-sitekey=\"6LeNeOIpAAAAALoyzyFOELu-2wgJiQoSjqFy1D8w\" data-type=\"v3\" data-action=\"Form\" data-badge=\"bottomleft\" data-size=\"invisible\"><\/div><\/div>\t\t\t\t<\/div>\n\t\t\t\t\t\t\t\t<div class=\"elementor-field-group elementor-column elementor-field-type-submit elementor-col-100 e-form__buttons\">\n\t\t\t\t\t<button class=\"elementor-button elementor-size-md elementor-animation-grow\" type=\"submit\">\n\t\t\t\t\t\t<span class=\"elementor-button-content-wrapper\">\n\t\t\t\t\t\t\t\t\t\t\t\t\t\t\t\t\t\t\t\t\t\t<span class=\"elementor-button-text\">Envoyer<\/span>\n\t\t\t\t\t\t\t\t\t\t\t\t\t<\/span>\n\t\t\t\t\t<\/button>\n\t\t\t\t<\/div>\n\t\t\t<\/div>\n\t\t<input type=\"hidden\" name=\"trp-form-language\" value=\"fr\"\/><\/form>\n\t\t\t\t\t\t<\/div>\n\t\t\t\t<\/div>\n\t\t\t\t<\/div>\n\t\t\t\t<\/div>","protected":false},"excerpt":{"rendered":"<p>Celebrando 25 a\u00f1os de excelencia en electroerosi\u00f3n por hilo En Electroerosiones Navarra, celebramos 25 a\u00f1os de experiencia en la t\u00e9cnica especializada de electroerosi\u00f3n por hilo. Si est\u00e1s buscando una soluci\u00f3n de precisi\u00f3n milim\u00e9trica para tus necesidades de fabricaci\u00f3n y reparaci\u00f3n de piezas met\u00e1licas, somos la elecci\u00f3n ideal.\u00a0 Con un cuarto de siglo en el mercado, [&hellip;]<\/p>","protected":false},"author":1,"featured_media":0,"parent":0,"menu_order":0,"comment_status":"closed","ping_status":"closed","template":"","meta":{"footnotes":""},"class_list":["post-3255","page","type-page","status-publish","hentry"],"yoast_head":"<!-- This site is optimized with the Yoast SEO plugin v25.2 - https:\/\/yoast.com\/wordpress\/plugins\/seo\/ -->\n<title>Electroerosi\u00f3n por hilo - Electroerosiones Navarra<\/title>\n<meta name=\"robots\" content=\"index, follow, max-snippet:-1, max-image-preview:large, max-video-preview:-1\" \/>\n<link rel=\"canonical\" href=\"https:\/\/elnasl.eu\/fr\/electroerosion-por-hilo\/\" \/>\n<meta property=\"og:locale\" content=\"fr_FR\" \/>\n<meta property=\"og:type\" content=\"article\" \/>\n<meta property=\"og:title\" content=\"Electroerosi\u00f3n por hilo - Electroerosiones Navarra\" \/>\n<meta property=\"og:description\" content=\"Celebrando 25 a\u00f1os de excelencia en electroerosi\u00f3n por hilo En Electroerosiones Navarra, celebramos 25 a\u00f1os de experiencia en la t\u00e9cnica especializada de electroerosi\u00f3n por hilo. Si est\u00e1s buscando una soluci\u00f3n de precisi\u00f3n milim\u00e9trica para tus necesidades de fabricaci\u00f3n y reparaci\u00f3n de piezas met\u00e1licas, somos la elecci\u00f3n ideal.\u00a0 Con un cuarto de siglo en el mercado, [&hellip;]\" \/>\n<meta property=\"og:url\" content=\"https:\/\/elnasl.eu\/fr\/electroerosion-por-hilo\/\" \/>\n<meta property=\"og:site_name\" content=\"Electroerosiones Navarra\" \/>\n<meta property=\"article:modified_time\" content=\"2024-07-02T09:51:40+00:00\" \/>\n<meta name=\"twitter:card\" content=\"summary_large_image\" \/>\n<meta name=\"twitter:label1\" content=\"Dur\u00e9e de lecture estim\u00e9e\" \/>\n\t<meta name=\"twitter:data1\" content=\"3 minutes\" \/>\n<script type=\"application\/ld+json\" class=\"yoast-schema-graph\">{\"@context\":\"https:\/\/schema.org\",\"@graph\":[{\"@type\":\"WebPage\",\"@id\":\"https:\/\/elnasl.eu\/electroerosion-por-hilo\",\"url\":\"https:\/\/elnasl.eu\/electroerosion-por-hilo\",\"name\":\"Electroerosi\u00f3n por hilo - Electroerosiones Navarra\",\"isPartOf\":{\"@id\":\"https:\/\/elnasl.eu\/#website\"},\"datePublished\":\"2024-07-02T09:47:27+00:00\",\"dateModified\":\"2024-07-02T09:51:40+00:00\",\"breadcrumb\":{\"@id\":\"https:\/\/elnasl.eu\/electroerosion-por-hilo#breadcrumb\"},\"inLanguage\":\"fr-FR\",\"potentialAction\":[{\"@type\":\"ReadAction\",\"target\":[\"https:\/\/elnasl.eu\/electroerosion-por-hilo\"]}]},{\"@type\":\"BreadcrumbList\",\"@id\":\"https:\/\/elnasl.eu\/electroerosion-por-hilo#breadcrumb\",\"itemListElement\":[{\"@type\":\"ListItem\",\"position\":1,\"name\":\"Portada\",\"item\":\"https:\/\/elnasl.eu\/\"},{\"@type\":\"ListItem\",\"position\":2,\"name\":\"Electroerosi\u00f3n por hilo\"}]},{\"@type\":\"WebSite\",\"@id\":\"https:\/\/elnasl.eu\/#website\",\"url\":\"https:\/\/elnasl.eu\/\",\"name\":\"Electroerosiones Navarra\",\"description\":\"25 a\u00f1os de experiencia en mecanizados por electroerosi\u00f3n.\",\"publisher\":{\"@id\":\"https:\/\/elnasl.eu\/#organization\"},\"potentialAction\":[{\"@type\":\"SearchAction\",\"target\":{\"@type\":\"EntryPoint\",\"urlTemplate\":\"https:\/\/elnasl.eu\/?s={search_term_string}\"},\"query-input\":{\"@type\":\"PropertyValueSpecification\",\"valueRequired\":true,\"valueName\":\"search_term_string\"}}],\"inLanguage\":\"fr-FR\"},{\"@type\":\"Organization\",\"@id\":\"https:\/\/elnasl.eu\/#organization\",\"name\":\"Electroerosiones Navarra\",\"url\":\"https:\/\/elnasl.eu\/\",\"logo\":{\"@type\":\"ImageObject\",\"inLanguage\":\"fr-FR\",\"@id\":\"https:\/\/elnasl.eu\/#\/schema\/logo\/image\/\",\"url\":\"https:\/\/elnasl.eu\/wp-content\/uploads\/2024\/04\/elna-Recuperado-03-1.png\",\"contentUrl\":\"https:\/\/elnasl.eu\/wp-content\/uploads\/2024\/04\/elna-Recuperado-03-1.png\",\"width\":3997,\"height\":3171,\"caption\":\"Electroerosiones Navarra\"},\"image\":{\"@id\":\"https:\/\/elnasl.eu\/#\/schema\/logo\/image\/\"}}]}<\/script>\n<!-- \/ Yoast SEO plugin. -->","yoast_head_json":{"title":"Electroerosi\u00f3n por hilo - Electroerosiones Navarra","robots":{"index":"index","follow":"follow","max-snippet":"max-snippet:-1","max-image-preview":"max-image-preview:large","max-video-preview":"max-video-preview:-1"},"canonical":"https:\/\/elnasl.eu\/fr\/electroerosion-por-hilo\/","og_locale":"fr_FR","og_type":"article","og_title":"Electroerosi\u00f3n por hilo - Electroerosiones Navarra","og_description":"Celebrando 25 a\u00f1os de excelencia en electroerosi\u00f3n por hilo En Electroerosiones Navarra, celebramos 25 a\u00f1os de experiencia en la t\u00e9cnica especializada de electroerosi\u00f3n por hilo. Si est\u00e1s buscando una soluci\u00f3n de precisi\u00f3n milim\u00e9trica para tus necesidades de fabricaci\u00f3n y reparaci\u00f3n de piezas met\u00e1licas, somos la elecci\u00f3n ideal.\u00a0 Con un cuarto de siglo en el mercado, [&hellip;]","og_url":"https:\/\/elnasl.eu\/fr\/electroerosion-por-hilo\/","og_site_name":"Electroerosiones Navarra","article_modified_time":"2024-07-02T09:51:40+00:00","twitter_card":"summary_large_image","twitter_misc":{"Dur\u00e9e de lecture estim\u00e9e":"3 minutes"},"schema":{"@context":"https:\/\/schema.org","@graph":[{"@type":"WebPage","@id":"https:\/\/elnasl.eu\/electroerosion-por-hilo","url":"https:\/\/elnasl.eu\/electroerosion-por-hilo","name":"Electroerosi\u00f3n por hilo - Electroerosiones Navarra","isPartOf":{"@id":"https:\/\/elnasl.eu\/#website"},"datePublished":"2024-07-02T09:47:27+00:00","dateModified":"2024-07-02T09:51:40+00:00","breadcrumb":{"@id":"https:\/\/elnasl.eu\/electroerosion-por-hilo#breadcrumb"},"inLanguage":"fr-FR","potentialAction":[{"@type":"ReadAction","target":["https:\/\/elnasl.eu\/electroerosion-por-hilo"]}]},{"@type":"BreadcrumbList","@id":"https:\/\/elnasl.eu\/electroerosion-por-hilo#breadcrumb","itemListElement":[{"@type":"ListItem","position":1,"name":"Portada","item":"https:\/\/elnasl.eu\/"},{"@type":"ListItem","position":2,"name":"Electroerosi\u00f3n por hilo"}]},{"@type":"WebSite","@id":"https:\/\/elnasl.eu\/#website","url":"https:\/\/elnasl.eu\/","name":"Electroerosiones Navarra","description":"25 a\u00f1os de experiencia en mecanizados por electroerosi\u00f3n.","publisher":{"@id":"https:\/\/elnasl.eu\/#organization"},"potentialAction":[{"@type":"SearchAction","target":{"@type":"EntryPoint","urlTemplate":"https:\/\/elnasl.eu\/?s={search_term_string}"},"query-input":{"@type":"PropertyValueSpecification","valueRequired":true,"valueName":"search_term_string"}}],"inLanguage":"fr-FR"},{"@type":"Organization","@id":"https:\/\/elnasl.eu\/#organization","name":"Electroerosiones Navarra","url":"https:\/\/elnasl.eu\/","logo":{"@type":"ImageObject","inLanguage":"fr-FR","@id":"https:\/\/elnasl.eu\/#\/schema\/logo\/image\/","url":"https:\/\/elnasl.eu\/wp-content\/uploads\/2024\/04\/elna-Recuperado-03-1.png","contentUrl":"https:\/\/elnasl.eu\/wp-content\/uploads\/2024\/04\/elna-Recuperado-03-1.png","width":3997,"height":3171,"caption":"Electroerosiones Navarra"},"image":{"@id":"https:\/\/elnasl.eu\/#\/schema\/logo\/image\/"}}]}},"_links":{"self":[{"href":"https:\/\/elnasl.eu\/fr\/wp-json\/wp\/v2\/pages\/3255","targetHints":{"allow":["GET"]}}],"collection":[{"href":"https:\/\/elnasl.eu\/fr\/wp-json\/wp\/v2\/pages"}],"about":[{"href":"https:\/\/elnasl.eu\/fr\/wp-json\/wp\/v2\/types\/page"}],"author":[{"embeddable":true,"href":"https:\/\/elnasl.eu\/fr\/wp-json\/wp\/v2\/users\/1"}],"replies":[{"embeddable":true,"href":"https:\/\/elnasl.eu\/fr\/wp-json\/wp\/v2\/comments?post=3255"}],"version-history":[{"count":5,"href":"https:\/\/elnasl.eu\/fr\/wp-json\/wp\/v2\/pages\/3255\/revisions"}],"predecessor-version":[{"id":3261,"href":"https:\/\/elnasl.eu\/fr\/wp-json\/wp\/v2\/pages\/3255\/revisions\/3261"}],"wp:attachment":[{"href":"https:\/\/elnasl.eu\/fr\/wp-json\/wp\/v2\/media?parent=3255"}],"curies":[{"name":"wp","href":"https:\/\/api.w.org\/{rel}","templated":true}]}}