{"id":3262,"date":"2024-07-02T11:54:13","date_gmt":"2024-07-02T09:54:13","guid":{"rendered":"https:\/\/elnasl.eu\/?page_id=3262"},"modified":"2024-07-02T11:58:53","modified_gmt":"2024-07-02T09:58:53","slug":"electroerosion-en-navarra","status":"publish","type":"page","link":"https:\/\/elnasl.eu\/fr\/electroerosion-en-navarra","title":{"rendered":"\u00c9rosion \u00e9lectrique en Navarre"},"content":{"rendered":"<div data-elementor-type=\"wp-page\" data-elementor-id=\"3262\" class=\"elementor elementor-3262\" data-elementor-post-type=\"page\">\n\t\t\t\t\t\t<section class=\"elementor-section elementor-top-section elementor-element elementor-element-dbe8615 elementor-section-boxed elementor-section-height-default elementor-section-height-default\" data-id=\"dbe8615\" data-element_type=\"section\" data-settings=\"{&quot;background_background&quot;:&quot;classic&quot;}\">\n\t\t\t\t\t\t\t<div class=\"elementor-background-overlay\"><\/div>\n\t\t\t\t\t\t\t<div class=\"elementor-container elementor-column-gap-no\">\n\t\t\t\t\t<div class=\"elementor-column elementor-col-100 elementor-top-column elementor-element elementor-element-fd4ec77\" data-id=\"fd4ec77\" data-element_type=\"column\">\n\t\t\t<div class=\"elementor-widget-wrap elementor-element-populated\">\n\t\t\t\t\t\t<div class=\"elementor-element elementor-element-9e24e97 elementor-invisible elementor-widget elementor-widget-heading\" data-id=\"9e24e97\" data-element_type=\"widget\" data-settings=\"{&quot;_animation&quot;:&quot;fadeIn&quot;}\" data-widget_type=\"heading.default\">\n\t\t\t\t<div class=\"elementor-widget-container\">\n\t\t\t\t\t<h1 class=\"elementor-heading-title elementor-size-default\">\u00c9rosion \u00e9lectrique en Navarre<\/h1>\t\t\t\t<\/div>\n\t\t\t\t<\/div>\n\t\t\t\t\t<\/div>\n\t\t<\/div>\n\t\t\t\t\t<\/div>\n\t\t<\/section>\n\t\t\t\t<section class=\"elementor-section elementor-top-section elementor-element elementor-element-8536501 elementor-section-boxed elementor-section-height-default elementor-section-height-default\" data-id=\"8536501\" data-element_type=\"section\">\n\t\t\t\t\t\t<div class=\"elementor-container elementor-column-gap-default\">\n\t\t\t\t\t<div class=\"elementor-column elementor-col-100 elementor-top-column elementor-element elementor-element-ebcf20f\" data-id=\"ebcf20f\" data-element_type=\"column\">\n\t\t\t<div class=\"elementor-widget-wrap elementor-element-populated\">\n\t\t\t\t\t\t<section class=\"elementor-section elementor-inner-section elementor-element elementor-element-16680cf elementor-section-content-middle elementor-section-boxed elementor-section-height-default elementor-section-height-default\" data-id=\"16680cf\" data-element_type=\"section\">\n\t\t\t\t\t\t<div class=\"elementor-container elementor-column-gap-default\">\n\t\t\t\t\t<div class=\"elementor-column elementor-col-50 elementor-inner-column elementor-element elementor-element-f646361 elementor-invisible\" data-id=\"f646361\" data-element_type=\"column\" data-settings=\"{&quot;animation&quot;:&quot;fadeIn&quot;}\">\n\t\t\t<div class=\"elementor-widget-wrap elementor-element-populated\">\n\t\t\t\t\t\t<div class=\"elementor-element elementor-element-539a7a0 elementor-widget__width-initial elementor-widget elementor-widget-text-editor\" data-id=\"539a7a0\" data-element_type=\"widget\" data-widget_type=\"text-editor.default\">\n\t\t\t\t<div class=\"elementor-widget-container\">\n\t\t\t\t\t\t\t\t\t<h2>Leader de l&#039;EDM en Navarre depuis 25 ans<\/h2><p>Chez Electroerosiones Navarra, nous sommes sp\u00e9cialis\u00e9s depuis 25 ans dans l&#039;offre de services de<br \/><strong>EDM en Navarre<\/strong>, nous consolidant ainsi comme une entreprise de r\u00e9f\u00e9rence dans le secteur.<br \/>Notre d\u00e9vouement \u00e0 la qualit\u00e9 et \u00e0 la satisfaction de nos clients nous a permis de grandir et de nous adapter aux<br \/>besoins changeants du march\u00e9, au service d&#039;industries cl\u00e9s telles que l&#039;automobile, l&#039;aviation,<br \/>alimentation et estampage.<br \/>L&#039;usinage par d\u00e9charge \u00e9lectrique est une technique d&#039;usinage de haute pr\u00e9cision qui utilise des d\u00e9charges \u00e9lectriques pour<br \/>m\u00e9taux moul\u00e9s. Ce proc\u00e9d\u00e9 est crucial pour la fabrication de pi\u00e8ces complexes avec des tol\u00e9rances serr\u00e9es.<br \/>finitions extr\u00eamement serr\u00e9es et de haute qualit\u00e9.<br \/>Chez Electroerosiones Navarra, nous disposons de machines de pointe et d&#039;une \u00e9quipe hautement qualifi\u00e9e.<br \/>form\u00e9s qui nous permettent d&#039;offrir des r\u00e9sultats exceptionnels dans chaque projet EDM en<br \/>Navarre.<br \/>Pourquoi nous choisir pour le <strong>Usinage par \u00e9lectro\u00e9rosion en Navarre<\/strong><br \/>Choisir Electroerosiones Navarra pour vos besoins d&#039;EDM en Navarre vous garantit une<br \/>s\u00e9rie d&#039;avantages. Avec 25 ans d&#039;exp\u00e9rience dans le domaine, notre \u00e9quipe poss\u00e8de une solide exp\u00e9rience<br \/>connaissances et comp\u00e9tences techniques qui garantissent pr\u00e9cision et qualit\u00e9 dans chaque travail<br \/>usinage par d\u00e9charge \u00e9lectrique.<br \/>Nos installations sont \u00e9quip\u00e9es des machines les plus modernes du march\u00e9, ce qui nous permet de<br \/>permet de r\u00e9aliser des travaux d&#039;\u00e9lectro\u00e9rosion avec une efficacit\u00e9 et une pr\u00e9cision maximales. Nous comprenons que chaque<br \/>Chaque projet est unique, nous proposons donc des solutions sur mesure pour r\u00e9pondre \u00e0 des besoins sp\u00e9cifiques<br \/>de nos clients, garantissant leur satisfaction et leur succ\u00e8s.<br \/>Le <strong>EDM en Navarre<\/strong> Il s\u2019agit d\u2019un service sp\u00e9cialis\u00e9 qui n\u00e9cessite un haut degr\u00e9 de pr\u00e9cision et<br \/>exp\u00e9rience. Chez Electroerosiones Navarra, nous sommes fiers de r\u00e9pondre aux normes les plus \u00e9lev\u00e9es.<br \/>qualit\u00e9, garantissant que chaque pi\u00e8ce produite r\u00e9pond aux sp\u00e9cifications exactes requises.<\/p>\t\t\t\t\t\t\t\t<\/div>\n\t\t\t\t<\/div>\n\t\t\t\t\t<\/div>\n\t\t<\/div>\n\t\t\t\t<div class=\"elementor-column elementor-col-50 elementor-inner-column elementor-element elementor-element-62fc212\" data-id=\"62fc212\" data-element_type=\"column\" data-settings=\"{&quot;background_background&quot;:&quot;classic&quot;}\">\n\t\t\t<div class=\"elementor-widget-wrap elementor-element-populated\">\n\t\t\t\t\t\t<div class=\"elementor-element elementor-element-99fda31 elementor-widget elementor-widget-spacer\" data-id=\"99fda31\" data-element_type=\"widget\" data-widget_type=\"spacer.default\">\n\t\t\t\t<div class=\"elementor-widget-container\">\n\t\t\t\t\t\t\t<div class=\"elementor-spacer\">\n\t\t\t<div class=\"elementor-spacer-inner\"><\/div>\n\t\t<\/div>\n\t\t\t\t\t\t<\/div>\n\t\t\t\t<\/div>\n\t\t\t\t\t<\/div>\n\t\t<\/div>\n\t\t\t\t\t<\/div>\n\t\t<\/section>\n\t\t\t\t<section class=\"elementor-section elementor-inner-section elementor-element elementor-element-a95f8c7 elementor-section-content-middle elementor-reverse-mobile elementor-section-boxed elementor-section-height-default elementor-section-height-default\" data-id=\"a95f8c7\" data-element_type=\"section\">\n\t\t\t\t\t\t<div class=\"elementor-container elementor-column-gap-default\">\n\t\t\t\t\t<div class=\"elementor-column elementor-col-50 elementor-inner-column elementor-element elementor-element-8979e96\" data-id=\"8979e96\" data-element_type=\"column\" data-settings=\"{&quot;background_background&quot;:&quot;classic&quot;}\">\n\t\t\t<div class=\"elementor-widget-wrap elementor-element-populated\">\n\t\t\t\t\t\t<div class=\"elementor-element elementor-element-52ccc9c elementor-widget elementor-widget-spacer\" data-id=\"52ccc9c\" data-element_type=\"widget\" data-widget_type=\"spacer.default\">\n\t\t\t\t<div class=\"elementor-widget-container\">\n\t\t\t\t\t\t\t<div class=\"elementor-spacer\">\n\t\t\t<div class=\"elementor-spacer-inner\"><\/div>\n\t\t<\/div>\n\t\t\t\t\t\t<\/div>\n\t\t\t\t<\/div>\n\t\t\t\t\t<\/div>\n\t\t<\/div>\n\t\t\t\t<div class=\"elementor-column elementor-col-50 elementor-inner-column elementor-element elementor-element-f23d0cb elementor-invisible\" data-id=\"f23d0cb\" data-element_type=\"column\" data-settings=\"{&quot;animation&quot;:&quot;fadeIn&quot;}\">\n\t\t\t<div class=\"elementor-widget-wrap elementor-element-populated\">\n\t\t\t\t\t\t<div class=\"elementor-element elementor-element-121d976 elementor-widget elementor-widget-text-editor\" data-id=\"121d976\" data-element_type=\"widget\" data-widget_type=\"text-editor.default\">\n\t\t\t\t<div class=\"elementor-widget-container\">\n\t\t\t\t\t\t\t\t\t<h2>Engagement envers la qualit\u00e9 et l&#039;innovation dans l&#039;EDM en Navarre<\/h2><p>Chez Electroerosiones Navarra, nous ne nous consacrons pas seulement \u00e0 l&#039;\u00e9rosion par d\u00e9charge \u00e9lectrique en Navarre, mais nous<br \/>Nous nous engageons \u00e0 innover et \u00e0 am\u00e9liorer continuellement nos processus. Nous avons investi<br \/>dans la technologie de pointe et dans la formation continue de notre personnel pour nous maintenir \u00e0 jour<br \/>\u00e0 la pointe de l&#039;industrie. Ce d\u00e9vouement \u00e0 l\u2019innovation nous permet d\u2019offrir des solutions de<br \/>EDM qui non seulement r\u00e9pond, mais d\u00e9passe les attentes de nos clients.<br \/>De plus, nous mettons l\u2019accent sur la collaboration et l\u2019\u00e9tablissement de relations solides avec les fournisseurs.<br \/>et des partenaires strat\u00e9giques nous permettent d&#039;offrir un service complet. Cette approche collaborative garantit la<br \/>flexibilit\u00e9 et adaptabilit\u00e9 n\u00e9cessaires pour faire face aux d\u00e9fis les plus complexes et nous maintenir en tant que<br \/>leaders du secteur <strong>usinage par \u00e9lectro\u00e9rosion en Navarre.<\/strong><\/p>\t\t\t\t\t\t\t\t<\/div>\n\t\t\t\t<\/div>\n\t\t\t\t\t<\/div>\n\t\t<\/div>\n\t\t\t\t\t<\/div>\n\t\t<\/section>\n\t\t\t\t\t<\/div>\n\t\t<\/div>\n\t\t\t\t\t<\/div>\n\t\t<\/section>\n\t\t<div class=\"elementor-element elementor-element-c736d64 e-con-full e-flex e-con e-parent\" data-id=\"c736d64\" data-element_type=\"container\" data-settings=\"{&quot;background_background&quot;:&quot;classic&quot;}\">\n\t\t\t\t<div class=\"elementor-element elementor-element-8f6241a elementor-invisible elementor-widget elementor-widget-heading\" data-id=\"8f6241a\" data-element_type=\"widget\" data-settings=\"{&quot;_animation&quot;:&quot;fadeInDown&quot;}\" data-widget_type=\"heading.default\">\n\t\t\t\t<div class=\"elementor-widget-container\">\n\t\t\t\t\t<h2 class=\"elementor-heading-title elementor-size-default\">Si vous \u00eates int\u00e9ress\u00e9 par nos services dans le secteur alimentaire, n&#039;h\u00e9sitez pas \u00e0 nous contacter.<\/h2>\t\t\t\t<\/div>\n\t\t\t\t<\/div>\n\t\t\t\t<div class=\"elementor-element elementor-element-387b1ee elementor-widget elementor-widget-text-editor\" data-id=\"387b1ee\" data-element_type=\"widget\" data-widget_type=\"text-editor.default\">\n\t\t\t\t<div class=\"elementor-widget-container\">\n\t\t\t\t\t\t\t\t\tNous sommes l\u00e0 pour vous aider \u00e0 atteindre vos objectifs de fabrication avec une pr\u00e9cision et une efficacit\u00e9 maximales.\t\t\t\t\t\t\t\t<\/div>\n\t\t\t\t<\/div>\n\t\t\t\t<div class=\"elementor-element elementor-element-d0e5d2d elementor-button-align-end elementor-mobile-button-align-center elementor-widget elementor-widget-form\" data-id=\"d0e5d2d\" data-element_type=\"widget\" data-settings=\"{&quot;step_next_label&quot;:&quot;Next&quot;,&quot;step_previous_label&quot;:&quot;Previous&quot;,&quot;button_width&quot;:&quot;100&quot;,&quot;step_type&quot;:&quot;number_text&quot;,&quot;step_icon_shape&quot;:&quot;circle&quot;}\" data-widget_type=\"form.default\">\n\t\t\t\t<div class=\"elementor-widget-container\">\n\t\t\t\t\t\t\t<form class=\"elementor-form\" method=\"post\" name=\"New Form\" action=\"\">\n\t\t\t<input type=\"hidden\" name=\"post_id\" value=\"3262\"\/>\n\t\t\t<input type=\"hidden\" name=\"form_id\" value=\"d0e5d2d\"\/>\n\t\t\t<input type=\"hidden\" name=\"referer_title\" value=\"Electroerosiones Navarra\" \/>\n\n\t\t\t\n\t\t\t<div class=\"elementor-form-fields-wrapper elementor-labels-\">\n\t\t\t\t\t\t\t\t<div class=\"elementor-field-type-text elementor-field-group elementor-column elementor-field-group-name elementor-col-50\">\n\t\t\t\t\t\t\t\t\t\t\t\t<label for=\"form-field-name\" class=\"elementor-field-label elementor-screen-only\">\n\t\t\t\t\t\t\t\tNom\t\t\t\t\t\t\t<\/label>\n\t\t\t\t\t\t\t\t\t\t\t\t\t\t<input size=\"1\" type=\"text\" name=\"form_fields[name]\" id=\"form-field-name\" class=\"elementor-field elementor-size-sm  elementor-field-textual\" placeholder=\"Nom*\">\n\t\t\t\t\t\t\t\t\t\t\t<\/div>\n\t\t\t\t\t\t\t\t<div class=\"elementor-field-type-text elementor-field-group elementor-column elementor-field-group-field_5e63ec7 elementor-col-50\">\n\t\t\t\t\t\t\t\t\t\t\t\t<label for=\"form-field-field_5e63ec7\" class=\"elementor-field-label elementor-screen-only\">\n\t\t\t\t\t\t\t\tNoms de famille\t\t\t\t\t\t\t<\/label>\n\t\t\t\t\t\t\t\t\t\t\t\t\t\t<input size=\"1\" type=\"text\" name=\"form_fields[field_5e63ec7]\" id=\"form-field-field_5e63ec7\" class=\"elementor-field elementor-size-sm  elementor-field-textual\" placeholder=\"Nom de famille*\">\n\t\t\t\t\t\t\t\t\t\t\t<\/div>\n\t\t\t\t\t\t\t\t<div class=\"elementor-field-type-tel elementor-field-group elementor-column elementor-field-group-field_f5f1e1b elementor-col-50\">\n\t\t\t\t\t\t\t\t\t\t\t\t<label for=\"form-field-field_f5f1e1b\" class=\"elementor-field-label elementor-screen-only\">\n\t\t\t\t\t\t\t\tT\u00e9l\u00e9phone\t\t\t\t\t\t\t<\/label>\n\t\t\t\t\t\t\t\t<input size=\"1\" type=\"tel\" name=\"form_fields[field_f5f1e1b]\" id=\"form-field-field_f5f1e1b\" class=\"elementor-field elementor-size-sm  elementor-field-textual\" placeholder=\"T\u00e9l\u00e9phone*\" pattern=\"[0-9()#&amp;+*-=.]+\" title=\"Seuls les chiffres et les caract\u00e8res t\u00e9l\u00e9phoniques (#, -, *, etc) sont accept\u00e9s.\">\n\n\t\t\t\t\t\t<\/div>\n\t\t\t\t\t\t\t\t<div class=\"elementor-field-type-email elementor-field-group elementor-column elementor-field-group-email elementor-col-50 elementor-field-required\">\n\t\t\t\t\t\t\t\t\t\t\t\t<label for=\"form-field-email\" class=\"elementor-field-label elementor-screen-only\">\n\t\t\t\t\t\t\t\tE-mail*\t\t\t\t\t\t\t<\/label>\n\t\t\t\t\t\t\t\t\t\t\t\t\t\t<input size=\"1\" type=\"email\" name=\"form_fields[email]\" id=\"form-field-email\" class=\"elementor-field elementor-size-sm  elementor-field-textual\" placeholder=\"E-mail*\" required=\"required\">\n\t\t\t\t\t\t\t\t\t\t\t<\/div>\n\t\t\t\t\t\t\t\t<div class=\"elementor-field-type-textarea elementor-field-group elementor-column elementor-field-group-message elementor-col-100\">\n\t\t\t\t\t\t\t\t\t\t\t\t<label for=\"form-field-message\" class=\"elementor-field-label elementor-screen-only\">\n\t\t\t\t\t\t\t\tVeuillez inclure les d\u00e9tails de votre demande\t\t\t\t\t\t\t<\/label>\n\t\t\t\t\t\t<textarea class=\"elementor-field-textual elementor-field  elementor-size-sm\" name=\"form_fields[message]\" id=\"form-field-message\" rows=\"4\" placeholder=\"Veuillez inclure les d\u00e9tails de votre demande\"><\/textarea>\t\t\t\t<\/div>\n\t\t\t\t\t\t\t\t<div class=\"elementor-field-type-acceptance elementor-field-group elementor-column elementor-field-group-field_33c1f2d elementor-col-100 elementor-field-required\">\n\t\t\t\t\t\t\t<div class=\"elementor-field-subgroup\">\n\t\t\t<span class=\"elementor-field-option\">\n\t\t\t\t<input type=\"checkbox\" name=\"form_fields[field_33c1f2d]\" id=\"form-field-field_33c1f2d\" class=\"elementor-field elementor-size-sm  elementor-acceptance-field\" required=\"required\">\n\t\t\t\t<label for=\"form-field-field_33c1f2d\">J&#039;accepte la politique de confidentialit\u00e9 et l&#039;envoi de donn\u00e9es.<\/label>\t\t\t<\/span>\n\t\t<\/div>\n\t\t\t\t\t\t<\/div>\n\t\t\t\t\t\t\t\t<div class=\"elementor-field-type-text\">\n\t\t\t\t\t<input size=\"1\" type=\"text\" name=\"form_fields[field_b446347]\" id=\"form-field-field_b446347\" class=\"elementor-field elementor-size-sm\" style=\"display:none !important;\">\t\t\t\t<\/div>\n\t\t\t\t\t\t\t\t<div class=\"elementor-field-type-recaptcha_v3 elementor-field-group elementor-column elementor-field-group-field_8ef3480 elementor-col-100 recaptcha_v3-bottomleft\">\n\t\t\t\t\t<div class=\"elementor-field\" id=\"form-field-field_8ef3480\"><div class=\"elementor-g-recaptcha\" data-sitekey=\"6LeNeOIpAAAAALoyzyFOELu-2wgJiQoSjqFy1D8w\" data-type=\"v3\" data-action=\"Form\" data-badge=\"bottomleft\" data-size=\"invisible\"><\/div><\/div>\t\t\t\t<\/div>\n\t\t\t\t\t\t\t\t<div class=\"elementor-field-group elementor-column elementor-field-type-submit elementor-col-100 e-form__buttons\">\n\t\t\t\t\t<button class=\"elementor-button elementor-size-md elementor-animation-grow\" type=\"submit\">\n\t\t\t\t\t\t<span class=\"elementor-button-content-wrapper\">\n\t\t\t\t\t\t\t\t\t\t\t\t\t\t\t\t\t\t\t\t\t\t<span class=\"elementor-button-text\">Envoyer<\/span>\n\t\t\t\t\t\t\t\t\t\t\t\t\t<\/span>\n\t\t\t\t\t<\/button>\n\t\t\t\t<\/div>\n\t\t\t<\/div>\n\t\t<input type=\"hidden\" name=\"trp-form-language\" value=\"fr\"\/><\/form>\n\t\t\t\t\t\t<\/div>\n\t\t\t\t<\/div>\n\t\t\t\t<\/div>\n\t\t\t\t<\/div>","protected":false},"excerpt":{"rendered":"<p>Liderando la electroerosi\u00f3n en Navarra por 25 a\u00f1os En Electroerosiones Navarra, nos hemos especializado durante 25 a\u00f1os en ofrecer servicios deelectroerosi\u00f3n en Navarra, consolid\u00e1ndonos como una empresa de referencia en el sector.Nuestra dedicaci\u00f3n a la calidad y la satisfacci\u00f3n del cliente nos ha permitido crecer y adaptarnos a lasnecesidades cambiantes del mercado, sirviendo a industrias [&hellip;]<\/p>","protected":false},"author":1,"featured_media":0,"parent":0,"menu_order":0,"comment_status":"closed","ping_status":"closed","template":"","meta":{"footnotes":""},"class_list":["post-3262","page","type-page","status-publish","hentry"],"yoast_head":"<!-- This site is optimized with the Yoast SEO plugin v25.2 - https:\/\/yoast.com\/wordpress\/plugins\/seo\/ -->\n<title>Electroerosi\u00f3n en navarra - Electroerosiones Navarra<\/title>\n<meta name=\"robots\" content=\"index, follow, max-snippet:-1, max-image-preview:large, max-video-preview:-1\" \/>\n<link rel=\"canonical\" href=\"https:\/\/elnasl.eu\/fr\/electroerosion-en-navarra\/\" \/>\n<meta property=\"og:locale\" content=\"fr_FR\" \/>\n<meta property=\"og:type\" content=\"article\" \/>\n<meta property=\"og:title\" content=\"Electroerosi\u00f3n en navarra - Electroerosiones Navarra\" \/>\n<meta property=\"og:description\" content=\"Liderando la electroerosi\u00f3n en Navarra por 25 a\u00f1os En Electroerosiones Navarra, nos hemos especializado durante 25 a\u00f1os en ofrecer servicios deelectroerosi\u00f3n en Navarra, consolid\u00e1ndonos como una empresa de referencia en el sector.Nuestra dedicaci\u00f3n a la calidad y la satisfacci\u00f3n del cliente nos ha permitido crecer y adaptarnos a lasnecesidades cambiantes del mercado, sirviendo a industrias [&hellip;]\" \/>\n<meta property=\"og:url\" content=\"https:\/\/elnasl.eu\/fr\/electroerosion-en-navarra\/\" \/>\n<meta property=\"og:site_name\" content=\"Electroerosiones Navarra\" \/>\n<meta property=\"article:modified_time\" content=\"2024-07-02T09:58:53+00:00\" \/>\n<meta name=\"twitter:card\" content=\"summary_large_image\" \/>\n<meta name=\"twitter:label1\" content=\"Dur\u00e9e de lecture estim\u00e9e\" \/>\n\t<meta name=\"twitter:data1\" content=\"3 minutes\" \/>\n<script type=\"application\/ld+json\" class=\"yoast-schema-graph\">{\"@context\":\"https:\/\/schema.org\",\"@graph\":[{\"@type\":\"WebPage\",\"@id\":\"https:\/\/elnasl.eu\/electroerosion-en-navarra\",\"url\":\"https:\/\/elnasl.eu\/electroerosion-en-navarra\",\"name\":\"Electroerosi\u00f3n en navarra - Electroerosiones Navarra\",\"isPartOf\":{\"@id\":\"https:\/\/elnasl.eu\/#website\"},\"datePublished\":\"2024-07-02T09:54:13+00:00\",\"dateModified\":\"2024-07-02T09:58:53+00:00\",\"breadcrumb\":{\"@id\":\"https:\/\/elnasl.eu\/electroerosion-en-navarra#breadcrumb\"},\"inLanguage\":\"fr-FR\",\"potentialAction\":[{\"@type\":\"ReadAction\",\"target\":[\"https:\/\/elnasl.eu\/electroerosion-en-navarra\"]}]},{\"@type\":\"BreadcrumbList\",\"@id\":\"https:\/\/elnasl.eu\/electroerosion-en-navarra#breadcrumb\",\"itemListElement\":[{\"@type\":\"ListItem\",\"position\":1,\"name\":\"Portada\",\"item\":\"https:\/\/elnasl.eu\/\"},{\"@type\":\"ListItem\",\"position\":2,\"name\":\"Electroerosi\u00f3n en navarra\"}]},{\"@type\":\"WebSite\",\"@id\":\"https:\/\/elnasl.eu\/#website\",\"url\":\"https:\/\/elnasl.eu\/\",\"name\":\"Electroerosiones Navarra\",\"description\":\"25 a\u00f1os de experiencia en mecanizados por electroerosi\u00f3n.\",\"publisher\":{\"@id\":\"https:\/\/elnasl.eu\/#organization\"},\"potentialAction\":[{\"@type\":\"SearchAction\",\"target\":{\"@type\":\"EntryPoint\",\"urlTemplate\":\"https:\/\/elnasl.eu\/?s={search_term_string}\"},\"query-input\":{\"@type\":\"PropertyValueSpecification\",\"valueRequired\":true,\"valueName\":\"search_term_string\"}}],\"inLanguage\":\"fr-FR\"},{\"@type\":\"Organization\",\"@id\":\"https:\/\/elnasl.eu\/#organization\",\"name\":\"Electroerosiones Navarra\",\"url\":\"https:\/\/elnasl.eu\/\",\"logo\":{\"@type\":\"ImageObject\",\"inLanguage\":\"fr-FR\",\"@id\":\"https:\/\/elnasl.eu\/#\/schema\/logo\/image\/\",\"url\":\"https:\/\/elnasl.eu\/wp-content\/uploads\/2024\/04\/elna-Recuperado-03-1.png\",\"contentUrl\":\"https:\/\/elnasl.eu\/wp-content\/uploads\/2024\/04\/elna-Recuperado-03-1.png\",\"width\":3997,\"height\":3171,\"caption\":\"Electroerosiones Navarra\"},\"image\":{\"@id\":\"https:\/\/elnasl.eu\/#\/schema\/logo\/image\/\"}}]}<\/script>\n<!-- \/ Yoast SEO plugin. -->","yoast_head_json":{"title":"Electroerosi\u00f3n en navarra - Electroerosiones Navarra","robots":{"index":"index","follow":"follow","max-snippet":"max-snippet:-1","max-image-preview":"max-image-preview:large","max-video-preview":"max-video-preview:-1"},"canonical":"https:\/\/elnasl.eu\/fr\/electroerosion-en-navarra\/","og_locale":"fr_FR","og_type":"article","og_title":"Electroerosi\u00f3n en navarra - Electroerosiones Navarra","og_description":"Liderando la electroerosi\u00f3n en Navarra por 25 a\u00f1os En Electroerosiones Navarra, nos hemos especializado durante 25 a\u00f1os en ofrecer servicios deelectroerosi\u00f3n en Navarra, consolid\u00e1ndonos como una empresa de referencia en el sector.Nuestra dedicaci\u00f3n a la calidad y la satisfacci\u00f3n del cliente nos ha permitido crecer y adaptarnos a lasnecesidades cambiantes del mercado, sirviendo a industrias [&hellip;]","og_url":"https:\/\/elnasl.eu\/fr\/electroerosion-en-navarra\/","og_site_name":"Electroerosiones Navarra","article_modified_time":"2024-07-02T09:58:53+00:00","twitter_card":"summary_large_image","twitter_misc":{"Dur\u00e9e de lecture estim\u00e9e":"3 minutes"},"schema":{"@context":"https:\/\/schema.org","@graph":[{"@type":"WebPage","@id":"https:\/\/elnasl.eu\/electroerosion-en-navarra","url":"https:\/\/elnasl.eu\/electroerosion-en-navarra","name":"Electroerosi\u00f3n en navarra - Electroerosiones Navarra","isPartOf":{"@id":"https:\/\/elnasl.eu\/#website"},"datePublished":"2024-07-02T09:54:13+00:00","dateModified":"2024-07-02T09:58:53+00:00","breadcrumb":{"@id":"https:\/\/elnasl.eu\/electroerosion-en-navarra#breadcrumb"},"inLanguage":"fr-FR","potentialAction":[{"@type":"ReadAction","target":["https:\/\/elnasl.eu\/electroerosion-en-navarra"]}]},{"@type":"BreadcrumbList","@id":"https:\/\/elnasl.eu\/electroerosion-en-navarra#breadcrumb","itemListElement":[{"@type":"ListItem","position":1,"name":"Portada","item":"https:\/\/elnasl.eu\/"},{"@type":"ListItem","position":2,"name":"Electroerosi\u00f3n en navarra"}]},{"@type":"WebSite","@id":"https:\/\/elnasl.eu\/#website","url":"https:\/\/elnasl.eu\/","name":"Electroerosiones Navarra","description":"25 a\u00f1os de experiencia en mecanizados por electroerosi\u00f3n.","publisher":{"@id":"https:\/\/elnasl.eu\/#organization"},"potentialAction":[{"@type":"SearchAction","target":{"@type":"EntryPoint","urlTemplate":"https:\/\/elnasl.eu\/?s={search_term_string}"},"query-input":{"@type":"PropertyValueSpecification","valueRequired":true,"valueName":"search_term_string"}}],"inLanguage":"fr-FR"},{"@type":"Organization","@id":"https:\/\/elnasl.eu\/#organization","name":"Electroerosiones Navarra","url":"https:\/\/elnasl.eu\/","logo":{"@type":"ImageObject","inLanguage":"fr-FR","@id":"https:\/\/elnasl.eu\/#\/schema\/logo\/image\/","url":"https:\/\/elnasl.eu\/wp-content\/uploads\/2024\/04\/elna-Recuperado-03-1.png","contentUrl":"https:\/\/elnasl.eu\/wp-content\/uploads\/2024\/04\/elna-Recuperado-03-1.png","width":3997,"height":3171,"caption":"Electroerosiones Navarra"},"image":{"@id":"https:\/\/elnasl.eu\/#\/schema\/logo\/image\/"}}]}},"_links":{"self":[{"href":"https:\/\/elnasl.eu\/fr\/wp-json\/wp\/v2\/pages\/3262","targetHints":{"allow":["GET"]}}],"collection":[{"href":"https:\/\/elnasl.eu\/fr\/wp-json\/wp\/v2\/pages"}],"about":[{"href":"https:\/\/elnasl.eu\/fr\/wp-json\/wp\/v2\/types\/page"}],"author":[{"embeddable":true,"href":"https:\/\/elnasl.eu\/fr\/wp-json\/wp\/v2\/users\/1"}],"replies":[{"embeddable":true,"href":"https:\/\/elnasl.eu\/fr\/wp-json\/wp\/v2\/comments?post=3262"}],"version-history":[{"count":4,"href":"https:\/\/elnasl.eu\/fr\/wp-json\/wp\/v2\/pages\/3262\/revisions"}],"predecessor-version":[{"id":3269,"href":"https:\/\/elnasl.eu\/fr\/wp-json\/wp\/v2\/pages\/3262\/revisions\/3269"}],"wp:attachment":[{"href":"https:\/\/elnasl.eu\/fr\/wp-json\/wp\/v2\/media?parent=3262"}],"curies":[{"name":"wp","href":"https:\/\/api.w.org\/{rel}","templated":true}]}}