{"id":3335,"date":"2024-09-13T10:04:04","date_gmt":"2024-09-13T08:04:04","guid":{"rendered":"https:\/\/elnasl.eu\/?page_id=3335"},"modified":"2024-09-16T19:16:32","modified_gmt":"2024-09-16T17:16:32","slug":"politica-de-calidad","status":"publish","type":"page","link":"https:\/\/elnasl.eu\/fr\/politica-de-calidad","title":{"rendered":"Politique de qualit\u00e9"},"content":{"rendered":"<div data-elementor-type=\"wp-page\" data-elementor-id=\"3335\" class=\"elementor elementor-3335\" data-elementor-post-type=\"page\">\n\t\t\t\t<div class=\"elementor-element elementor-element-26d05ae e-con-full e-flex elementor-invisible e-con e-parent\" data-id=\"26d05ae\" data-element_type=\"container\" data-settings=\"{&quot;background_background&quot;:&quot;classic&quot;,&quot;animation&quot;:&quot;fadeIn&quot;}\">\n\t\t\t\t<div class=\"elementor-element elementor-element-60cb645 elementor-widget elementor-widget-heading\" data-id=\"60cb645\" data-element_type=\"widget\" data-widget_type=\"heading.default\">\n\t\t\t\t<div class=\"elementor-widget-container\">\n\t\t\t\t\t<h1 class=\"elementor-heading-title elementor-size-default\">Politique de qualit\u00e9<\/h1>\t\t\t\t<\/div>\n\t\t\t\t<\/div>\n\t\t\t\t<\/div>\n\t\t<div class=\"elementor-element elementor-element-10268a6 e-grid e-con-boxed e-con e-parent\" data-id=\"10268a6\" data-element_type=\"container\">\n\t\t\t\t\t<div class=\"e-con-inner\">\n\t\t\t\t<div class=\"elementor-element elementor-element-29c42e2 elementor-widget elementor-widget-heading\" data-id=\"29c42e2\" data-element_type=\"widget\" data-widget_type=\"heading.default\">\n\t\t\t\t<div class=\"elementor-widget-container\">\n\t\t\t\t\t<h2 class=\"elementor-heading-title elementor-size-default\">\u00c9lectro\u00e9rosion Navarra SL<\/h2>\t\t\t\t<\/div>\n\t\t\t\t<\/div>\n\t\t\t\t<div class=\"elementor-element elementor-element-8654ed7 elementor-widget elementor-widget-text-editor\" data-id=\"8654ed7\" data-element_type=\"widget\" data-widget_type=\"text-editor.default\">\n\t\t\t\t<div class=\"elementor-widget-container\">\n\t\t\t\t\t\t\t\t\t<div class=\"page\" title=\"Page 1\">\n<div class=\"layoutArea\">\n<div class=\"column\">\n<p><strong>\u00c9lectro\u00e9rosion Navarra SL<\/strong>. C&#039;est une entreprise familiale avec plus de 20 ans d&#039;exp\u00e9rience dans l&#039;\u00e9lectro\u00e9rosion \u00e0 fil de m\u00e9taux pour des secteurs tels que l&#039;emboutissage, l&#039;automobile, l&#039;a\u00e9rospatiale et l&#039;alimentation, entre autres. La gestion de la qualit\u00e9 est une priorit\u00e9 pour toutes les activit\u00e9s de <strong>\u00c9lectro\u00e9rosion Navarra SL<\/strong> \u00e9tablissant ainsi une <span style=\"text-decoration: underline;\">engagement<\/span> avec la soci\u00e9t\u00e9.<\/p>\n<p>L&#039;objectif de <strong>\u00c9lectro\u00e9rosion Navarra SL<\/strong> est d&#039;augmenter la <span style=\"text-decoration: underline;\">satisfaction des parties prenantes<\/span> dans tous ses processus de fabrication, avec la qualit\u00e9 requise et dans les d\u00e9lais convenus, ce qui conduit \u00e0 la fid\u00e9lisation du client et \u00e0 son expansion et comp\u00e9titivit\u00e9 sur le march\u00e9.<\/p>\n<p>Le d\u00e9veloppement de cet objectif est r\u00e9alis\u00e9 gr\u00e2ce au travail d\u2019\u00e9quipe de tous les membres de l\u2019organisation, motiv\u00e9s par une formation appropri\u00e9e, ce qui conduit \u00e0 un professionnalisme accru et \u00e0 un d\u00e9veloppement de produits am\u00e9lior\u00e9.<\/p>\n<p>Notre <span style=\"text-decoration: underline;\">\u00e9quipe humaine hautement qualifi\u00e9e<\/span> \u00e0 c\u00f4t\u00e9 de certains <span style=\"text-decoration: underline;\">des installations avec des machines comp\u00e9tentes <\/span>sur le march\u00e9, nous permet d&#039;offrir au client une solution sur mesure.<\/p>\n<p>Le <span style=\"text-decoration: underline;\">exigences des clients<\/span>, communiqu\u00e9es \u00e0 l&#039;ensemble de l&#039;organisation, sont respect\u00e9es dans la production du produit, dans son exp\u00e9dition et dans sa livraison.<\/p>\n<p>Les relations avec les clients et les fournisseurs sont essentielles pour <strong>\u00c9lectro\u00e9rosion Navarra SL<\/strong> car ils ouvrent la voie vers une am\u00e9lioration continue, qui doit \u00eatre suivie ensemble. Merci \u00e0 la <span style=\"text-decoration: underline;\">collaboration avec des fournisseurs externes<\/span> Fiables, nous offrons un service complet, garantissant une livraison rapide, efficace et de qualit\u00e9.<\/p>\n<p><strong>\u00c9lectro\u00e9rosion Navarra SL<\/strong> parie sur la seule voie qui m\u00e8ne \u00e0 la comp\u00e9titivit\u00e9 et au leadership sur le march\u00e9, qui est la <span style=\"text-decoration: underline;\">am\u00e9lioration continue<\/span>.<\/p>\n<p>Il existe un engagement de la part d&#039;Electroerosiones Navarra SL de <span style=\"text-decoration: underline;\">respect de la l\u00e9gislation<\/span> actuel et futur.<\/p>\n<p>La Direction assume, comme obligation de ses responsabilit\u00e9s, l\u2019engagement d\u2019exercer le LEADERSHIP dans la mise en \u0153uvre et l\u2019application de conduites conformes au syst\u00e8me de gestion mis en \u0153uvre dans notre entreprise.<\/p>\n<p>La politique \u00e9nonc\u00e9e dans ce document est une <span style=\"text-decoration: underline;\">cadre de r\u00e9f\u00e9rence pour la fixation des objectifs de qualit\u00e9<\/span>, qui sera r\u00e9vis\u00e9 p\u00e9riodiquement.<\/p>\n<p>Notre politique est \u00e9labor\u00e9e au moyen d\u2019un syst\u00e8me document\u00e9 mis \u00e0 la disposition de toutes les parties concern\u00e9es et de tous les intervenants, et sera r\u00e9vis\u00e9e chaque ann\u00e9e lors des r\u00e9unions d\u2019examen du syst\u00e8me de gestion par la direction, ou selon les besoins.<\/p>\n<\/div>\n<\/div>\n<\/div>\t\t\t\t\t\t\t\t<\/div>\n\t\t\t\t<\/div>\n\t\t\t\t\t<\/div>\n\t\t\t\t<\/div>\n\t\t<div class=\"elementor-element elementor-element-05f920d e-grid e-con-boxed e-con e-parent\" data-id=\"05f920d\" data-element_type=\"container\">\n\t\t\t\t\t<div class=\"e-con-inner\">\n\t\t\t\t<div class=\"elementor-element elementor-element-7527b24 elementor-widget elementor-widget-heading\" data-id=\"7527b24\" data-element_type=\"widget\" data-widget_type=\"heading.default\">\n\t\t\t\t<div class=\"elementor-widget-container\">\n\t\t\t\t\t<h2 class=\"elementor-heading-title elementor-size-default\">Lien PDF<br><\/h2>\t\t\t\t<\/div>\n\t\t\t\t<\/div>\n\t\t\t\t<div class=\"elementor-element elementor-element-a418584 elementor-widget elementor-widget-button\" data-id=\"a418584\" data-element_type=\"widget\" data-widget_type=\"button.default\">\n\t\t\t\t<div class=\"elementor-widget-container\">\n\t\t\t\t\t\t\t\t\t<div class=\"elementor-button-wrapper\">\n\t\t\t\t\t<a class=\"elementor-button elementor-button-link elementor-size-sm\" href=\"https:\/\/elnasl.eu\/wp-content\/uploads\/2024\/09\/Politica-de-Calidad-Imprimir-20231123.pdf\">\n\t\t\t\t\t\t<span class=\"elementor-button-content-wrapper\">\n\t\t\t\t\t\t\t\t\t<span class=\"elementor-button-text\">PDF<\/span>\n\t\t\t\t\t<\/span>\n\t\t\t\t\t<\/a>\n\t\t\t\t<\/div>\n\t\t\t\t\t\t\t\t<\/div>\n\t\t\t\t<\/div>\n\t\t\t\t\t<\/div>\n\t\t\t\t<\/div>\n\t\t\t\t<\/div>","protected":false},"excerpt":{"rendered":"<p>Pol\u00edtica de calidad Electroerosiones Navarra S.L. Electroerosiones Navarra S.L. es una empresa familiar que cuenta con ma\u0301s de 20 an\u0303os de experiencia en la electroerosio\u0301n por hilo de metales destinados a sectores como la estampacio\u0301n, automocio\u0301n, aeroespacial o alimentacio\u0301n, entre otros. La Gestio\u0301n de la Calidad es prioritaria a todas las actividades de Electroerosiones Navarra [&hellip;]<\/p>","protected":false},"author":1,"featured_media":0,"parent":0,"menu_order":0,"comment_status":"closed","ping_status":"closed","template":"elementor_header_footer","meta":{"footnotes":""},"class_list":["post-3335","page","type-page","status-publish","hentry"],"yoast_head":"<!-- This site is optimized with the Yoast SEO plugin v25.2 - https:\/\/yoast.com\/wordpress\/plugins\/seo\/ -->\n<title>Politica de Calidad - Electroerosiones Navarra<\/title>\n<meta name=\"robots\" content=\"index, follow, max-snippet:-1, max-image-preview:large, max-video-preview:-1\" \/>\n<link rel=\"canonical\" href=\"https:\/\/elnasl.eu\/fr\/politica-de-calidad\/\" \/>\n<meta property=\"og:locale\" content=\"fr_FR\" \/>\n<meta property=\"og:type\" content=\"article\" \/>\n<meta property=\"og:title\" content=\"Politica de Calidad - Electroerosiones Navarra\" \/>\n<meta property=\"og:description\" content=\"Pol\u00edtica de calidad Electroerosiones Navarra S.L. Electroerosiones Navarra S.L. es una empresa familiar que cuenta con ma\u0301s de 20 an\u0303os de experiencia en la electroerosio\u0301n por hilo de metales destinados a sectores como la estampacio\u0301n, automocio\u0301n, aeroespacial o alimentacio\u0301n, entre otros. La Gestio\u0301n de la Calidad es prioritaria a todas las actividades de Electroerosiones Navarra [&hellip;]\" \/>\n<meta property=\"og:url\" content=\"https:\/\/elnasl.eu\/fr\/politica-de-calidad\/\" \/>\n<meta property=\"og:site_name\" content=\"Electroerosiones Navarra\" \/>\n<meta property=\"article:modified_time\" content=\"2024-09-16T17:16:32+00:00\" \/>\n<meta name=\"twitter:card\" content=\"summary_large_image\" \/>\n<meta name=\"twitter:label1\" content=\"Dur\u00e9e de lecture estim\u00e9e\" \/>\n\t<meta name=\"twitter:data1\" content=\"2 minutes\" \/>\n<script type=\"application\/ld+json\" class=\"yoast-schema-graph\">{\"@context\":\"https:\/\/schema.org\",\"@graph\":[{\"@type\":\"WebPage\",\"@id\":\"https:\/\/elnasl.eu\/politica-de-calidad\",\"url\":\"https:\/\/elnasl.eu\/politica-de-calidad\",\"name\":\"Politica de Calidad - Electroerosiones Navarra\",\"isPartOf\":{\"@id\":\"https:\/\/elnasl.eu\/#website\"},\"datePublished\":\"2024-09-13T08:04:04+00:00\",\"dateModified\":\"2024-09-16T17:16:32+00:00\",\"breadcrumb\":{\"@id\":\"https:\/\/elnasl.eu\/politica-de-calidad#breadcrumb\"},\"inLanguage\":\"fr-FR\",\"potentialAction\":[{\"@type\":\"ReadAction\",\"target\":[\"https:\/\/elnasl.eu\/politica-de-calidad\"]}]},{\"@type\":\"BreadcrumbList\",\"@id\":\"https:\/\/elnasl.eu\/politica-de-calidad#breadcrumb\",\"itemListElement\":[{\"@type\":\"ListItem\",\"position\":1,\"name\":\"Portada\",\"item\":\"https:\/\/elnasl.eu\/\"},{\"@type\":\"ListItem\",\"position\":2,\"name\":\"Politica de Calidad\"}]},{\"@type\":\"WebSite\",\"@id\":\"https:\/\/elnasl.eu\/#website\",\"url\":\"https:\/\/elnasl.eu\/\",\"name\":\"Electroerosiones Navarra\",\"description\":\"25 a\u00f1os de experiencia en mecanizados por electroerosi\u00f3n.\",\"publisher\":{\"@id\":\"https:\/\/elnasl.eu\/#organization\"},\"potentialAction\":[{\"@type\":\"SearchAction\",\"target\":{\"@type\":\"EntryPoint\",\"urlTemplate\":\"https:\/\/elnasl.eu\/?s={search_term_string}\"},\"query-input\":{\"@type\":\"PropertyValueSpecification\",\"valueRequired\":true,\"valueName\":\"search_term_string\"}}],\"inLanguage\":\"fr-FR\"},{\"@type\":\"Organization\",\"@id\":\"https:\/\/elnasl.eu\/#organization\",\"name\":\"Electroerosiones Navarra\",\"url\":\"https:\/\/elnasl.eu\/\",\"logo\":{\"@type\":\"ImageObject\",\"inLanguage\":\"fr-FR\",\"@id\":\"https:\/\/elnasl.eu\/#\/schema\/logo\/image\/\",\"url\":\"https:\/\/elnasl.eu\/wp-content\/uploads\/2024\/04\/elna-Recuperado-03-1.png\",\"contentUrl\":\"https:\/\/elnasl.eu\/wp-content\/uploads\/2024\/04\/elna-Recuperado-03-1.png\",\"width\":3997,\"height\":3171,\"caption\":\"Electroerosiones Navarra\"},\"image\":{\"@id\":\"https:\/\/elnasl.eu\/#\/schema\/logo\/image\/\"}}]}<\/script>\n<!-- \/ Yoast SEO plugin. -->","yoast_head_json":{"title":"Politica de Calidad - Electroerosiones Navarra","robots":{"index":"index","follow":"follow","max-snippet":"max-snippet:-1","max-image-preview":"max-image-preview:large","max-video-preview":"max-video-preview:-1"},"canonical":"https:\/\/elnasl.eu\/fr\/politica-de-calidad\/","og_locale":"fr_FR","og_type":"article","og_title":"Politica de Calidad - Electroerosiones Navarra","og_description":"Pol\u00edtica de calidad Electroerosiones Navarra S.L. Electroerosiones Navarra S.L. es una empresa familiar que cuenta con ma\u0301s de 20 an\u0303os de experiencia en la electroerosio\u0301n por hilo de metales destinados a sectores como la estampacio\u0301n, automocio\u0301n, aeroespacial o alimentacio\u0301n, entre otros. La Gestio\u0301n de la Calidad es prioritaria a todas las actividades de Electroerosiones Navarra [&hellip;]","og_url":"https:\/\/elnasl.eu\/fr\/politica-de-calidad\/","og_site_name":"Electroerosiones Navarra","article_modified_time":"2024-09-16T17:16:32+00:00","twitter_card":"summary_large_image","twitter_misc":{"Dur\u00e9e de lecture estim\u00e9e":"2 minutes"},"schema":{"@context":"https:\/\/schema.org","@graph":[{"@type":"WebPage","@id":"https:\/\/elnasl.eu\/politica-de-calidad","url":"https:\/\/elnasl.eu\/politica-de-calidad","name":"Politica de Calidad - Electroerosiones Navarra","isPartOf":{"@id":"https:\/\/elnasl.eu\/#website"},"datePublished":"2024-09-13T08:04:04+00:00","dateModified":"2024-09-16T17:16:32+00:00","breadcrumb":{"@id":"https:\/\/elnasl.eu\/politica-de-calidad#breadcrumb"},"inLanguage":"fr-FR","potentialAction":[{"@type":"ReadAction","target":["https:\/\/elnasl.eu\/politica-de-calidad"]}]},{"@type":"BreadcrumbList","@id":"https:\/\/elnasl.eu\/politica-de-calidad#breadcrumb","itemListElement":[{"@type":"ListItem","position":1,"name":"Portada","item":"https:\/\/elnasl.eu\/"},{"@type":"ListItem","position":2,"name":"Politica de Calidad"}]},{"@type":"WebSite","@id":"https:\/\/elnasl.eu\/#website","url":"https:\/\/elnasl.eu\/","name":"Electroerosiones Navarra","description":"25 a\u00f1os de experiencia en mecanizados por electroerosi\u00f3n.","publisher":{"@id":"https:\/\/elnasl.eu\/#organization"},"potentialAction":[{"@type":"SearchAction","target":{"@type":"EntryPoint","urlTemplate":"https:\/\/elnasl.eu\/?s={search_term_string}"},"query-input":{"@type":"PropertyValueSpecification","valueRequired":true,"valueName":"search_term_string"}}],"inLanguage":"fr-FR"},{"@type":"Organization","@id":"https:\/\/elnasl.eu\/#organization","name":"Electroerosiones Navarra","url":"https:\/\/elnasl.eu\/","logo":{"@type":"ImageObject","inLanguage":"fr-FR","@id":"https:\/\/elnasl.eu\/#\/schema\/logo\/image\/","url":"https:\/\/elnasl.eu\/wp-content\/uploads\/2024\/04\/elna-Recuperado-03-1.png","contentUrl":"https:\/\/elnasl.eu\/wp-content\/uploads\/2024\/04\/elna-Recuperado-03-1.png","width":3997,"height":3171,"caption":"Electroerosiones Navarra"},"image":{"@id":"https:\/\/elnasl.eu\/#\/schema\/logo\/image\/"}}]}},"_links":{"self":[{"href":"https:\/\/elnasl.eu\/fr\/wp-json\/wp\/v2\/pages\/3335","targetHints":{"allow":["GET"]}}],"collection":[{"href":"https:\/\/elnasl.eu\/fr\/wp-json\/wp\/v2\/pages"}],"about":[{"href":"https:\/\/elnasl.eu\/fr\/wp-json\/wp\/v2\/types\/page"}],"author":[{"embeddable":true,"href":"https:\/\/elnasl.eu\/fr\/wp-json\/wp\/v2\/users\/1"}],"replies":[{"embeddable":true,"href":"https:\/\/elnasl.eu\/fr\/wp-json\/wp\/v2\/comments?post=3335"}],"version-history":[{"count":23,"href":"https:\/\/elnasl.eu\/fr\/wp-json\/wp\/v2\/pages\/3335\/revisions"}],"predecessor-version":[{"id":3369,"href":"https:\/\/elnasl.eu\/fr\/wp-json\/wp\/v2\/pages\/3335\/revisions\/3369"}],"wp:attachment":[{"href":"https:\/\/elnasl.eu\/fr\/wp-json\/wp\/v2\/media?parent=3335"}],"curies":[{"name":"wp","href":"https:\/\/api.w.org\/{rel}","templated":true}]}}