{"id":488,"date":"2024-03-07T09:32:49","date_gmt":"2024-03-07T09:32:49","guid":{"rendered":"https:\/\/vivers-camp-rubi.proyectowebs2.es\/?page_id=488"},"modified":"2024-04-11T00:34:14","modified_gmt":"2024-04-10T22:34:14","slug":"aviso-legal","status":"publish","type":"page","link":"https:\/\/elnasl.eu\/fr\/aviso-legal","title":{"rendered":"Mentions l\u00e9gales"},"content":{"rendered":"<div data-elementor-type=\"wp-page\" data-elementor-id=\"488\" class=\"elementor elementor-488\" data-elementor-post-type=\"page\">\n\t\t\t\t<div class=\"elementor-element elementor-element-bc9cc79 e-con-full e-flex elementor-invisible e-con e-parent\" data-id=\"bc9cc79\" data-element_type=\"container\" data-settings=\"{&quot;background_background&quot;:&quot;classic&quot;,&quot;animation&quot;:&quot;fadeIn&quot;}\">\n\t\t\t\t<div class=\"elementor-element elementor-element-99f2a5e elementor-widget elementor-widget-heading\" data-id=\"99f2a5e\" data-element_type=\"widget\" data-widget_type=\"heading.default\">\n\t\t\t\t<div class=\"elementor-widget-container\">\n\t\t\t\t\t<h1 class=\"elementor-heading-title elementor-size-default\">Mentions l\u00e9gales<\/h1>\t\t\t\t<\/div>\n\t\t\t\t<\/div>\n\t\t\t\t<\/div>\n\t\t<div class=\"elementor-element elementor-element-4341fb0 e-flex e-con-boxed e-con e-parent\" data-id=\"4341fb0\" data-element_type=\"container\">\n\t\t\t\t\t<div class=\"e-con-inner\">\n\t\t\t\t<div class=\"elementor-element elementor-element-9d03f31 elementor-widget elementor-widget-heading\" data-id=\"9d03f31\" data-element_type=\"widget\" data-widget_type=\"heading.default\">\n\t\t\t\t<div class=\"elementor-widget-container\">\n\t\t\t\t\t<h2 class=\"elementor-heading-title elementor-size-default\">Responsable du traitement\n<\/h2>\t\t\t\t<\/div>\n\t\t\t\t<\/div>\n\t\t\t\t<div class=\"elementor-element elementor-element-9223d64 elementor-widget elementor-widget-text-editor\" data-id=\"9223d64\" data-element_type=\"widget\" data-widget_type=\"text-editor.default\">\n\t\t\t\t<div class=\"elementor-widget-container\">\n\t\t\t\t\t\t\t\t\tConform\u00e9ment au devoir d&#039;information \u00e9tabli par la loi 34\/2002, du 11 juillet, sur les services de la soci\u00e9t\u00e9 de l&#039;information et du commerce \u00e9lectronique, nous vous informons que ce site Web est la propri\u00e9t\u00e9 de :\n<ul>\n \t<li>Web:\u00a0<a href=\"https:\/\/elnasl.eu\/fr\/\">https:\/\/elnasl.eu\/<\/a><\/li>\n \t<li>Nom : ELECTROEROSIONES NAVARRA, SL<\/li>\n \t<li>Adresse : Zone industrielle, 13 CP et Ville : 31192 Aranguren (Navarre)<\/li>\n \t<li>T\u00e9l\u00e9phone : 644 355 813<\/li>\n \t<li>Mail:\u00a0<a style=\"background-color: #ffffff;\" href=\"mailto:administracion@elnasl.eu\">administration@elnasl.eu<\/a><\/li>\n<\/ul>\t\t\t\t\t\t\t\t<\/div>\n\t\t\t\t<\/div>\n\t\t\t\t\t<\/div>\n\t\t\t\t<\/div>\n\t\t<div class=\"elementor-element elementor-element-61778e1 e-flex e-con-boxed e-con e-parent\" data-id=\"61778e1\" data-element_type=\"container\">\n\t\t\t\t\t<div class=\"e-con-inner\">\n\t\t\t\t<div class=\"elementor-element elementor-element-46b9761 elementor-widget elementor-widget-heading\" data-id=\"46b9761\" data-element_type=\"widget\" data-widget_type=\"heading.default\">\n\t\t\t\t<div class=\"elementor-widget-container\">\n\t\t\t\t\t<h2 class=\"elementor-heading-title elementor-size-default\">Objet<\/h2>\t\t\t\t<\/div>\n\t\t\t\t<\/div>\n\t\t\t\t<div class=\"elementor-element elementor-element-fb6139b elementor-widget elementor-widget-text-editor\" data-id=\"fb6139b\" data-element_type=\"widget\" data-widget_type=\"text-editor.default\">\n\t\t\t\t<div class=\"elementor-widget-container\">\n\t\t\t\t\t\t\t\t\t<p>Le Responsable met ce document \u00e0 la disposition des utilisateurs dans le but de se conformer aux dispositions de la r\u00e9glementation en vigueur en mati\u00e8re de protection des donn\u00e9es et dans le cadre du nouveau cadre r\u00e9glementaire \u00e9tabli conform\u00e9ment aux dispositions du R\u00e8glement (UE) 2016\/679 du Parlement europ\u00e9en et du Conseil du 27 avril 2016 relatif \u00e0 la protection des personnes physiques \u00e0 l&#039;\u00e9gard du traitement des donn\u00e9es \u00e0 caract\u00e8re personnel et \u00e0 la libre circulation de ces donn\u00e9es (ci-apr\u00e8s le \u00ab RGPD \u00bb), et des r\u00e9glementations nationales en mati\u00e8re de protection des donn\u00e9es personnelles, ainsi que pour informer tous les utilisateurs du site Web des conditions d&#039;utilisation de celui-ci.<\/p><p>Toute personne acc\u00e9dant \u00e0 ce site Web assume le r\u00f4le d&#039;utilisateur, s&#039;engageant \u00e0 observer et \u00e0 respecter strictement les dispositions \u00e9nonc\u00e9es ici, ainsi que toute autre disposition l\u00e9gale applicable.<\/p><p>Le Responsable se r\u00e9serve le droit de modifier tout type d&#039;informations pouvant appara\u00eetre sur le site Web, sans aucune obligation de notifier ou d&#039;informer les utilisateurs de ces obligations, la publication sur le site Web du Responsable \u00e9tant consid\u00e9r\u00e9e comme suffisante.<\/p>\t\t\t\t\t\t\t\t<\/div>\n\t\t\t\t<\/div>\n\t\t\t\t\t<\/div>\n\t\t\t\t<\/div>\n\t\t<div class=\"elementor-element elementor-element-192679d e-flex e-con-boxed e-con e-parent\" data-id=\"192679d\" data-element_type=\"container\">\n\t\t\t\t\t<div class=\"e-con-inner\">\n\t\t\t\t<div class=\"elementor-element elementor-element-185cbc1 elementor-widget elementor-widget-heading\" data-id=\"185cbc1\" data-element_type=\"widget\" data-widget_type=\"heading.default\">\n\t\t\t\t<div class=\"elementor-widget-container\">\n\t\t\t\t\t<h2 class=\"elementor-heading-title elementor-size-default\">Responsabilit\u00e9<\/h2>\t\t\t\t<\/div>\n\t\t\t\t<\/div>\n\t\t\t\t<div class=\"elementor-element elementor-element-9fc9f93 elementor-widget elementor-widget-text-editor\" data-id=\"9fc9f93\" data-element_type=\"widget\" data-widget_type=\"text-editor.default\">\n\t\t\t\t<div class=\"elementor-widget-container\">\n\t\t\t\t\t\t\t\t\t<p>Le Responsable est exon\u00e9r\u00e9 de tout type de responsabilit\u00e9 d\u00e9riv\u00e9e des informations publi\u00e9es sur son site Web, \u00e0 condition que ces informations aient \u00e9t\u00e9 manipul\u00e9es ou introduites par un tiers ext\u00e9rieur \u00e0 lui.<\/p>\t\t\t\t\t\t\t\t<\/div>\n\t\t\t\t<\/div>\n\t\t\t\t\t<\/div>\n\t\t\t\t<\/div>\n\t\t<div class=\"elementor-element elementor-element-cb76988 e-flex e-con-boxed e-con e-parent\" data-id=\"cb76988\" data-element_type=\"container\">\n\t\t\t\t\t<div class=\"e-con-inner\">\n\t\t\t\t<div class=\"elementor-element elementor-element-b7f528d elementor-widget elementor-widget-heading\" data-id=\"b7f528d\" data-element_type=\"widget\" data-widget_type=\"heading.default\">\n\t\t\t\t<div class=\"elementor-widget-container\">\n\t\t\t\t\t<h2 class=\"elementor-heading-title elementor-size-default\">Adresses IP<\/h2>\t\t\t\t<\/div>\n\t\t\t\t<\/div>\n\t\t\t\t<div class=\"elementor-element elementor-element-a4ce9fb elementor-widget elementor-widget-text-editor\" data-id=\"a4ce9fb\" data-element_type=\"widget\" data-widget_type=\"text-editor.default\">\n\t\t\t\t<div class=\"elementor-widget-container\">\n\t\t\t\t\t\t\t\t\t<p>Les serveurs du site Web pourront d\u00e9tecter automatiquement l\u2019adresse IP et le nom de domaine utilis\u00e9s par l\u2019utilisateur.<\/p><p>Une adresse IP est un num\u00e9ro attribu\u00e9 automatiquement \u00e0 un ordinateur lorsqu&#039;il se connecte \u00e0 Internet. Toutes ces informations sont enregistr\u00e9es dans un fichier d&#039;activit\u00e9 du serveur d\u00fbment enregistr\u00e9, ce qui permet le traitement ult\u00e9rieur des donn\u00e9es pour obtenir des mesures purement statistiques qui nous permettent de conna\u00eetre le nombre d&#039;impressions de pages, le nombre de visites effectu\u00e9es sur les serveurs Web, l&#039;ordre des visites, le point d&#039;acc\u00e8s, etc.<\/p>\t\t\t\t\t\t\t\t<\/div>\n\t\t\t\t<\/div>\n\t\t\t\t\t<\/div>\n\t\t\t\t<\/div>\n\t\t<div class=\"elementor-element elementor-element-a47ef32 e-flex e-con-boxed e-con e-parent\" data-id=\"a47ef32\" data-element_type=\"container\">\n\t\t\t\t\t<div class=\"e-con-inner\">\n\t\t\t\t<div class=\"elementor-element elementor-element-5abd96d elementor-widget elementor-widget-heading\" data-id=\"5abd96d\" data-element_type=\"widget\" data-widget_type=\"heading.default\">\n\t\t\t\t<div class=\"elementor-widget-container\">\n\t\t\t\t\t<h2 class=\"elementor-heading-title elementor-size-default\">Politique de liens<\/h2>\t\t\t\t<\/div>\n\t\t\t\t<\/div>\n\t\t\t\t<div class=\"elementor-element elementor-element-37d3039 elementor-widget elementor-widget-text-editor\" data-id=\"37d3039\" data-element_type=\"widget\" data-widget_type=\"text-editor.default\">\n\t\t\t\t<div class=\"elementor-widget-container\">\n\t\t\t\t\t\t\t\t\t<p>\u00c0 partir de ce site Web, vous pouvez \u00eatre redirig\u00e9 vers du contenu de sites Web tiers. \u00c9tant donn\u00e9 que le Responsable ne peut pas toujours contr\u00f4ler le contenu publi\u00e9 par des tiers sur ses sites Web, il n\u2019assume aucun type de responsabilit\u00e9 pour ce contenu. Dans tous les cas, le Responsable d\u00e9clare qu&#039;il proc\u00e9dera au retrait imm\u00e9diat de tout contenu pouvant contrevenir \u00e0 la l\u00e9gislation nationale ou internationale, \u00e0 la morale ou \u00e0 l&#039;ordre public, en proc\u00e9dant \u00e0 la suppression imm\u00e9diate de la redirection vers ce site Web, en portant le contenu en question \u00e0 l&#039;attention des autorit\u00e9s comp\u00e9tentes.<\/p><p>Le Responsable n&#039;est pas responsable des informations et du contenu stock\u00e9s, y compris, mais sans s&#039;y limiter, les forums, les chats, les g\u00e9n\u00e9rateurs de blogs, les commentaires, les r\u00e9seaux sociaux ou tout autre moyen permettant \u00e0 des tiers de publier du contenu de mani\u00e8re ind\u00e9pendante sur le site Web du Responsable. Toutefois, et dans le respect des dispositions de l&#039;art. 11 et 16 de la LSSICE, le Responsable se met \u00e0 la disposition de tous les utilisateurs, autorit\u00e9s et forces de s\u00e9curit\u00e9, en collaborant activement au retrait ou, le cas \u00e9ch\u00e9ant, au blocage de tout contenu qui pourrait affecter ou contrevenir \u00e0 la l\u00e9gislation nationale ou internationale, aux droits de tiers ou \u00e0 la morale et \u00e0 l&#039;ordre public. Dans le cas o\u00f9 l&#039;utilisateur consid\u00e8re qu&#039;il existe sur le site Web un contenu susceptible d&#039;\u00eatre susceptible de cette classification,<\/p><p>Ce site Web a \u00e9t\u00e9 examin\u00e9 et test\u00e9 pour garantir son bon fonctionnement. En principe, le bon fonctionnement peut \u00eatre garanti 365 jours par an, 24 heures sur 24. Toutefois, le Responsable n&#039;exclut pas la possibilit\u00e9 que certaines erreurs de programmation puissent exister, ou qu&#039;elles puissent devenir des causes de force majeure, de catastrophes naturelles, de gr\u00e8ves ou de circonstances similaires rendant l&#039;acc\u00e8s au site Web impossible.<\/p>\t\t\t\t\t\t\t\t<\/div>\n\t\t\t\t<\/div>\n\t\t\t\t\t<\/div>\n\t\t\t\t<\/div>\n\t\t<div class=\"elementor-element elementor-element-82ecf4a e-flex e-con-boxed e-con e-parent\" data-id=\"82ecf4a\" data-element_type=\"container\">\n\t\t\t\t\t<div class=\"e-con-inner\">\n\t\t\t\t<div class=\"elementor-element elementor-element-4c3ca6e elementor-widget elementor-widget-heading\" data-id=\"4c3ca6e\" data-element_type=\"widget\" data-widget_type=\"heading.default\">\n\t\t\t\t<div class=\"elementor-widget-container\">\n\t\t\t\t\t<h2 class=\"elementor-heading-title elementor-size-default\">Protection des donn\u00e9es\n<\/h2>\t\t\t\t<\/div>\n\t\t\t\t<\/div>\n\t\t\t\t<div class=\"elementor-element elementor-element-33393df elementor-widget elementor-widget-text-editor\" data-id=\"33393df\" data-element_type=\"widget\" data-widget_type=\"text-editor.default\">\n\t\t\t\t<div class=\"elementor-widget-container\">\n\t\t\t\t\t\t\t\t\t<p>Le Responsable est profond\u00e9ment engag\u00e9 dans le respect des dispositions de la r\u00e9glementation en vigueur en mati\u00e8re de protection des donn\u00e9es, et dans le cadre du nouveau cadre r\u00e9glementaire \u00e9tabli conform\u00e9ment aux dispositions du R\u00e8glement (UE) 2016\/679 du Parlement europ\u00e9en et du Conseil du 27 avril 2016 relatif \u00e0 la protection des personnes physiques \u00e0 l&#039;\u00e9gard du traitement des donn\u00e9es \u00e0 caract\u00e8re personnel et \u00e0 la libre circulation de ces donn\u00e9es (ci-apr\u00e8s, le RGPD), et des r\u00e9glementations nationales en mati\u00e8re de protection des donn\u00e9es personnelles.<\/p><p>De m\u00eame, le Responsable informe qu&#039;il se conforme \u00e0 la loi 34\/2002 du 11 juillet, sur les services de la soci\u00e9t\u00e9 de l&#039;information et du commerce \u00e9lectronique et demandera \u00e0 tout moment votre consentement au traitement de vos donn\u00e9es \u00e0 des fins commerciales.<\/p>\t\t\t\t\t\t\t\t<\/div>\n\t\t\t\t<\/div>\n\t\t\t\t\t<\/div>\n\t\t\t\t<\/div>\n\t\t<div class=\"elementor-element elementor-element-8c69cb2 e-flex e-con-boxed e-con e-parent\" data-id=\"8c69cb2\" data-element_type=\"container\">\n\t\t\t\t\t<div class=\"e-con-inner\">\n\t\t\t\t<div class=\"elementor-element elementor-element-c5cd88c elementor-widget elementor-widget-heading\" data-id=\"c5cd88c\" data-element_type=\"widget\" data-widget_type=\"heading.default\">\n\t\t\t\t<div class=\"elementor-widget-container\">\n\t\t\t\t\t<h2 class=\"elementor-heading-title elementor-size-default\">Propri\u00e9t\u00e9 intellectuelle et industrielle\n<\/h2>\t\t\t\t<\/div>\n\t\t\t\t<\/div>\n\t\t\t\t<div class=\"elementor-element elementor-element-cdf9ff0 elementor-widget elementor-widget-text-editor\" data-id=\"cdf9ff0\" data-element_type=\"widget\" data-widget_type=\"text-editor.default\">\n\t\t\t\t<div class=\"elementor-widget-container\">\n\t\t\t\t\t\t\t\t\tLe site Web, y compris, mais sans s&#039;y limiter, sa programmation, son \u00e9dition, sa compilation et d&#039;autres \u00e9l\u00e9ments n\u00e9cessaires \u00e0 son fonctionnement, ses conceptions, logos, textes et\/ou graphiques sont la propri\u00e9t\u00e9 du Responsable ou, le cas \u00e9ch\u00e9ant, disposent d&#039;une licence ou d&#039;une autorisation expresse des auteurs. L&#039;ensemble du contenu du site est d\u00fbment prot\u00e9g\u00e9 par la r\u00e9glementation sur la propri\u00e9t\u00e9 intellectuelle et industrielle. Quelle que soit la finalit\u00e9 \u00e0 laquelle elles sont destin\u00e9es, la reproduction totale ou partielle, l&#039;utilisation, l&#039;exploitation, la distribution et la commercialisation n\u00e9cessitent dans tous les cas une autorisation \u00e9crite pr\u00e9alable du Responsable. Toute utilisation non pr\u00e9alablement autoris\u00e9e par le responsable sera consid\u00e9r\u00e9e comme une violation grave des droits de propri\u00e9t\u00e9 intellectuelle ou industrielle de l&#039;auteur. Tous les dessins, logos, textes et\/ou graphiques n&#039;appartenant pas au pr\u00eateur et pouvant appara\u00eetre sur le site Internet appartiennent \u00e0 leurs propri\u00e9taires respectifs, qui sont eux-m\u00eames responsables de toute \u00e9ventuelle controverse pouvant survenir \u00e0 leur sujet. Dans tous les cas, le Responsable dispose de l&#039;autorisation expresse et pr\u00e9alable de celui-ci. Le Responsable autorise express\u00e9ment les tiers \u00e0 rediriger directement vers un contenu sp\u00e9cifique du site Web et, dans tous les cas, doit rediriger vers la page principale du site Web du Responsable. Le Responsable reconna\u00eet les droits de propri\u00e9t\u00e9 intellectuelle et industrielle correspondants en faveur de leurs titulaires, et leur simple mention ou apparition sur le site Web n&#039;implique pas l&#039;existence de droits ou de responsabilit\u00e9 du Responsable sur ceux-ci, ni n&#039;implique un soutien, un parrainage ou une recommandation de leur part. Pour toutes les images o\u00f9 le logiciel de conception le permet, les r\u00e9f\u00e9rences correspondantes \u00e0 la paternit\u00e9 et \u00e0 la licence correspondante ont \u00e9t\u00e9 incluses. Pour faire tout type d&#039;observation concernant d&#039;\u00e9ventuelles violations des droits de propri\u00e9t\u00e9 intellectuelle ou industrielle, ainsi que de l&#039;un des contenus du site Web, vous pouvez le faire via l&#039;adresse e-mail suivante : <a href=\"mailto:administracion@elnasl.eu\">administration@elnasl.eu<\/a>\t\t\t\t\t\t\t\t<\/div>\n\t\t\t\t<\/div>\n\t\t\t\t\t<\/div>\n\t\t\t\t<\/div>\n\t\t\t\t<\/div>","protected":false},"excerpt":{"rendered":"<p>Aviso legal Responsable del tratamiento de los datos En cumplimiento del deber de informaci\u00f3n que establece la Ley La 34\/2002, de 11 de julio, de Servicios de la Sociedad de la Informaci\u00f3n y del Comercio Electr\u00f3nico, le comunicamos que esta web es titularidad de: Web:\u00a0https:\/\/elnasl.eu\/ Nombre: ELECTROEROSIONES NAVARRA, S.L. Direcci\u00f3n: Pol\u00edgono Industrial, 13 CP y [&hellip;]<\/p>","protected":false},"author":1,"featured_media":0,"parent":0,"menu_order":0,"comment_status":"closed","ping_status":"closed","template":"elementor_header_footer","meta":{"footnotes":""},"class_list":["post-488","page","type-page","status-publish","hentry"],"yoast_head":"<!-- This site is optimized with the Yoast SEO plugin v25.2 - https:\/\/yoast.com\/wordpress\/plugins\/seo\/ -->\n<title>Aviso legal - Electroerosiones Navarra<\/title>\n<meta name=\"robots\" content=\"index, follow, max-snippet:-1, max-image-preview:large, max-video-preview:-1\" \/>\n<link rel=\"canonical\" href=\"https:\/\/elnasl.eu\/fr\/aviso-legal\/\" \/>\n<meta property=\"og:locale\" content=\"fr_FR\" \/>\n<meta property=\"og:type\" content=\"article\" \/>\n<meta property=\"og:title\" content=\"Aviso legal - Electroerosiones Navarra\" \/>\n<meta property=\"og:description\" content=\"Aviso legal Responsable del tratamiento de los datos En cumplimiento del deber de informaci\u00f3n que establece la Ley La 34\/2002, de 11 de julio, de Servicios de la Sociedad de la Informaci\u00f3n y del Comercio Electr\u00f3nico, le comunicamos que esta web es titularidad de: Web:\u00a0https:\/\/elnasl.eu\/ Nombre: ELECTROEROSIONES NAVARRA, S.L. Direcci\u00f3n: Pol\u00edgono Industrial, 13 CP y [&hellip;]\" \/>\n<meta property=\"og:url\" content=\"https:\/\/elnasl.eu\/fr\/aviso-legal\/\" \/>\n<meta property=\"og:site_name\" content=\"Electroerosiones Navarra\" \/>\n<meta property=\"article:modified_time\" content=\"2024-04-10T22:34:14+00:00\" \/>\n<meta name=\"twitter:card\" content=\"summary_large_image\" \/>\n<meta name=\"twitter:label1\" content=\"Dur\u00e9e de lecture estim\u00e9e\" \/>\n\t<meta name=\"twitter:data1\" content=\"6 minutes\" \/>\n<script type=\"application\/ld+json\" class=\"yoast-schema-graph\">{\"@context\":\"https:\/\/schema.org\",\"@graph\":[{\"@type\":\"WebPage\",\"@id\":\"https:\/\/elnasl.eu\/aviso-legal\",\"url\":\"https:\/\/elnasl.eu\/aviso-legal\",\"name\":\"Aviso legal - Electroerosiones Navarra\",\"isPartOf\":{\"@id\":\"https:\/\/elnasl.eu\/#website\"},\"datePublished\":\"2024-03-07T09:32:49+00:00\",\"dateModified\":\"2024-04-10T22:34:14+00:00\",\"breadcrumb\":{\"@id\":\"https:\/\/elnasl.eu\/aviso-legal#breadcrumb\"},\"inLanguage\":\"fr-FR\",\"potentialAction\":[{\"@type\":\"ReadAction\",\"target\":[\"https:\/\/elnasl.eu\/aviso-legal\"]}]},{\"@type\":\"BreadcrumbList\",\"@id\":\"https:\/\/elnasl.eu\/aviso-legal#breadcrumb\",\"itemListElement\":[{\"@type\":\"ListItem\",\"position\":1,\"name\":\"Portada\",\"item\":\"https:\/\/elnasl.eu\/\"},{\"@type\":\"ListItem\",\"position\":2,\"name\":\"Aviso legal\"}]},{\"@type\":\"WebSite\",\"@id\":\"https:\/\/elnasl.eu\/#website\",\"url\":\"https:\/\/elnasl.eu\/\",\"name\":\"Electroerosiones Navarra\",\"description\":\"25 a\u00f1os de experiencia en mecanizados por electroerosi\u00f3n.\",\"publisher\":{\"@id\":\"https:\/\/elnasl.eu\/#organization\"},\"potentialAction\":[{\"@type\":\"SearchAction\",\"target\":{\"@type\":\"EntryPoint\",\"urlTemplate\":\"https:\/\/elnasl.eu\/?s={search_term_string}\"},\"query-input\":{\"@type\":\"PropertyValueSpecification\",\"valueRequired\":true,\"valueName\":\"search_term_string\"}}],\"inLanguage\":\"fr-FR\"},{\"@type\":\"Organization\",\"@id\":\"https:\/\/elnasl.eu\/#organization\",\"name\":\"Electroerosiones Navarra\",\"url\":\"https:\/\/elnasl.eu\/\",\"logo\":{\"@type\":\"ImageObject\",\"inLanguage\":\"fr-FR\",\"@id\":\"https:\/\/elnasl.eu\/#\/schema\/logo\/image\/\",\"url\":\"https:\/\/elnasl.eu\/wp-content\/uploads\/2024\/04\/elna-Recuperado-03-1.png\",\"contentUrl\":\"https:\/\/elnasl.eu\/wp-content\/uploads\/2024\/04\/elna-Recuperado-03-1.png\",\"width\":3997,\"height\":3171,\"caption\":\"Electroerosiones Navarra\"},\"image\":{\"@id\":\"https:\/\/elnasl.eu\/#\/schema\/logo\/image\/\"}}]}<\/script>\n<!-- \/ Yoast SEO plugin. -->","yoast_head_json":{"title":"Aviso legal - Electroerosiones Navarra","robots":{"index":"index","follow":"follow","max-snippet":"max-snippet:-1","max-image-preview":"max-image-preview:large","max-video-preview":"max-video-preview:-1"},"canonical":"https:\/\/elnasl.eu\/fr\/aviso-legal\/","og_locale":"fr_FR","og_type":"article","og_title":"Aviso legal - Electroerosiones Navarra","og_description":"Aviso legal Responsable del tratamiento de los datos En cumplimiento del deber de informaci\u00f3n que establece la Ley La 34\/2002, de 11 de julio, de Servicios de la Sociedad de la Informaci\u00f3n y del Comercio Electr\u00f3nico, le comunicamos que esta web es titularidad de: Web:\u00a0https:\/\/elnasl.eu\/ Nombre: ELECTROEROSIONES NAVARRA, S.L. Direcci\u00f3n: Pol\u00edgono Industrial, 13 CP y [&hellip;]","og_url":"https:\/\/elnasl.eu\/fr\/aviso-legal\/","og_site_name":"Electroerosiones Navarra","article_modified_time":"2024-04-10T22:34:14+00:00","twitter_card":"summary_large_image","twitter_misc":{"Dur\u00e9e de lecture estim\u00e9e":"6 minutes"},"schema":{"@context":"https:\/\/schema.org","@graph":[{"@type":"WebPage","@id":"https:\/\/elnasl.eu\/aviso-legal","url":"https:\/\/elnasl.eu\/aviso-legal","name":"Aviso legal - Electroerosiones Navarra","isPartOf":{"@id":"https:\/\/elnasl.eu\/#website"},"datePublished":"2024-03-07T09:32:49+00:00","dateModified":"2024-04-10T22:34:14+00:00","breadcrumb":{"@id":"https:\/\/elnasl.eu\/aviso-legal#breadcrumb"},"inLanguage":"fr-FR","potentialAction":[{"@type":"ReadAction","target":["https:\/\/elnasl.eu\/aviso-legal"]}]},{"@type":"BreadcrumbList","@id":"https:\/\/elnasl.eu\/aviso-legal#breadcrumb","itemListElement":[{"@type":"ListItem","position":1,"name":"Portada","item":"https:\/\/elnasl.eu\/"},{"@type":"ListItem","position":2,"name":"Aviso legal"}]},{"@type":"WebSite","@id":"https:\/\/elnasl.eu\/#website","url":"https:\/\/elnasl.eu\/","name":"Electroerosiones Navarra","description":"25 a\u00f1os de experiencia en mecanizados por electroerosi\u00f3n.","publisher":{"@id":"https:\/\/elnasl.eu\/#organization"},"potentialAction":[{"@type":"SearchAction","target":{"@type":"EntryPoint","urlTemplate":"https:\/\/elnasl.eu\/?s={search_term_string}"},"query-input":{"@type":"PropertyValueSpecification","valueRequired":true,"valueName":"search_term_string"}}],"inLanguage":"fr-FR"},{"@type":"Organization","@id":"https:\/\/elnasl.eu\/#organization","name":"Electroerosiones Navarra","url":"https:\/\/elnasl.eu\/","logo":{"@type":"ImageObject","inLanguage":"fr-FR","@id":"https:\/\/elnasl.eu\/#\/schema\/logo\/image\/","url":"https:\/\/elnasl.eu\/wp-content\/uploads\/2024\/04\/elna-Recuperado-03-1.png","contentUrl":"https:\/\/elnasl.eu\/wp-content\/uploads\/2024\/04\/elna-Recuperado-03-1.png","width":3997,"height":3171,"caption":"Electroerosiones Navarra"},"image":{"@id":"https:\/\/elnasl.eu\/#\/schema\/logo\/image\/"}}]}},"_links":{"self":[{"href":"https:\/\/elnasl.eu\/fr\/wp-json\/wp\/v2\/pages\/488","targetHints":{"allow":["GET"]}}],"collection":[{"href":"https:\/\/elnasl.eu\/fr\/wp-json\/wp\/v2\/pages"}],"about":[{"href":"https:\/\/elnasl.eu\/fr\/wp-json\/wp\/v2\/types\/page"}],"author":[{"embeddable":true,"href":"https:\/\/elnasl.eu\/fr\/wp-json\/wp\/v2\/users\/1"}],"replies":[{"embeddable":true,"href":"https:\/\/elnasl.eu\/fr\/wp-json\/wp\/v2\/comments?post=488"}],"version-history":[{"count":15,"href":"https:\/\/elnasl.eu\/fr\/wp-json\/wp\/v2\/pages\/488\/revisions"}],"predecessor-version":[{"id":2024,"href":"https:\/\/elnasl.eu\/fr\/wp-json\/wp\/v2\/pages\/488\/revisions\/2024"}],"wp:attachment":[{"href":"https:\/\/elnasl.eu\/fr\/wp-json\/wp\/v2\/media?parent=488"}],"curies":[{"name":"wp","href":"https:\/\/api.w.org\/{rel}","templated":true}]}}