{"id":491,"date":"2024-03-07T09:38:05","date_gmt":"2024-03-07T09:38:05","guid":{"rendered":"https:\/\/vivers-camp-rubi.proyectowebs2.es\/?page_id=491"},"modified":"2024-04-11T00:37:36","modified_gmt":"2024-04-10T22:37:36","slug":"politica-de-privacidad","status":"publish","type":"page","link":"https:\/\/elnasl.eu\/fr\/politica-de-privacidad","title":{"rendered":"politique de confidentialit\u00e9"},"content":{"rendered":"<div data-elementor-type=\"wp-page\" data-elementor-id=\"491\" class=\"elementor elementor-491\" data-elementor-post-type=\"page\">\n\t\t\t\t<div class=\"elementor-element elementor-element-be195 e-con-full e-flex elementor-invisible e-con e-parent\" data-id=\"be195\" data-element_type=\"container\" data-settings=\"{&quot;background_background&quot;:&quot;classic&quot;,&quot;animation&quot;:&quot;fadeIn&quot;}\">\n\t\t\t\t<div class=\"elementor-element elementor-element-4c06dd93 elementor-widget elementor-widget-heading\" data-id=\"4c06dd93\" data-element_type=\"widget\" data-widget_type=\"heading.default\">\n\t\t\t\t<div class=\"elementor-widget-container\">\n\t\t\t\t\t<h1 class=\"elementor-heading-title elementor-size-default\">politique de confidentialit\u00e9<\/h1>\t\t\t\t<\/div>\n\t\t\t\t<\/div>\n\t\t\t\t<\/div>\n\t\t<div class=\"elementor-element elementor-element-e00850 e-flex e-con-boxed e-con e-parent\" data-id=\"e00850\" data-element_type=\"container\">\n\t\t\t\t\t<div class=\"e-con-inner\">\n\t\t\t\t<div class=\"elementor-element elementor-element-5a0fffc8 elementor-widget elementor-widget-heading\" data-id=\"5a0fffc8\" data-element_type=\"widget\" data-widget_type=\"heading.default\">\n\t\t\t\t<div class=\"elementor-widget-container\">\n\t\t\t\t\t<h2 class=\"elementor-heading-title elementor-size-default\">1.- INFORMATIONS \u00c0 L&#039;UTILISATEUR<\/h2>\t\t\t\t<\/div>\n\t\t\t\t<\/div>\n\t\t\t\t<div class=\"elementor-element elementor-element-2e7d57fd elementor-widget elementor-widget-text-editor\" data-id=\"2e7d57fd\" data-element_type=\"widget\" data-widget_type=\"text-editor.default\">\n\t\t\t\t<div class=\"elementor-widget-container\">\n\t\t\t\t\t\t\t\t\tLe site Web informe les utilisateurs de sa politique concernant le traitement et la protection des donn\u00e9es personnelles des utilisateurs et clients qui peuvent \u00eatre demand\u00e9es lors de la navigation sur son site Web. Le site Web est responsable du traitement des donn\u00e9es personnelles de l&#039;utilisateur et fournit donc les informations suivantes concernant le traitement de vos donn\u00e9es :\n\n<strong>Crit\u00e8res de conservation des donn\u00e9es<\/strong>\u00a0:Les donn\u00e9es personnelles fournies seront conserv\u00e9es jusqu&#039;\u00e0 ce que l&#039;int\u00e9ress\u00e9 demande sa suspension, en exer\u00e7ant ses droits sur les donn\u00e9es, et dans tous les cas dans le respect des d\u00e9lais de prescription l\u00e9gaux qui leur sont applicables.\n\n<strong>Droits des parties int\u00e9ress\u00e9es<\/strong>\u00a0:\n<ul>\n \t<li>Droit de retirer votre consentement \u00e0 tout moment.<\/li>\n \t<li>Droit d\u2019acc\u00e8s, de rectification, de suppression, de portabilit\u00e9 de vos donn\u00e9es et de limiter ou de vous opposer \u00e0 leur traitement, ainsi que de ne pas faire l\u2019objet de d\u00e9cisions individuelles automatis\u00e9es.<\/li>\n<\/ul>\n<strong>Coordonn\u00e9es pour exercer vos droits<\/strong>\u00a0:Vous devez vous identifier correctement et demander clairement le droit d&#039;exercice.\n<ul>\n \t<li>Web: <a href=\"https:\/\/elnasl.eu\/fr\/\">https:\/\/elnasl.eu\/<\/a><\/li>\n \t<li>Nom : ELECTROEROSIONES NAVARRA, SL<\/li>\n \t<li>Adresse : Zone industrielle, 13 CP et Ville : 31192 Aranguren (Navarre)<\/li>\n \t<li>T\u00e9l\u00e9phone : 644 355 813<\/li>\n \t<li>Mail: \u00a0<a href=\"mailto: administracion@elnasl.eu\"> administration@elnasl.eu<\/a><\/li>\n<\/ul>\t\t\t\t\t\t\t\t<\/div>\n\t\t\t\t<\/div>\n\t\t\t\t\t<\/div>\n\t\t\t\t<\/div>\n\t\t<div class=\"elementor-element elementor-element-9cf4e3b e-flex e-con-boxed e-con e-parent\" data-id=\"9cf4e3b\" data-element_type=\"container\">\n\t\t\t\t\t<div class=\"e-con-inner\">\n\t\t\t\t<div class=\"elementor-element elementor-element-3bb7b21b elementor-widget elementor-widget-heading\" data-id=\"3bb7b21b\" data-element_type=\"widget\" data-widget_type=\"heading.default\">\n\t\t\t\t<div class=\"elementor-widget-container\">\n\t\t\t\t\t<h2 class=\"elementor-heading-title elementor-size-default\">2.- INFORMATIONS FOURNIES PAR L&#039;UTILISATEUR\n<\/h2>\t\t\t\t<\/div>\n\t\t\t\t<\/div>\n\t\t\t\t<div class=\"elementor-element elementor-element-2c4768eb elementor-widget elementor-widget-text-editor\" data-id=\"2c4768eb\" data-element_type=\"widget\" data-widget_type=\"text-editor.default\">\n\t\t\t\t<div class=\"elementor-widget-container\">\n\t\t\t\t\t\t\t\t\t<p>Si vous avez moins de 18 ans, vous n&#039;\u00eates pas autoris\u00e9 \u00e0 utiliser les formulaires sur notre site Web.<\/p><p>En saisissant leurs donn\u00e9es dans les formulaires de contact ou dans les formulaires de t\u00e9l\u00e9chargement, les Utilisateurs acceptent express\u00e9ment et librement que leurs donn\u00e9es soient n\u00e9cessaires au Responsable pour traiter leur demande, et l&#039;inclusion de donn\u00e9es dans les champs restants est volontaire.<\/p><p>L&#039;Utilisateur garantit que les donn\u00e9es personnelles fournies sont v\u00e9ridiques et est responsable de communiquer toute modification.<\/p><p>Toutes les donn\u00e9es demand\u00e9es via le site Web sont n\u00e9cessaires pour fournir un service optimal \u00e0 l&#039;Utilisateur. Si toutes les donn\u00e9es ne sont pas fournies, il n\u2019y a aucune garantie que les informations et les services fournis par le Responsable du traitement seront enti\u00e8rement adapt\u00e9s \u00e0 vos besoins.<\/p>\t\t\t\t\t\t\t\t<\/div>\n\t\t\t\t<\/div>\n\t\t\t\t\t<\/div>\n\t\t\t\t<\/div>\n\t\t<div class=\"elementor-element elementor-element-542d42ed e-flex e-con-boxed e-con e-parent\" data-id=\"542d42ed\" data-element_type=\"container\">\n\t\t\t\t\t<div class=\"e-con-inner\">\n\t\t\t\t<div class=\"elementor-element elementor-element-7409bf0f elementor-widget elementor-widget-heading\" data-id=\"7409bf0f\" data-element_type=\"widget\" data-widget_type=\"heading.default\">\n\t\t\t\t<div class=\"elementor-widget-container\">\n\t\t\t\t\t<h2 class=\"elementor-heading-title elementor-size-default\">3.- MESURES DE S\u00c9CURIT\u00c9\n<\/h2>\t\t\t\t<\/div>\n\t\t\t\t<\/div>\n\t\t\t\t<div class=\"elementor-element elementor-element-503bfcd9 elementor-widget elementor-widget-text-editor\" data-id=\"503bfcd9\" data-element_type=\"widget\" data-widget_type=\"text-editor.default\">\n\t\t\t\t<div class=\"elementor-widget-container\">\n\t\t\t\t\t\t\t\t\t<p>Que conform\u00e9ment aux dispositions de la r\u00e9glementation en vigueur en mati\u00e8re de protection des donn\u00e9es personnelles, le Responsable respecte toutes les dispositions des r\u00e9glementations GDPR et LOPD pour le traitement des donn\u00e9es personnelles sous sa responsabilit\u00e9, qui sont trait\u00e9es de mani\u00e8re licite, loyale et transparente par rapport \u00e0 l&#039;int\u00e9ress\u00e9 et sont ad\u00e9quates, pertinentes et limit\u00e9es \u00e0 ce qui est n\u00e9cessaire au regard des finalit\u00e9s pour lesquelles elles sont trait\u00e9es.<\/p><p>Le Responsable garantit qu&#039;il a mis en \u0153uvre des politiques techniques et organisationnelles appropri\u00e9es pour appliquer les mesures de s\u00e9curit\u00e9 \u00e9tablies par le RGPD et la LOPD pour prot\u00e9ger les droits et libert\u00e9s des Utilisateurs et leur a communiqu\u00e9 les informations appropri\u00e9es pour qu&#039;ils puissent les exercer.<\/p>\t\t\t\t\t\t\t\t<\/div>\n\t\t\t\t<\/div>\n\t\t\t\t\t<\/div>\n\t\t\t\t<\/div>\n\t\t<div class=\"elementor-element elementor-element-630ed50e e-flex e-con-boxed e-con e-parent\" data-id=\"630ed50e\" data-element_type=\"container\">\n\t\t\t\t\t<div class=\"e-con-inner\">\n\t\t\t\t<div class=\"elementor-element elementor-element-2ba7aec3 elementor-widget elementor-widget-heading\" data-id=\"2ba7aec3\" data-element_type=\"widget\" data-widget_type=\"heading.default\">\n\t\t\t\t<div class=\"elementor-widget-container\">\n\t\t\t\t\t<h2 class=\"elementor-heading-title elementor-size-default\">4.- FAILLES DE S\u00c9CURIT\u00c9<\/h2>\t\t\t\t<\/div>\n\t\t\t\t<\/div>\n\t\t\t\t<div class=\"elementor-element elementor-element-578031c1 elementor-widget elementor-widget-text-editor\" data-id=\"578031c1\" data-element_type=\"widget\" data-widget_type=\"text-editor.default\">\n\t\t\t\t<div class=\"elementor-widget-container\">\n\t\t\t\t\t\t\t\t\t<p>Le Responsable informera toute violation de s\u00e9curit\u00e9 affectant la base de donn\u00e9es utilis\u00e9e par ce site Web, ou affectant l&#039;un de nos services tiers, \u00e0 chaque personne dont les donn\u00e9es pourraient avoir \u00e9t\u00e9 affect\u00e9es, ainsi qu&#039;aux autorit\u00e9s, dans les 72 heures suivant la d\u00e9tection de la violation.<\/p>\t\t\t\t\t\t\t\t<\/div>\n\t\t\t\t<\/div>\n\t\t\t\t\t<\/div>\n\t\t\t\t<\/div>\n\t\t<div class=\"elementor-element elementor-element-719b11e e-flex e-con-boxed e-con e-parent\" data-id=\"719b11e\" data-element_type=\"container\">\n\t\t\t\t\t<div class=\"e-con-inner\">\n\t\t\t\t<div class=\"elementor-element elementor-element-17271e59 elementor-widget elementor-widget-heading\" data-id=\"17271e59\" data-element_type=\"widget\" data-widget_type=\"heading.default\">\n\t\t\t\t<div class=\"elementor-widget-container\">\n\t\t\t\t\t<h2 class=\"elementor-heading-title elementor-size-default\">L\u00c9GISLATION APPLICABLE ET JURIDICTION\n<\/h2>\t\t\t\t<\/div>\n\t\t\t\t<\/div>\n\t\t\t\t<div class=\"elementor-element elementor-element-294fd597 elementor-widget elementor-widget-text-editor\" data-id=\"294fd597\" data-element_type=\"widget\" data-widget_type=\"text-editor.default\">\n\t\t\t\t<div class=\"elementor-widget-container\">\n\t\t\t\t\t\t\t\t\t<div id=\"inner-wrap\" class=\"wrap hfeed kt-clear\"><div id=\"primary\" class=\"content-area\"><div class=\"content-container site-container\"><main id=\"main\" class=\"site-main\" role=\"main\"><div class=\"content-wrap\"><article id=\"post-239\" class=\"entry content-bg single-entry post-239 page type-page status-publish hentry\"><div class=\"entry-content-wrap\"><div class=\"entry-content single-content\"><p>Pour la r\u00e9solution de tous les litiges ou probl\u00e8mes li\u00e9s \u00e0 ce site Web ou aux activit\u00e9s r\u00e9alis\u00e9es, la l\u00e9gislation espagnole s&#039;appliquera, \u00e0 laquelle les parties se soumettent express\u00e9ment, \u00e9tant comp\u00e9tentes pour la r\u00e9solution de tous les conflits d\u00e9riv\u00e9s ou li\u00e9s \u00e0 l&#039;utilisation des Cours et Tribunaux de Barcelone.<\/p><\/div><\/div><\/article><\/div><\/main><\/div><\/div><\/div><footer id=\"colophon\" class=\"site-footer\" role=\"contentinfo\"><div class=\"site-footer-wrap\"><div class=\"site-middle-footer-wrap site-footer-row-container site-footer-focus-item site-footer-row-layout-standard site-footer-row-tablet-layout-default site-footer-row-mobile-layout-default\" data-section=\"kadence_customizer_footer_middle\"><div class=\"site-footer-row-container-inner\"><div class=\"site-container\"><div class=\"site-middle-footer-inner-wrap site-footer-row site-footer-row-columns-4 site-footer-row-column-layout-equal site-footer-row-tablet-column-layout-two-grid site-footer-row-mobile-column-layout-row ft-ro-dir-row ft-ro-collapse-normal ft-ro-t-dir-default ft-ro-m-dir-default ft-ro-lstyle-plain\"><div class=\"site-footer-middle-section-1 site-footer-section footer-section-inner-items-1\"><div class=\"footer-widget-area widget-area site-footer-focus-item footer-widget1 content-align-left content-tablet-align-center content-mobile-align-default content-valign-top content-tablet-valign-default content-mobile-valign-default\" data-section=\"sidebar-widgets-footer1\"><div class=\"footer-widget-area-inner site-info-inner\">\u00a0<\/div><\/div><\/div><\/div><\/div><\/div><\/div><\/div><\/footer>\t\t\t\t\t\t\t\t<\/div>\n\t\t\t\t<\/div>\n\t\t\t\t\t<\/div>\n\t\t\t\t<\/div>\n\t\t\t\t<\/div>","protected":false},"excerpt":{"rendered":"<p>Politique de confidentialit\u00e9 1.- INFORMATIONS UTILISATEUR Le site web informe les utilisateurs de sa politique de traitement et de protection des donn\u00e9es personnelles des utilisateurs et clients, susceptibles de leur \u00eatre demand\u00e9es lors de leur navigation. Le site web est responsable de [\u2026]<\/p>","protected":false},"author":1,"featured_media":0,"parent":0,"menu_order":0,"comment_status":"closed","ping_status":"closed","template":"elementor_header_footer","meta":{"footnotes":""},"class_list":["post-491","page","type-page","status-publish","hentry"],"yoast_head":"<!-- This site is optimized with the Yoast SEO plugin v25.2 - https:\/\/yoast.com\/wordpress\/plugins\/seo\/ -->\n<title>Pol\u00edtica de privacidad - Electroerosiones Navarra<\/title>\n<meta name=\"robots\" content=\"index, follow, max-snippet:-1, max-image-preview:large, max-video-preview:-1\" \/>\n<link rel=\"canonical\" href=\"https:\/\/elnasl.eu\/fr\/politica-de-privacidad\/\" \/>\n<meta property=\"og:locale\" content=\"fr_FR\" \/>\n<meta property=\"og:type\" content=\"article\" \/>\n<meta property=\"og:title\" content=\"Pol\u00edtica de privacidad - Electroerosiones Navarra\" \/>\n<meta property=\"og:description\" content=\"Pol\u00edtica de privacidad 1.- INFORMACI\u00d3N AL USUARIO El sitio web informa a los usuarios del sitio web sobre su pol\u00edtica respecto al tratamiento y protecci\u00f3n de los datos de car\u00e1cter personal de los usuarios y clientes que puedan ser solicitados por la navegaci\u00f3n a trav\u00e9s de su sitio web. El sitio web es el Responsable [&hellip;]\" \/>\n<meta property=\"og:url\" content=\"https:\/\/elnasl.eu\/fr\/politica-de-privacidad\/\" \/>\n<meta property=\"og:site_name\" content=\"Electroerosiones Navarra\" \/>\n<meta property=\"article:modified_time\" content=\"2024-04-10T22:37:36+00:00\" \/>\n<meta name=\"twitter:card\" content=\"summary_large_image\" \/>\n<meta name=\"twitter:label1\" content=\"Dur\u00e9e de lecture estim\u00e9e\" \/>\n\t<meta name=\"twitter:data1\" content=\"3 minutes\" \/>\n<script type=\"application\/ld+json\" class=\"yoast-schema-graph\">{\"@context\":\"https:\/\/schema.org\",\"@graph\":[{\"@type\":\"WebPage\",\"@id\":\"https:\/\/elnasl.eu\/politica-de-privacidad\",\"url\":\"https:\/\/elnasl.eu\/politica-de-privacidad\",\"name\":\"Pol\u00edtica de privacidad - Electroerosiones Navarra\",\"isPartOf\":{\"@id\":\"https:\/\/elnasl.eu\/#website\"},\"datePublished\":\"2024-03-07T09:38:05+00:00\",\"dateModified\":\"2024-04-10T22:37:36+00:00\",\"breadcrumb\":{\"@id\":\"https:\/\/elnasl.eu\/politica-de-privacidad#breadcrumb\"},\"inLanguage\":\"fr-FR\",\"potentialAction\":[{\"@type\":\"ReadAction\",\"target\":[\"https:\/\/elnasl.eu\/politica-de-privacidad\"]}]},{\"@type\":\"BreadcrumbList\",\"@id\":\"https:\/\/elnasl.eu\/politica-de-privacidad#breadcrumb\",\"itemListElement\":[{\"@type\":\"ListItem\",\"position\":1,\"name\":\"Portada\",\"item\":\"https:\/\/elnasl.eu\/\"},{\"@type\":\"ListItem\",\"position\":2,\"name\":\"Pol\u00edtica de privacidad\"}]},{\"@type\":\"WebSite\",\"@id\":\"https:\/\/elnasl.eu\/#website\",\"url\":\"https:\/\/elnasl.eu\/\",\"name\":\"Electroerosiones Navarra\",\"description\":\"25 a\u00f1os de experiencia en mecanizados por electroerosi\u00f3n.\",\"publisher\":{\"@id\":\"https:\/\/elnasl.eu\/#organization\"},\"potentialAction\":[{\"@type\":\"SearchAction\",\"target\":{\"@type\":\"EntryPoint\",\"urlTemplate\":\"https:\/\/elnasl.eu\/?s={search_term_string}\"},\"query-input\":{\"@type\":\"PropertyValueSpecification\",\"valueRequired\":true,\"valueName\":\"search_term_string\"}}],\"inLanguage\":\"fr-FR\"},{\"@type\":\"Organization\",\"@id\":\"https:\/\/elnasl.eu\/#organization\",\"name\":\"Electroerosiones Navarra\",\"url\":\"https:\/\/elnasl.eu\/\",\"logo\":{\"@type\":\"ImageObject\",\"inLanguage\":\"fr-FR\",\"@id\":\"https:\/\/elnasl.eu\/#\/schema\/logo\/image\/\",\"url\":\"https:\/\/elnasl.eu\/wp-content\/uploads\/2024\/04\/elna-Recuperado-03-1.png\",\"contentUrl\":\"https:\/\/elnasl.eu\/wp-content\/uploads\/2024\/04\/elna-Recuperado-03-1.png\",\"width\":3997,\"height\":3171,\"caption\":\"Electroerosiones Navarra\"},\"image\":{\"@id\":\"https:\/\/elnasl.eu\/#\/schema\/logo\/image\/\"}}]}<\/script>\n<!-- \/ Yoast SEO plugin. -->","yoast_head_json":{"title":"Pol\u00edtica de privacidad - Electroerosiones Navarra","robots":{"index":"index","follow":"follow","max-snippet":"max-snippet:-1","max-image-preview":"max-image-preview:large","max-video-preview":"max-video-preview:-1"},"canonical":"https:\/\/elnasl.eu\/fr\/politica-de-privacidad\/","og_locale":"fr_FR","og_type":"article","og_title":"Pol\u00edtica de privacidad - Electroerosiones Navarra","og_description":"Pol\u00edtica de privacidad 1.- INFORMACI\u00d3N AL USUARIO El sitio web informa a los usuarios del sitio web sobre su pol\u00edtica respecto al tratamiento y protecci\u00f3n de los datos de car\u00e1cter personal de los usuarios y clientes que puedan ser solicitados por la navegaci\u00f3n a trav\u00e9s de su sitio web. El sitio web es el Responsable [&hellip;]","og_url":"https:\/\/elnasl.eu\/fr\/politica-de-privacidad\/","og_site_name":"Electroerosiones Navarra","article_modified_time":"2024-04-10T22:37:36+00:00","twitter_card":"summary_large_image","twitter_misc":{"Dur\u00e9e de lecture estim\u00e9e":"3 minutes"},"schema":{"@context":"https:\/\/schema.org","@graph":[{"@type":"WebPage","@id":"https:\/\/elnasl.eu\/politica-de-privacidad","url":"https:\/\/elnasl.eu\/politica-de-privacidad","name":"Pol\u00edtica de privacidad - Electroerosiones Navarra","isPartOf":{"@id":"https:\/\/elnasl.eu\/#website"},"datePublished":"2024-03-07T09:38:05+00:00","dateModified":"2024-04-10T22:37:36+00:00","breadcrumb":{"@id":"https:\/\/elnasl.eu\/politica-de-privacidad#breadcrumb"},"inLanguage":"fr-FR","potentialAction":[{"@type":"ReadAction","target":["https:\/\/elnasl.eu\/politica-de-privacidad"]}]},{"@type":"BreadcrumbList","@id":"https:\/\/elnasl.eu\/politica-de-privacidad#breadcrumb","itemListElement":[{"@type":"ListItem","position":1,"name":"Portada","item":"https:\/\/elnasl.eu\/"},{"@type":"ListItem","position":2,"name":"Pol\u00edtica de privacidad"}]},{"@type":"WebSite","@id":"https:\/\/elnasl.eu\/#website","url":"https:\/\/elnasl.eu\/","name":"Electroerosiones Navarra","description":"25 a\u00f1os de experiencia en mecanizados por electroerosi\u00f3n.","publisher":{"@id":"https:\/\/elnasl.eu\/#organization"},"potentialAction":[{"@type":"SearchAction","target":{"@type":"EntryPoint","urlTemplate":"https:\/\/elnasl.eu\/?s={search_term_string}"},"query-input":{"@type":"PropertyValueSpecification","valueRequired":true,"valueName":"search_term_string"}}],"inLanguage":"fr-FR"},{"@type":"Organization","@id":"https:\/\/elnasl.eu\/#organization","name":"Electroerosiones Navarra","url":"https:\/\/elnasl.eu\/","logo":{"@type":"ImageObject","inLanguage":"fr-FR","@id":"https:\/\/elnasl.eu\/#\/schema\/logo\/image\/","url":"https:\/\/elnasl.eu\/wp-content\/uploads\/2024\/04\/elna-Recuperado-03-1.png","contentUrl":"https:\/\/elnasl.eu\/wp-content\/uploads\/2024\/04\/elna-Recuperado-03-1.png","width":3997,"height":3171,"caption":"Electroerosiones Navarra"},"image":{"@id":"https:\/\/elnasl.eu\/#\/schema\/logo\/image\/"}}]}},"_links":{"self":[{"href":"https:\/\/elnasl.eu\/fr\/wp-json\/wp\/v2\/pages\/491","targetHints":{"allow":["GET"]}}],"collection":[{"href":"https:\/\/elnasl.eu\/fr\/wp-json\/wp\/v2\/pages"}],"about":[{"href":"https:\/\/elnasl.eu\/fr\/wp-json\/wp\/v2\/types\/page"}],"author":[{"embeddable":true,"href":"https:\/\/elnasl.eu\/fr\/wp-json\/wp\/v2\/users\/1"}],"replies":[{"embeddable":true,"href":"https:\/\/elnasl.eu\/fr\/wp-json\/wp\/v2\/comments?post=491"}],"version-history":[{"count":9,"href":"https:\/\/elnasl.eu\/fr\/wp-json\/wp\/v2\/pages\/491\/revisions"}],"predecessor-version":[{"id":2036,"href":"https:\/\/elnasl.eu\/fr\/wp-json\/wp\/v2\/pages\/491\/revisions\/2036"}],"wp:attachment":[{"href":"https:\/\/elnasl.eu\/fr\/wp-json\/wp\/v2\/media?parent=491"}],"curies":[{"name":"wp","href":"https:\/\/api.w.org\/{rel}","templated":true}]}}